{"id":984,"date":"2020-11-05T11:29:44","date_gmt":"2020-11-05T10:29:44","guid":{"rendered":"https:\/\/www.zeus-braun.sk\/?post_type=product&#038;p=984"},"modified":"2025-12-31T19:18:52","modified_gmt":"2025-12-31T18:18:52","slug":"hobliny-biele-2","status":"publish","type":"product","link":"https:\/\/www.zeus-braun.sk\/index.php\/produkt\/hobliny-biele-2\/","title":{"rendered":"Hobliny biele velk\u00e9 Spring 2,5kg"},"content":{"rendered":"<p>Na\u0161e hobliny z bielej \u010dokol\u00e1dy s\u00fa jemne valcovan\u00e9 \u010dokol\u00e1dy s chrumkavou text\u00farou a nepravideln\u00fdm, ru\u010dne vyr\u00e1ban\u00fdm vzh\u013eadom.<\/p>\n<p>Pou\u017eite ich ako dekor\u00e1ciu na dodanie \u010dokol\u00e1dov\u00e9ho p\u00f4\u017eitku a na zv\u00fd\u0161enie pr\u00ed\u0165a\u017elivosti v\u0161etk\u00fdch svojich pek\u00e1rskych, zmrzlinov\u00fdch, mlie\u010dnych alebo cukr\u00e1rskych v\u00fdrobkov.<\/p>\n<p><b>Podmienky skladovania<\/b><\/p>\n<p>Produkt skladujte v \u010distom a suchom prostred\u00ed (relat\u00edvna vlhkos\u0165 vzduchu max. 70%) a bez z\u00e1pachu.<\/p>\n<p>Skladovacia teplota: 12 &#8211; 20\u00b0C<\/p>\n<p>Spotreba 02.10.2025<\/p>\n","protected":false},"excerpt":{"rendered":"<p><span style=\"color: #3b4a4b;font-family: Montserrat, Trebuchet MS, Helvetica, sans-serif\">Ru\u010dne roben\u00e9 k\u00fasky z bielej belgickej \u010dokol\u00e1dy, vhodn\u00e9 na zdobenie dezertov.<\/span><\/p>\n<p><b><span style=\"font-family: Arial\">Balenie: 2,5kg\u00a0<\/span><\/b><\/p>\n<p>&nbsp;<\/p>\n","protected":false},"featured_media":11195,"comment_status":"closed","ping_status":"closed","template":"","meta":[],"product_brand":[],"product_cat":[240,34,55,56,58],"product_tag":[134],"class_list":{"0":"post-984","1":"product","2":"type-product","3":"status-publish","4":"has-post-thumbnail","6":"product_cat-240","7":"product_cat-akcie","8":"product_cat-posypy-a-dekoracie","9":"product_cat-hobliny","10":"product_cat-posypy","11":"product_tag-mona-lisa","12":"has-post-title","13":"has-post-date","14":"has-post-category","15":"has-post-tag","16":"has-post-comment","17":"has-post-author","18":"","20":"first","21":"outofstock","22":"sale","23":"taxable","24":"shipping-taxable","25":"purchasable","26":"product-type-simple"},"jetpack_sharing_enabled":true,"builder_content":"","_links":{"self":[{"href":"https:\/\/www.zeus-braun.sk\/index.php\/wp-json\/wp\/v2\/product\/984","targetHints":{"allow":["GET"]}}],"collection":[{"href":"https:\/\/www.zeus-braun.sk\/index.php\/wp-json\/wp\/v2\/product"}],"about":[{"href":"https:\/\/www.zeus-braun.sk\/index.php\/wp-json\/wp\/v2\/types\/product"}],"replies":[{"embeddable":true,"href":"https:\/\/www.zeus-braun.sk\/index.php\/wp-json\/wp\/v2\/comments?post=984"}],"wp:featuredmedia":[{"embeddable":true,"href":"https:\/\/www.zeus-braun.sk\/index.php\/wp-json\/wp\/v2\/media\/11195"}],"wp:attachment":[{"href":"https:\/\/www.zeus-braun.sk\/index.php\/wp-json\/wp\/v2\/media?parent=984"}],"wp:term":[{"taxonomy":"product_brand","embeddable":true,"href":"https:\/\/www.zeus-braun.sk\/index.php\/wp-json\/wp\/v2\/product_brand?post=984"},{"taxonomy":"product_cat","embeddable":true,"href":"https:\/\/www.zeus-braun.sk\/index.php\/wp-json\/wp\/v2\/product_cat?post=984"},{"taxonomy":"product_tag","embeddable":true,"href":"https:\/\/www.zeus-braun.sk\/index.php\/wp-json\/wp\/v2\/product_tag?post=984"}],"curies":[{"name":"wp","href":"https:\/\/api.w.org\/{rel}","templated":true}]}}