{"id":9794,"date":"2021-12-21T12:35:23","date_gmt":"2021-12-21T11:35:23","guid":{"rendered":"https:\/\/www.zeus-braun.sk\/index.php\/produkt\/alu-kosicky-100ks\/"},"modified":"2026-04-30T14:03:22","modified_gmt":"2026-04-30T12:03:22","slug":"alu-kosicky-100ks","status":"publish","type":"product","link":"https:\/\/www.zeus-braun.sk\/index.php\/produkt\/alu-kosicky-100ks\/","title":{"rendered":"Alu ko\u0161\u00ed\u010dky na pe\u010denie (100ks)"},"content":{"rendered":"<p>Alum\u00edniov\u00e9 ko\u0161\u00ed\u010dky vhodn\u00e9 na zapekanie dezertov, slan\u00fdch jed\u00e1l a pr\u00edloh.<\/p>\n<p>Rozmery:<\/p>\n<p>priemer vrchn\u00fd okraj 8 cm<\/p>\n<p>dno 5,3 cm<\/p>\n<p>v\u00fd\u0161ka 3,4 cm<\/p>\n<!--themify_builder_content-->\n<div id=\"themify_builder_content-9794\" data-postid=\"9794\" class=\"themify_builder_content themify_builder_content-9794 themify_builder tf_clear\">\n    <\/div>\n<!--\/themify_builder_content-->\n","protected":false},"excerpt":{"rendered":"<p>Alum\u00edniov\u00e9 ko\u0161\u00ed\u010dky vhodn\u00e9 na zapekanie dezertov, slan\u00fdch jed\u00e1l a pr\u00edloh.<\/p>\n<p><strong>Balenie:100ks<\/strong><\/p>\n","protected":false},"featured_media":10812,"comment_status":"open","ping_status":"closed","template":"","meta":[],"product_brand":[],"product_cat":[240,224,236,96],"product_tag":[],"class_list":{"0":"post-9794","1":"product","2":"type-product","3":"status-publish","4":"has-post-thumbnail","6":"product_cat-240","7":"product_cat-frontpage","8":"product_cat-pomocky-na-cokoladu","9":"product_cat-kosicky","10":"has-post-title","11":"has-post-date","12":"has-post-category","13":"has-post-tag","14":"has-post-comment","15":"has-post-author","16":"","18":"first","19":"instock","20":"taxable","21":"shipping-taxable","22":"purchasable","23":"product-type-simple"},"jetpack_sharing_enabled":true,"builder_content":"","_links":{"self":[{"href":"https:\/\/www.zeus-braun.sk\/index.php\/wp-json\/wp\/v2\/product\/9794","targetHints":{"allow":["GET"]}}],"collection":[{"href":"https:\/\/www.zeus-braun.sk\/index.php\/wp-json\/wp\/v2\/product"}],"about":[{"href":"https:\/\/www.zeus-braun.sk\/index.php\/wp-json\/wp\/v2\/types\/product"}],"replies":[{"embeddable":true,"href":"https:\/\/www.zeus-braun.sk\/index.php\/wp-json\/wp\/v2\/comments?post=9794"}],"wp:featuredmedia":[{"embeddable":true,"href":"https:\/\/www.zeus-braun.sk\/index.php\/wp-json\/wp\/v2\/media\/10812"}],"wp:attachment":[{"href":"https:\/\/www.zeus-braun.sk\/index.php\/wp-json\/wp\/v2\/media?parent=9794"}],"wp:term":[{"taxonomy":"product_brand","embeddable":true,"href":"https:\/\/www.zeus-braun.sk\/index.php\/wp-json\/wp\/v2\/product_brand?post=9794"},{"taxonomy":"product_cat","embeddable":true,"href":"https:\/\/www.zeus-braun.sk\/index.php\/wp-json\/wp\/v2\/product_cat?post=9794"},{"taxonomy":"product_tag","embeddable":true,"href":"https:\/\/www.zeus-braun.sk\/index.php\/wp-json\/wp\/v2\/product_tag?post=9794"}],"curies":[{"name":"wp","href":"https:\/\/api.w.org\/{rel}","templated":true}]}}