{"id":9624,"date":"2022-03-17T10:47:58","date_gmt":"2022-03-17T09:47:58","guid":{"rendered":"https:\/\/www.zeus-braun.sk\/?post_type=product&#038;p=9624"},"modified":"2026-04-15T11:03:43","modified_gmt":"2026-04-15T09:03:43","slug":"frio-vanilkovy-krem-5kg","status":"publish","type":"product","link":"https:\/\/www.zeus-braun.sk\/index.php\/produkt\/frio-vanilkovy-krem-5kg\/","title":{"rendered":"Frio- vanilkov\u00fd kr\u00e9m 5kg"},"content":{"rendered":"<p><b>Z\u00e1kladn\u00fd recept:<\/b><\/p>\n<p>350-400 g FRIO<\/p>\n<p>1000 g voda<\/p>\n<p>3-5 min \u0161\u013eaha\u0165 pri vysokej r\u00fdchlosti<\/p>\n<p><span style=\"color: #19212b; font-family: Open Sans, Helvetica, Arial, sans-serif;\"><b>Podmienky skladovania:<\/b><\/span><\/p>\n<p><span style=\"color: #19212b; font-family: Open Sans, Helvetica, Arial, sans-serif;\">skladova\u0165 do max. 20 \u00b0 C v suchom, uzavretom priestore, v p\u00f4vodnom obale, chr\u00e1\u0148te pred mrazom a priamym slne\u010dn\u00fdm svetlom.<\/span><\/p>\n","protected":false},"excerpt":{"rendered":"<p>Jemn\u00fd kr\u00e9mov\u00fd pudingov\u00fd pr\u00e1\u0161ok s vanilkovou pr\u00edchu\u0165ou na plnenie kr\u00e9mov\u00fdch dezertov.<\/p>\n<p>Pou\u017eitie na plnenie toriet, listkov\u00e9ho, pudingov\u00e9ho a d\u00e1nskeho pe\u010diva a z\u00e1kuskov.<\/p>\n<p><b>Balenie : 5 kg<\/b><\/p>\n","protected":false},"featured_media":11288,"comment_status":"closed","ping_status":"closed","template":"","meta":[],"product_brand":[],"product_cat":[239,183,43,49],"product_tag":[33],"class_list":{"0":"post-9624","1":"product","2":"type-product","3":"status-publish","4":"has-post-thumbnail","6":"product_cat-239","7":"product_cat-pre-cukrarov","8":"product_cat-kremy-a-plnky","9":"product_cat-hotove-kremy","10":"product_tag-martin-braun-kg","11":"has-post-title","12":"has-post-date","13":"has-post-category","14":"has-post-tag","15":"has-post-comment","16":"has-post-author","17":"","19":"first","20":"outofstock","21":"taxable","22":"shipping-taxable","23":"purchasable","24":"product-type-simple"},"jetpack_sharing_enabled":true,"builder_content":"","_links":{"self":[{"href":"https:\/\/www.zeus-braun.sk\/index.php\/wp-json\/wp\/v2\/product\/9624","targetHints":{"allow":["GET"]}}],"collection":[{"href":"https:\/\/www.zeus-braun.sk\/index.php\/wp-json\/wp\/v2\/product"}],"about":[{"href":"https:\/\/www.zeus-braun.sk\/index.php\/wp-json\/wp\/v2\/types\/product"}],"replies":[{"embeddable":true,"href":"https:\/\/www.zeus-braun.sk\/index.php\/wp-json\/wp\/v2\/comments?post=9624"}],"wp:featuredmedia":[{"embeddable":true,"href":"https:\/\/www.zeus-braun.sk\/index.php\/wp-json\/wp\/v2\/media\/11288"}],"wp:attachment":[{"href":"https:\/\/www.zeus-braun.sk\/index.php\/wp-json\/wp\/v2\/media?parent=9624"}],"wp:term":[{"taxonomy":"product_brand","embeddable":true,"href":"https:\/\/www.zeus-braun.sk\/index.php\/wp-json\/wp\/v2\/product_brand?post=9624"},{"taxonomy":"product_cat","embeddable":true,"href":"https:\/\/www.zeus-braun.sk\/index.php\/wp-json\/wp\/v2\/product_cat?post=9624"},{"taxonomy":"product_tag","embeddable":true,"href":"https:\/\/www.zeus-braun.sk\/index.php\/wp-json\/wp\/v2\/product_tag?post=9624"}],"curies":[{"name":"wp","href":"https:\/\/api.w.org\/{rel}","templated":true}]}}