{"id":905,"date":"2020-10-28T11:23:55","date_gmt":"2020-10-28T10:23:55","guid":{"rendered":"https:\/\/www.zeus-braun.sk\/?post_type=product&#038;p=905"},"modified":"2026-04-24T14:09:02","modified_gmt":"2026-04-24T12:09:02","slug":"forma-na-pralinky-1530","status":"publish","type":"product","link":"https:\/\/www.zeus-braun.sk\/index.php\/produkt\/forma-na-pralinky-1530\/","title":{"rendered":"Forma na bonb\u00f3ny transparentne1ks 1530"},"content":{"rendered":"<p>Vysokokvalitn\u00fd priemyseln\u00fd polykarbon\u00e1t, ve\u013emi odoln\u00fd proti n\u00e1razom, netrie\u0161ti sa a vydr\u017e\u00ed stovky pou\u017eit\u00ed. Najvhodnej\u0161\u00ed materi\u00e1l na formy pre pr\u00e1cu s \u010dokol\u00e1dou. Pri spr\u00e1vnej kry\u0161taliz\u00e1cii \u010dokol\u00e1dy sa \u0161krupinky kr\u00e1sne sam\u00e9 vyklopia.<\/p>\n<p>Rozmer formy: 275 x 135 x 24 mm<\/p>\n<p>Rozmer jednej pralinky: 28 x 28 x 19 mm<\/p>\n<p>Hmotnos\u0165 jednej pralinky: 11 g<\/p>\n","protected":false},"excerpt":{"rendered":"<p>Forma na \u010dokol\u00e1dov\u00e9 pralinky.<\/p>\n<p><strong>Balenie: 1 forma<\/strong><\/p>\n<p>3 x 8 ks na jednej forme<\/p>\n","protected":false},"featured_media":11498,"comment_status":"open","ping_status":"closed","template":"","meta":[],"product_brand":[],"product_cat":[240,186,34,119,121],"product_tag":[],"class_list":{"0":"post-905","1":"product","2":"type-product","3":"status-publish","4":"has-post-thumbnail","6":"product_cat-240","7":"product_cat-formy-na-pralinky","8":"product_cat-akcie","9":"product_cat-formy","10":"product_cat-na-pralinky","11":"has-post-title","12":"has-post-date","13":"has-post-category","14":"has-post-tag","15":"has-post-comment","16":"has-post-author","17":"","19":"first","20":"outofstock","21":"sale","22":"taxable","23":"shipping-taxable","24":"purchasable","25":"product-type-simple"},"jetpack_sharing_enabled":true,"builder_content":"","_links":{"self":[{"href":"https:\/\/www.zeus-braun.sk\/index.php\/wp-json\/wp\/v2\/product\/905","targetHints":{"allow":["GET"]}}],"collection":[{"href":"https:\/\/www.zeus-braun.sk\/index.php\/wp-json\/wp\/v2\/product"}],"about":[{"href":"https:\/\/www.zeus-braun.sk\/index.php\/wp-json\/wp\/v2\/types\/product"}],"replies":[{"embeddable":true,"href":"https:\/\/www.zeus-braun.sk\/index.php\/wp-json\/wp\/v2\/comments?post=905"}],"wp:featuredmedia":[{"embeddable":true,"href":"https:\/\/www.zeus-braun.sk\/index.php\/wp-json\/wp\/v2\/media\/11498"}],"wp:attachment":[{"href":"https:\/\/www.zeus-braun.sk\/index.php\/wp-json\/wp\/v2\/media?parent=905"}],"wp:term":[{"taxonomy":"product_brand","embeddable":true,"href":"https:\/\/www.zeus-braun.sk\/index.php\/wp-json\/wp\/v2\/product_brand?post=905"},{"taxonomy":"product_cat","embeddable":true,"href":"https:\/\/www.zeus-braun.sk\/index.php\/wp-json\/wp\/v2\/product_cat?post=905"},{"taxonomy":"product_tag","embeddable":true,"href":"https:\/\/www.zeus-braun.sk\/index.php\/wp-json\/wp\/v2\/product_tag?post=905"}],"curies":[{"name":"wp","href":"https:\/\/api.w.org\/{rel}","templated":true}]}}