{"id":891,"date":"2020-10-27T15:08:02","date_gmt":"2020-10-27T14:08:02","guid":{"rendered":"https:\/\/www.zeus-braun.sk\/?post_type=product&#038;p=891"},"modified":"2026-04-24T14:05:14","modified_gmt":"2026-04-24T12:05:14","slug":"callets-sensation-mramorove-perly-2-5kg","status":"publish","type":"product","link":"https:\/\/www.zeus-braun.sk\/index.php\/produkt\/callets-sensation-mramorove-perly-2-5kg\/","title":{"rendered":"\u010cokol\u00e1dov\u00e9 mel\u00edrovan\u00e9 perly Calets 2,5kg"},"content":{"rendered":"<p><strong>Perli\u010dky zo 100% \u010dokol\u00e1dy s v\u00fdnimo\u010dne vysok\u00fdm leskom.<\/strong><br \/>\nVezmite \u010dokol\u00e1dy Finest Belgian Dark a White Chocolate Callebaut\u00ae, zmie\u0161ajte ich a starostlivo spracov\u00e1vajte v meden\u00fdch mlec\u00edch bubnoch na n\u00e1dhern\u00e9 mramorov\u00e9 perli\u010dky s rozko\u0161n\u00fdm leskom.\u00a0O tom s\u00fa perli\u010dky Callets \u2122 Sensation.\u00a0Prin\u00e1\u0161a vynikaj\u00facu chu\u0165, vysok\u00fd lesk, dosiahnut\u00fd \u00faplne prirodzene bez pou\u017eitia pr\u00edpravkov na zvy\u0161ovanie lesku, a elegantn\u00fd vzh\u013ead.<br \/>\nCallets \u2122 Sensation s\u00fa dokonal\u00e9 na dokon\u010dovanie Va\u0161ich z\u00e1kuskov a dezertov, alebo ako hotov\u00e9 cukrovinky. Serv\u00edrujte ich k n\u00e1pojom alebo prebalen\u00e9 do va\u0161ich vlastn\u00fdch obalov. Kto by mohol odola\u0165?<\/p>\n<div><\/div>\n<div>\n<div><b>Podmienky skladovania<\/b><\/div>\n<div>Produkt skladujte v \u010distom a suchom prostred\u00ed (relat\u00edvna vlhkos\u0165 vzduchu max. 70%) a bez z\u00e1pachu.<\/div>\n<div>Skladovacia teplota: 12 &#8211; 20\u00b0C<\/div>\n<\/div>\n","protected":false},"excerpt":{"rendered":"<div class=\"product-tastedescription\">\n<div class=\"product-tastedescription-value\">\n<p>Leskl\u00e9 perli\u010dky zo zmesi tmavej a bielej \u010dokol\u00e1dy.<\/p>\n<\/div>\n<\/div>\n<p><b><span style=\"font-family: Arial\">Balenie: 1 x 2,5kg \u010dokol\u00e1dov\u00e9 perly<\/span><\/b><\/p>\n<p>(BOX:4&#215;2,5kg)<\/p>\n<p>&nbsp;<\/p>\n","protected":false},"featured_media":11373,"comment_status":"closed","ping_status":"closed","template":"","meta":[],"product_brand":[],"product_cat":[240,59,60,164],"product_tag":[57],"class_list":{"0":"post-891","1":"product","2":"type-product","3":"status-publish","4":"has-post-thumbnail","6":"product_cat-240","7":"product_cat-cokolada-callebaut","8":"product_cat-2-5kg-balenie","9":"product_cat-cokolada_ku_kave","10":"product_tag-barry-callebaut","11":"has-post-title","12":"has-post-date","13":"has-post-category","14":"has-post-tag","15":"has-post-comment","16":"has-post-author","17":"","19":"first","20":"outofstock","21":"taxable","22":"shipping-taxable","23":"purchasable","24":"product-type-simple"},"jetpack_sharing_enabled":true,"builder_content":"","_links":{"self":[{"href":"https:\/\/www.zeus-braun.sk\/index.php\/wp-json\/wp\/v2\/product\/891","targetHints":{"allow":["GET"]}}],"collection":[{"href":"https:\/\/www.zeus-braun.sk\/index.php\/wp-json\/wp\/v2\/product"}],"about":[{"href":"https:\/\/www.zeus-braun.sk\/index.php\/wp-json\/wp\/v2\/types\/product"}],"replies":[{"embeddable":true,"href":"https:\/\/www.zeus-braun.sk\/index.php\/wp-json\/wp\/v2\/comments?post=891"}],"wp:featuredmedia":[{"embeddable":true,"href":"https:\/\/www.zeus-braun.sk\/index.php\/wp-json\/wp\/v2\/media\/11373"}],"wp:attachment":[{"href":"https:\/\/www.zeus-braun.sk\/index.php\/wp-json\/wp\/v2\/media?parent=891"}],"wp:term":[{"taxonomy":"product_brand","embeddable":true,"href":"https:\/\/www.zeus-braun.sk\/index.php\/wp-json\/wp\/v2\/product_brand?post=891"},{"taxonomy":"product_cat","embeddable":true,"href":"https:\/\/www.zeus-braun.sk\/index.php\/wp-json\/wp\/v2\/product_cat?post=891"},{"taxonomy":"product_tag","embeddable":true,"href":"https:\/\/www.zeus-braun.sk\/index.php\/wp-json\/wp\/v2\/product_tag?post=891"}],"curies":[{"name":"wp","href":"https:\/\/api.w.org\/{rel}","templated":true}]}}