{"id":889,"date":"2020-10-27T13:21:41","date_gmt":"2020-10-27T12:21:41","guid":{"rendered":"https:\/\/www.zeus-braun.sk\/?post_type=product&#038;p=889"},"modified":"2026-01-14T09:48:03","modified_gmt":"2026-01-14T08:48:03","slug":"bisquick-100plus-5kg","status":"publish","type":"product","link":"https:\/\/www.zeus-braun.sk\/index.php\/produkt\/bisquick-100plus-5kg\/","title":{"rendered":"Bisquisit 100plus 5kg"},"content":{"rendered":"<p><b>Z\u00e1kladn\u00fd recept:\u00a0<\/b><\/p>\n<p>1000g Bisquick 100 plus<\/p>\n<p>600g vajcia<\/p>\n<p>200g voda<\/p>\n<p>V\u0161etky ingrediencie mie\u0161ajte na r\u00fdchlych ot\u00e1\u010dkach cca 6 min. Piec\u0165 pri 200\u00b0C cca 25 a\u017e 30 min.<\/p>\n<p>Pozn\u00e1mka: tieto inform\u00e1cie sl\u00fa\u017eia len ako pom\u00f4cka, v\u0161etko z\u00e1vis\u00ed od mno\u017estva a tie\u017e typu pr\u00edstroja ktor\u00fd pou\u017e\u00edvate.<\/p>\n<p><span style=\"color: #404040;font-family: sans-serif\"><b>Podmienky skladovania:<\/b><\/span><\/p>\n<p><span style=\"color: #404040;font-family: sans-serif\">skladova\u0165 do max. 20 \u00b0 C v suchom, uzavretom priestore, v p\u00f4vodnom obale, chr\u00e1\u0148te pred mrazom a priamym slne\u010dn\u00fdm svetlom.<\/span><\/p>\n","protected":false},"excerpt":{"rendered":"<p>Pr\u00e1\u0161kov\u00e1 zmes na pe\u010denie jemn\u00e9ho pe\u010diva, vhodn\u00e9 na v\u00fdrobu korpusov, su\u0161ienok, viedensk\u00fdch, orechov\u00fdch a \u010dokol\u00e1dov\u00fdch su\u0161ienok.<\/p>\n<p><b>Balenie: 5 kg<\/b><\/p>\n","protected":false},"featured_media":11316,"comment_status":"closed","ping_status":"closed","template":"","meta":[],"product_brand":[],"product_cat":[240,183,31],"product_tag":[33],"class_list":{"0":"post-889","1":"product","2":"type-product","3":"status-publish","4":"has-post-thumbnail","6":"product_cat-240","7":"product_cat-pre-cukrarov","8":"product_cat-zmesi-na-pecenie","9":"product_tag-martin-braun-kg","10":"has-post-title","11":"has-post-date","12":"has-post-category","13":"has-post-tag","14":"has-post-comment","15":"has-post-author","16":"","18":"first","19":"instock","20":"taxable","21":"shipping-taxable","22":"purchasable","23":"product-type-simple"},"jetpack_sharing_enabled":true,"builder_content":"","_links":{"self":[{"href":"https:\/\/www.zeus-braun.sk\/index.php\/wp-json\/wp\/v2\/product\/889","targetHints":{"allow":["GET"]}}],"collection":[{"href":"https:\/\/www.zeus-braun.sk\/index.php\/wp-json\/wp\/v2\/product"}],"about":[{"href":"https:\/\/www.zeus-braun.sk\/index.php\/wp-json\/wp\/v2\/types\/product"}],"replies":[{"embeddable":true,"href":"https:\/\/www.zeus-braun.sk\/index.php\/wp-json\/wp\/v2\/comments?post=889"}],"wp:featuredmedia":[{"embeddable":true,"href":"https:\/\/www.zeus-braun.sk\/index.php\/wp-json\/wp\/v2\/media\/11316"}],"wp:attachment":[{"href":"https:\/\/www.zeus-braun.sk\/index.php\/wp-json\/wp\/v2\/media?parent=889"}],"wp:term":[{"taxonomy":"product_brand","embeddable":true,"href":"https:\/\/www.zeus-braun.sk\/index.php\/wp-json\/wp\/v2\/product_brand?post=889"},{"taxonomy":"product_cat","embeddable":true,"href":"https:\/\/www.zeus-braun.sk\/index.php\/wp-json\/wp\/v2\/product_cat?post=889"},{"taxonomy":"product_tag","embeddable":true,"href":"https:\/\/www.zeus-braun.sk\/index.php\/wp-json\/wp\/v2\/product_tag?post=889"}],"curies":[{"name":"wp","href":"https:\/\/api.w.org\/{rel}","templated":true}]}}