{"id":888,"date":"2020-10-26T11:53:59","date_gmt":"2020-10-26T10:53:59","guid":{"rendered":"https:\/\/www.zeus-braun.sk\/?post_type=product&#038;p=888"},"modified":"2026-04-24T14:06:56","modified_gmt":"2026-04-24T12:06:56","slug":"posyp-marcipanovy-bronzovy","status":"publish","type":"product","link":"https:\/\/www.zeus-braun.sk\/index.php\/produkt\/posyp-marcipanovy-bronzovy\/","title":{"rendered":"IBC posyp marcip\u00e1n chrumkav\u00fd bronzov\u00fd 350g"},"content":{"rendered":"<p>Trblietav\u00e9 bronzov\u00e9 k\u00fasky chrumkav\u00fdch marcip\u00e1nov\u00fdch gran\u00fal.<\/p>\n<p>Tip na Vianoce a na Ve\u013ek\u00fa noc.<\/p>\n<p><strong>Podmienky skladovania:\u00a0<\/strong>Skladujte dobre uzatvoren\u00e9 v origin\u00e1lnom obale. Na \u010distom, suchom (vlhkos\u0165 max. 70%) mieste bez z\u00e1pachu. Zamedzte kontaktu so vzduchom a svetlom. Teplota skladovania 12-20\u00b0C.<\/p>\n","protected":false},"excerpt":{"rendered":"<p>Posyp na torty a dezerty.<\/p>\n<p><strong>Balenie: 350 g<\/strong><\/p>\n","protected":false},"featured_media":14548,"comment_status":"open","ping_status":"closed","template":"","meta":[],"product_brand":[],"product_cat":[240,55,58],"product_tag":[95],"class_list":{"0":"post-888","1":"product","2":"type-product","3":"status-publish","4":"has-post-thumbnail","6":"product_cat-240","7":"product_cat-posypy-a-dekoracie","8":"product_cat-posypy","9":"product_tag-ibc-belgium","10":"has-post-title","11":"has-post-date","12":"has-post-category","13":"has-post-tag","14":"has-post-comment","15":"has-post-author","16":"","18":"first","19":"outofstock","20":"taxable","21":"shipping-taxable","22":"purchasable","23":"product-type-simple"},"jetpack_sharing_enabled":true,"builder_content":"","_links":{"self":[{"href":"https:\/\/www.zeus-braun.sk\/index.php\/wp-json\/wp\/v2\/product\/888","targetHints":{"allow":["GET"]}}],"collection":[{"href":"https:\/\/www.zeus-braun.sk\/index.php\/wp-json\/wp\/v2\/product"}],"about":[{"href":"https:\/\/www.zeus-braun.sk\/index.php\/wp-json\/wp\/v2\/types\/product"}],"replies":[{"embeddable":true,"href":"https:\/\/www.zeus-braun.sk\/index.php\/wp-json\/wp\/v2\/comments?post=888"}],"wp:featuredmedia":[{"embeddable":true,"href":"https:\/\/www.zeus-braun.sk\/index.php\/wp-json\/wp\/v2\/media\/14548"}],"wp:attachment":[{"href":"https:\/\/www.zeus-braun.sk\/index.php\/wp-json\/wp\/v2\/media?parent=888"}],"wp:term":[{"taxonomy":"product_brand","embeddable":true,"href":"https:\/\/www.zeus-braun.sk\/index.php\/wp-json\/wp\/v2\/product_brand?post=888"},{"taxonomy":"product_cat","embeddable":true,"href":"https:\/\/www.zeus-braun.sk\/index.php\/wp-json\/wp\/v2\/product_cat?post=888"},{"taxonomy":"product_tag","embeddable":true,"href":"https:\/\/www.zeus-braun.sk\/index.php\/wp-json\/wp\/v2\/product_tag?post=888"}],"curies":[{"name":"wp","href":"https:\/\/api.w.org\/{rel}","templated":true}]}}