{"id":887,"date":"2020-10-26T11:53:52","date_gmt":"2020-10-26T10:53:52","guid":{"rendered":"https:\/\/www.zeus-braun.sk\/?post_type=product&#038;p=887"},"modified":"2026-04-25T19:51:28","modified_gmt":"2026-04-25T17:51:28","slug":"posyp-biele-pusinky","status":"publish","type":"product","link":"https:\/\/www.zeus-braun.sk\/index.php\/produkt\/posyp-biele-pusinky\/","title":{"rendered":"Posyp biele pusinky 350g"},"content":{"rendered":"<p>Vyroben\u00e9 z \u010dist\u00fdch jemn\u00fdch surov\u00edn &#8211; \u017eiadne vajcia, pusinky zost\u00e1vaj\u00fa dlh\u0161ie chrumkavej\u0161ie.<\/p>\n","protected":false},"excerpt":{"rendered":"<p>Posyp na torty a dezerty.<\/p>\n<p><strong>Balenie: 350 g<\/strong><\/p>\n","protected":false},"featured_media":11144,"comment_status":"open","ping_status":"closed","template":"","meta":[],"product_brand":[],"product_cat":[240,55,58],"product_tag":[134],"class_list":{"0":"post-887","1":"product","2":"type-product","3":"status-publish","4":"has-post-thumbnail","6":"product_cat-240","7":"product_cat-posypy-a-dekoracie","8":"product_cat-posypy","9":"product_tag-mona-lisa","10":"has-post-title","11":"has-post-date","12":"has-post-category","13":"has-post-tag","14":"has-post-comment","15":"has-post-author","16":"","18":"first","19":"outofstock","20":"taxable","21":"shipping-taxable","22":"purchasable","23":"product-type-simple"},"jetpack_sharing_enabled":true,"builder_content":"","_links":{"self":[{"href":"https:\/\/www.zeus-braun.sk\/index.php\/wp-json\/wp\/v2\/product\/887","targetHints":{"allow":["GET"]}}],"collection":[{"href":"https:\/\/www.zeus-braun.sk\/index.php\/wp-json\/wp\/v2\/product"}],"about":[{"href":"https:\/\/www.zeus-braun.sk\/index.php\/wp-json\/wp\/v2\/types\/product"}],"replies":[{"embeddable":true,"href":"https:\/\/www.zeus-braun.sk\/index.php\/wp-json\/wp\/v2\/comments?post=887"}],"wp:featuredmedia":[{"embeddable":true,"href":"https:\/\/www.zeus-braun.sk\/index.php\/wp-json\/wp\/v2\/media\/11144"}],"wp:attachment":[{"href":"https:\/\/www.zeus-braun.sk\/index.php\/wp-json\/wp\/v2\/media?parent=887"}],"wp:term":[{"taxonomy":"product_brand","embeddable":true,"href":"https:\/\/www.zeus-braun.sk\/index.php\/wp-json\/wp\/v2\/product_brand?post=887"},{"taxonomy":"product_cat","embeddable":true,"href":"https:\/\/www.zeus-braun.sk\/index.php\/wp-json\/wp\/v2\/product_cat?post=887"},{"taxonomy":"product_tag","embeddable":true,"href":"https:\/\/www.zeus-braun.sk\/index.php\/wp-json\/wp\/v2\/product_tag?post=887"}],"curies":[{"name":"wp","href":"https:\/\/api.w.org\/{rel}","templated":true}]}}