{"id":886,"date":"2020-10-26T11:22:14","date_gmt":"2020-10-26T10:22:14","guid":{"rendered":"https:\/\/www.zeus-braun.sk\/?post_type=product&#038;p=886"},"modified":"2026-04-24T14:06:36","modified_gmt":"2026-04-24T12:06:36","slug":"pasta-pure-pistacia","status":"publish","type":"product","link":"https:\/\/www.zeus-braun.sk\/index.php\/produkt\/pasta-pure-pistacia\/","title":{"rendered":"Pasta Pure Pist\u00e1cia 1kg"},"content":{"rendered":"<p>Pure Pistachio Paste je 100% \u010dist\u00e1, pr\u00edrodn\u00e1 a neprisladzovan\u00e1 pasta vyroben\u00e1 z \u013eahko pra\u017een\u00fdch a jemne mlet\u00fdch pist\u00e1ci\u00ed. M\u00e1 s\u00fdto zelen\u00fa farbu a ovocn\u00fa chu\u0165 s pra\u017een\u00fdmi n\u00e1znaky.\u00a0Pure Pistachio Paste je vynikaj\u00facim z\u00e1kladom pre dochucovanie ganache, dom\u00e1cich praliniek, n\u00e1pl\u0148ou cukroviniek, kr\u00e9mov do kol\u00e1\u010dov, zmrzl\u00edn a om\u00e1\u010dok.<strong><br \/>\n<\/strong><\/p>\n<p><strong>100% pist\u00e1cie v hladkej, homog\u00e9nnej paste.<\/strong><br \/>\nStarostlivo vybran\u00e9 najlep\u0161ie plody zo sadov na celom svete; spolo\u010dnos\u0165 Callebaut\u00ae ru\u010d\u00ed za pou\u017eitie iba prvotriednych pist\u00e1ciov\u00fdch v\u00fdrobkov s \u010derstvou orie\u0161kovou chu\u0165ou. Na\u0161e pist\u00e1cie s\u00fa zberan\u00e9, ke\u010f s\u00fa dokonale zrel\u00e9, a skladuj\u00fa sa v najlep\u0161\u00edch podmienkach, a preto si zachov\u00e1vaj\u00fa svoje maxim\u00e1lne chu\u0165ov\u00e9 a prirodzen\u00e9 vlastnosti. S\u00fa ol\u00fapan\u00e9 max. 12 hod\u00edn pred pra\u017een\u00edm a balen\u00e9 12 hod\u00edn potom.<\/p>\n<div class=\"product-howtouse-label\">N\u00e1vod: Primie\u0161ajte ju do \u010dokol\u00e1dy alebo ganache a vytvor\u00edte tak n\u00e1plne do cukroviniek a \u010dokol\u00e1dov\u00e9 peny. Alebo ju primie\u0161ajte do zmrzl\u00edn, penov\u00fdch z\u00e1kladov a z\u00e1kladov \u0161\u013eaha\u010diek, kr\u00e9mov a do pe\u010diva.<\/div>\n","protected":false},"excerpt":{"rendered":"<p>\u013dahk\u00e1, ovocn\u00e1 a neprisladzovan\u00e1 pist\u00e1ciov\u00e1 chu\u0165 &#8211; ve\u013emi hladk\u00e1 text\u00fara.<\/p>\n<p><strong>Balenie: 1 kg\u00a0<\/strong><\/p>\n<div><\/div>\n<div><\/div>\n<p>&nbsp;<\/p>\n<p>&nbsp;<\/p>\n","protected":false},"featured_media":11161,"comment_status":"closed","ping_status":"closed","template":"","meta":[],"product_brand":[],"product_cat":[239,229,43,45,54,47],"product_tag":[57],"class_list":{"0":"post-886","1":"product","2":"type-product","3":"status-publish","4":"has-post-thumbnail","6":"product_cat-239","7":"product_cat-hotove-plnky","8":"product_cat-kremy-a-plnky","9":"product_cat-dezertne-pasty","10":"product_cat-orieskove-pasty","11":"product_cat-plnky-do-praliniek","12":"product_tag-barry-callebaut","13":"has-post-title","14":"has-post-date","15":"has-post-category","16":"has-post-tag","17":"has-post-comment","18":"has-post-author","19":"","21":"first","22":"instock","23":"taxable","24":"shipping-taxable","25":"purchasable","26":"product-type-simple"},"jetpack_sharing_enabled":true,"builder_content":"","_links":{"self":[{"href":"https:\/\/www.zeus-braun.sk\/index.php\/wp-json\/wp\/v2\/product\/886","targetHints":{"allow":["GET"]}}],"collection":[{"href":"https:\/\/www.zeus-braun.sk\/index.php\/wp-json\/wp\/v2\/product"}],"about":[{"href":"https:\/\/www.zeus-braun.sk\/index.php\/wp-json\/wp\/v2\/types\/product"}],"replies":[{"embeddable":true,"href":"https:\/\/www.zeus-braun.sk\/index.php\/wp-json\/wp\/v2\/comments?post=886"}],"wp:featuredmedia":[{"embeddable":true,"href":"https:\/\/www.zeus-braun.sk\/index.php\/wp-json\/wp\/v2\/media\/11161"}],"wp:attachment":[{"href":"https:\/\/www.zeus-braun.sk\/index.php\/wp-json\/wp\/v2\/media?parent=886"}],"wp:term":[{"taxonomy":"product_brand","embeddable":true,"href":"https:\/\/www.zeus-braun.sk\/index.php\/wp-json\/wp\/v2\/product_brand?post=886"},{"taxonomy":"product_cat","embeddable":true,"href":"https:\/\/www.zeus-braun.sk\/index.php\/wp-json\/wp\/v2\/product_cat?post=886"},{"taxonomy":"product_tag","embeddable":true,"href":"https:\/\/www.zeus-braun.sk\/index.php\/wp-json\/wp\/v2\/product_tag?post=886"}],"curies":[{"name":"wp","href":"https:\/\/api.w.org\/{rel}","templated":true}]}}