{"id":883,"date":"2020-10-26T11:04:23","date_gmt":"2020-10-26T10:04:23","guid":{"rendered":"https:\/\/www.zeus-braun.sk\/?post_type=product&#038;p=883"},"modified":"2026-05-05T10:53:15","modified_gmt":"2026-05-05T08:53:15","slug":"cokolada-na-pitie-mexiko-50g","status":"publish","type":"product","link":"https:\/\/www.zeus-braun.sk\/index.php\/produkt\/cokolada-na-pitie-mexiko-50g\/","title":{"rendered":"\u010cokol\u00e1da na pitie hork\u00e1 Mexiko 66% 1kg (20ks)"},"content":{"rendered":"<div>\n<p>Hork\u00e1 \u010dokol\u00e1da z krajiny Azt\u00e9kov prin\u00e1\u0161a horkosladk\u00fa a n\u00e1dherne jemn\u00fa chu\u0165 s n\u00e1znakom sladk\u00e9ho drievka.<\/p>\n<p>Chu\u0165ov\u00fd profil<\/p>\n<h4><img loading=\"lazy\" decoding=\"async\" class=\"\" src=\"http:\/\/www.cokolady.sk\/shop\/image\/catalog\/Taste\/mexiko.png\" width=\"500\" height=\"190\" \/><\/h4>\n<p><strong>Na\u0161e hodnoty<\/strong><\/p>\n<p>Odoln\u00fd duch, rafinovan\u00e9 zmysly. S odvahou a vizion\u00e1rskym in\u0161tinktom,<\/p>\n<p>Charles Barry polo\u017eil z\u00e1klady dne\u0161nej kakaovej a \u010dokol\u00e1dovej infra\u0161trukt\u00fary.<\/p>\n<p>Toto jeho odhodlanie mo\u017eno st\u00e1le n\u00e1js\u0165 aj u na\u0161ich \u013eud\u00ed, ktor\u00ed pokra\u010duj\u00fa v jeho za\u010datej ceste. Rovnako ako na\u0161i z\u00e1kazn\u00edci, aj pestovatelia pou\u017e\u00edvaj\u00fa v\u0161etky svoje zmysly na neust\u00e1le vylep\u0161ovanie techniky a rozv\u00edjanie nov\u00fdch met\u00f3d vo svete kakaa a \u010dokol\u00e1dy, tak aj my neust\u00e1le pracujeme na dosiahnut\u00ed spr\u00e1vnej rovnov\u00e1hy medzi tvrdos\u0165ou a jemnos\u0165ou. Ver\u00edme, \u017ee t\u00e1to rovnov\u00e1ha V\u00e1s bude in\u0161pirova\u0165 a zabezpe\u010d\u00ed na\u0161u spolo\u010dn\u00fa bud\u00facnos\u0165 po nasleduj\u00face desa\u0165ro\u010die.<\/p>\n<p><strong>Na\u0161a misia<\/strong><\/p>\n<p>Pozna\u0165 kakao, pozna\u0165 \u010dokol\u00e1du. Na\u0161\u00edm poslan\u00edm je prin\u00e1\u0161a\u0165 cel\u00fd pr\u00edbeh \u010dokol\u00e1dy, po\u010dn\u00fac od sam\u00e9ho zdroja: kakaa.<\/p>\n<p><strong>Na\u0161a v\u00edzia<\/strong><\/p>\n<p>Poha\u0148an\u00fd viac ako 170 rokov skusenos\u0165ami v oblasti kakaa a \u010dokol\u00e1dy, m\u00e1me hlboko zakorenen\u00e9 pochopenie samotn\u00e9ho po\u010diatku \u010dokol\u00e1dy. To n\u00e1m umo\u017e\u0148uje prinies\u0165 kakao z pozoruhodn\u00fdch miest na svete. Tvrdo pracujeme, aby sme zabezpe\u010dili kakao pre bud\u00face gener\u00e1cie a s chu\u0165ou pracujeme na rozmanitosti kvalitn\u00e9ho kakaa a jemnej \u010dokol\u00e1dy.<\/p>\n<\/div>\n<div><strong>Podmienky skladovania<\/strong><\/div>\n<div>Produkt skladujte v \u010distom a suchom prostred\u00ed (relat\u00edvna vlhkos\u0165 vzduchu max. 70%) a bez z\u00e1pachu.<\/div>\n<div>Skladovacia teplota: 12 &#8211; 20\u00b0C<\/div>\n","protected":false},"excerpt":{"rendered":"<p>Porcovan\u00e1 \u010dokol\u00e1da balen\u00e1 po 50g, v balen\u00ed je 20 porci\u00ed.<\/p>\n<p>Hork\u00e1 \u010dokol\u00e1da z krajiny Azt\u00e9kov prin\u00e1\u0161a horkosladk\u00fa a n\u00e1dherne jemn\u00fa chu\u0165 s n\u00e1znakom sladk\u00e9ho drievka.<\/p>\n<p><b><span style=\"font-family: Arial\">Balenie: <strong>drobn\u00e9 kvap\u00f4\u010dky (Callets) <\/strong>1 kg (20 x 50g)<\/span><\/b><\/p>\n<p>&nbsp;<\/p>\n","protected":false},"featured_media":10972,"comment_status":"closed","ping_status":"closed","template":"","meta":[],"product_brand":[],"product_cat":[240,59,69],"product_tag":[57],"class_list":{"0":"post-883","1":"product","2":"type-product","3":"status-publish","4":"has-post-thumbnail","6":"product_cat-240","7":"product_cat-cokolada-callebaut","8":"product_cat-horuca-cokolada","9":"product_tag-barry-callebaut","10":"has-post-title","11":"has-post-date","12":"has-post-category","13":"has-post-tag","14":"has-post-comment","15":"has-post-author","16":"","18":"first","19":"outofstock","20":"sale","21":"taxable","22":"shipping-taxable","23":"purchasable","24":"product-type-simple"},"jetpack_sharing_enabled":true,"builder_content":"","_links":{"self":[{"href":"https:\/\/www.zeus-braun.sk\/index.php\/wp-json\/wp\/v2\/product\/883","targetHints":{"allow":["GET"]}}],"collection":[{"href":"https:\/\/www.zeus-braun.sk\/index.php\/wp-json\/wp\/v2\/product"}],"about":[{"href":"https:\/\/www.zeus-braun.sk\/index.php\/wp-json\/wp\/v2\/types\/product"}],"replies":[{"embeddable":true,"href":"https:\/\/www.zeus-braun.sk\/index.php\/wp-json\/wp\/v2\/comments?post=883"}],"wp:featuredmedia":[{"embeddable":true,"href":"https:\/\/www.zeus-braun.sk\/index.php\/wp-json\/wp\/v2\/media\/10972"}],"wp:attachment":[{"href":"https:\/\/www.zeus-braun.sk\/index.php\/wp-json\/wp\/v2\/media?parent=883"}],"wp:term":[{"taxonomy":"product_brand","embeddable":true,"href":"https:\/\/www.zeus-braun.sk\/index.php\/wp-json\/wp\/v2\/product_brand?post=883"},{"taxonomy":"product_cat","embeddable":true,"href":"https:\/\/www.zeus-braun.sk\/index.php\/wp-json\/wp\/v2\/product_cat?post=883"},{"taxonomy":"product_tag","embeddable":true,"href":"https:\/\/www.zeus-braun.sk\/index.php\/wp-json\/wp\/v2\/product_tag?post=883"}],"curies":[{"name":"wp","href":"https:\/\/api.w.org\/{rel}","templated":true}]}}