{"id":880,"date":"2020-10-26T10:18:05","date_gmt":"2020-10-26T09:18:05","guid":{"rendered":"https:\/\/www.zeus-braun.sk\/?post_type=product&#038;p=880"},"modified":"2026-04-24T14:06:23","modified_gmt":"2026-04-24T12:06:23","slug":"cokolada-na-pitie-equador-1kg-39-20ks","status":"publish","type":"product","link":"https:\/\/www.zeus-braun.sk\/index.php\/produkt\/cokolada-na-pitie-equador-1kg-39-20ks\/","title":{"rendered":"\u010cokol\u00e1da na pitie mlie\u010dna Ecuador 39% 1kg (20ks)"},"content":{"rendered":"<p style=\"font-weight: 400\">T\u00e1to \u010dokol\u00e1da chut\u00ed ve\u013emi zaoblene a prin\u00e1\u0161a v\u00e1m intenz\u00edvnu kakaov\u00fa chu\u0165 s hlbok\u00fdmi pra\u017een\u00fdmi t\u00f3nmi a mnoh\u00fdmi ovocn\u00fdmi a kysl\u00fdmi pr\u00edchu\u0165ami.<\/p>\n<p style=\"font-weight: 400\">N\u00e1znaky rumu, whisky a tabaku poskytuj\u00fa tejto \u010dokol\u00e1de ve\u013emi lahodn\u00fd, zaoblen\u00fd a vyv\u00e1\u017een\u00fd charakter.<\/p>\n<p style=\"font-weight: 400\">Dnes vyr\u00e1stol Ekv\u00e1dor do pareniska pre vynikaj\u00facej kakaovej odrody a pr\u00edchute. Ekv\u00e1dorsk\u00fd farm\u00e1ri investovali do techn\u00edk kultiv\u00e1cie, ferment\u00e1cia a su\u0161enia, v\u00fdsledkom \u010doho s\u00fa kakaov\u00e9 b\u00f4by s \u00fa\u017easn\u00fdmi senzorick\u00fdmi vlastnos\u0165ami.<\/p>\n<p style=\"font-weight: 400\">T\u00e1to \u010dokol\u00e1da je vynikaj\u00facou vo\u013ebou ako tak\u00e1, ale m\u00f4\u017ee by\u0165 pou\u017eit\u00e1 aj v \u0161irokom rozsahu pou\u017eitia, od ganache po peny, kr\u00e9my alebo om\u00e1\u010dky.<\/p>\n<p style=\"font-weight: 500\"><b>Chu\u0165ov\u00fd profil<\/b><\/p>\n<div><img decoding=\"async\" src=\"http:\/\/www.cokolady.sk\/shop\/image\/catalog\/Taste\/ekvador.png\" \/><\/div>\n<div><\/div>\n<div><strong>Podmienky skladovania<\/strong><\/div>\n<div>Produkt skladujte v \u010distom a suchom prostred\u00ed (relat\u00edvna vlhkos\u0165 vzduchu max. 70%) a bez z\u00e1pachu.<\/div>\n<div>Skladovacia teplota: 12 &#8211; 20\u00b0C<\/div>\n","protected":false},"excerpt":{"rendered":"<p>Porcovan\u00e1 \u010dokol\u00e1da balen\u00e1 po 50g, v balen\u00ed je 20 porci\u00ed.<\/p>\n<p>\u010cokol\u00e1da Equador je vynikaj\u00faca vo\u013ebou ako tak\u00e1, ale m\u00f4\u017ee by\u0165 pou\u017eit\u00e1 aj v \u0161irokom rozsahu pou\u017eitia, od ganache po peny, kr\u00e9my alebo om\u00e1\u010dky.<\/p>\n<p><b><span style=\"font-family: Arial\">Balenie: <strong>drobn\u00e9 kvap\u00f4\u010dky (Callets) <\/strong>1 kg (20 x 50g)<\/span><\/b><\/p>\n<p>&nbsp;<\/p>\n<p>&nbsp;<\/p>\n","protected":false},"featured_media":11138,"comment_status":"closed","ping_status":"closed","template":"","meta":[],"product_brand":[],"product_cat":[240,59,69],"product_tag":[57],"class_list":{"0":"post-880","1":"product","2":"type-product","3":"status-publish","4":"has-post-thumbnail","6":"product_cat-240","7":"product_cat-cokolada-callebaut","8":"product_cat-horuca-cokolada","9":"product_tag-barry-callebaut","10":"has-post-title","11":"has-post-date","12":"has-post-category","13":"has-post-tag","14":"has-post-comment","15":"has-post-author","16":"","18":"first","19":"instock","20":"taxable","21":"shipping-taxable","22":"purchasable","23":"product-type-simple"},"jetpack_sharing_enabled":true,"builder_content":"","_links":{"self":[{"href":"https:\/\/www.zeus-braun.sk\/index.php\/wp-json\/wp\/v2\/product\/880","targetHints":{"allow":["GET"]}}],"collection":[{"href":"https:\/\/www.zeus-braun.sk\/index.php\/wp-json\/wp\/v2\/product"}],"about":[{"href":"https:\/\/www.zeus-braun.sk\/index.php\/wp-json\/wp\/v2\/types\/product"}],"replies":[{"embeddable":true,"href":"https:\/\/www.zeus-braun.sk\/index.php\/wp-json\/wp\/v2\/comments?post=880"}],"wp:featuredmedia":[{"embeddable":true,"href":"https:\/\/www.zeus-braun.sk\/index.php\/wp-json\/wp\/v2\/media\/11138"}],"wp:attachment":[{"href":"https:\/\/www.zeus-braun.sk\/index.php\/wp-json\/wp\/v2\/media?parent=880"}],"wp:term":[{"taxonomy":"product_brand","embeddable":true,"href":"https:\/\/www.zeus-braun.sk\/index.php\/wp-json\/wp\/v2\/product_brand?post=880"},{"taxonomy":"product_cat","embeddable":true,"href":"https:\/\/www.zeus-braun.sk\/index.php\/wp-json\/wp\/v2\/product_cat?post=880"},{"taxonomy":"product_tag","embeddable":true,"href":"https:\/\/www.zeus-braun.sk\/index.php\/wp-json\/wp\/v2\/product_tag?post=880"}],"curies":[{"name":"wp","href":"https:\/\/api.w.org\/{rel}","templated":true}]}}