{"id":84,"date":"2020-10-14T15:26:31","date_gmt":"2020-10-14T13:26:31","guid":{"rendered":"https:\/\/www.zeus-braun.sk\/?post_type=product&#038;p=84"},"modified":"2026-04-24T14:05:11","modified_gmt":"2026-04-24T12:05:11","slug":"panna-cotta","status":"publish","type":"product","link":"https:\/\/www.zeus-braun.sk\/index.php\/produkt\/panna-cotta\/","title":{"rendered":"Panna Cotta 1kg"},"content":{"rendered":"<div class=\"col-sm-8\">\n<div class=\"tab-content\">\n<div id=\"tab-description\" class=\"tab-pane active\">\n<p>Pou\u017e\u00edva sa na pr\u00edpravu klasick\u00e9ho smotanov\u00e9ho dezertu Panna Cotta.<\/p>\n<p>Z\u00e1kladn\u00fd recept:<\/p>\n<p>400g mlieka<\/p>\n<p>600g \u0161laha\u010dky<\/p>\n<p>150g Panna Cotty<\/p>\n<p>Mlieko a \u0161\u013eaha\u010dku privedieme do varu a prid\u00e1me panna cottu. Tepl\u00fa zmes lejeme do formi\u010diek alebo poh\u00e1rikov.<\/p>\n<div class=\"woocommerce-tabs wc-tabs-wrapper\">\n<div id=\"tab-description\" class=\"woocommerce-Tabs-panel woocommerce-Tabs-panel--description panel entry-content wc-tab\" role=\"tabpanel\" aria-labelledby=\"tab-title-description\">\n<p><b><strong>Podmienky skladovania:<\/strong><\/b><\/p>\n<p>skladova\u0165 do max. 20 \u00b0 C v suchom, uzavretom priestore, v p\u00f4vodnom obale, chr\u00e1\u0148te pred mrazom a priamym slne\u010dn\u00fdm svetlom.<\/p>\n<\/div>\n<\/div>\n<\/div>\n<\/div>\n<\/div>\n<div class=\"col-sm-4\">\n<div class=\"btn-group\"><\/div>\n<\/div>\n<!--themify_builder_content-->\n<div id=\"themify_builder_content-84\" data-postid=\"84\" class=\"themify_builder_content themify_builder_content-84 themify_builder tf_clear\">\n    <\/div>\n<!--\/themify_builder_content-->\n","protected":false},"excerpt":{"rendered":"<p>Pou\u017e\u00edva sa k pr\u00edprave klasick\u00e9ho dezertu Panna Cotta.<\/p>\n<p><b>Balenie: 1kg<\/b><\/p>\n<p><b>(Obr\u00e1zok je ilustra\u010dn\u00fd &#8211; tip na serv\u00edrovanie)<\/b><\/p>\n","protected":false},"featured_media":13460,"comment_status":"closed","ping_status":"closed","template":"","meta":[],"product_brand":[],"product_cat":[239,44],"product_tag":[33],"class_list":{"0":"post-84","1":"product","2":"type-product","3":"status-publish","4":"has-post-thumbnail","6":"product_cat-239","7":"product_cat-alaska-express","8":"product_tag-martin-braun-kg","9":"has-post-title","10":"has-post-date","11":"has-post-category","12":"has-post-tag","13":"has-post-comment","14":"has-post-author","15":"","17":"first","18":"instock","19":"taxable","20":"shipping-taxable","21":"purchasable","22":"product-type-simple"},"jetpack_sharing_enabled":true,"builder_content":"","_links":{"self":[{"href":"https:\/\/www.zeus-braun.sk\/index.php\/wp-json\/wp\/v2\/product\/84","targetHints":{"allow":["GET"]}}],"collection":[{"href":"https:\/\/www.zeus-braun.sk\/index.php\/wp-json\/wp\/v2\/product"}],"about":[{"href":"https:\/\/www.zeus-braun.sk\/index.php\/wp-json\/wp\/v2\/types\/product"}],"replies":[{"embeddable":true,"href":"https:\/\/www.zeus-braun.sk\/index.php\/wp-json\/wp\/v2\/comments?post=84"}],"wp:featuredmedia":[{"embeddable":true,"href":"https:\/\/www.zeus-braun.sk\/index.php\/wp-json\/wp\/v2\/media\/13460"}],"wp:attachment":[{"href":"https:\/\/www.zeus-braun.sk\/index.php\/wp-json\/wp\/v2\/media?parent=84"}],"wp:term":[{"taxonomy":"product_brand","embeddable":true,"href":"https:\/\/www.zeus-braun.sk\/index.php\/wp-json\/wp\/v2\/product_brand?post=84"},{"taxonomy":"product_cat","embeddable":true,"href":"https:\/\/www.zeus-braun.sk\/index.php\/wp-json\/wp\/v2\/product_cat?post=84"},{"taxonomy":"product_tag","embeddable":true,"href":"https:\/\/www.zeus-braun.sk\/index.php\/wp-json\/wp\/v2\/product_tag?post=84"}],"curies":[{"name":"wp","href":"https:\/\/api.w.org\/{rel}","templated":true}]}}