{"id":83,"date":"2020-10-14T15:26:30","date_gmt":"2020-10-14T13:26:30","guid":{"rendered":"https:\/\/www.zeus-braun.sk\/?post_type=product&#038;p=83"},"modified":"2026-04-24T14:05:13","modified_gmt":"2026-04-24T12:05:13","slug":"creme-brulee","status":"publish","type":"product","link":"https:\/\/www.zeus-braun.sk\/index.php\/produkt\/creme-brulee\/","title":{"rendered":"Cr\u00e9me Br\u00fal\u00e9e 1kg"},"content":{"rendered":"<p><b>Z\u00e1kladn\u00fd recept:\u00a0<\/b><\/p>\n<p><b><br \/>\n<\/b>200 g\u00a0 \u00a0\u00a0Z\u00e1kladn\u00fd mix a la creme brulee<\/p>\n<p>500 g\u00a0 \u00a0 smotana, tekut\u00e1<\/p>\n<p>500 g\u00a0 \u00a0 \u00a0plnotu\u010dn\u00e9 mlieko<\/p>\n<p><span style=\"color: #19212b;font-family: Open Sans, Helvetica, Arial, sans-serif\"><b>Podmienky skladovania:<\/b><\/span><\/p>\n<p><span style=\"color: #19212b;font-family: Open Sans, Helvetica, Arial, sans-serif\">skladova\u0165 do max. 20 \u00b0 C v suchom, uzavretom priestore, v p\u00f4vodnom obale, chr\u00e1\u0148te pred mrazom a priamym slne\u010dn\u00fdm svetlom.<\/span><\/p>\n","protected":false},"excerpt":{"rendered":"<p>Jemn\u00fd dezertn\u00fd pr\u00e1\u0161ok na\u00a0v\u00fdrobu z\u00e1kuskov \u00e0 la Cr\u00e8me Br\u00fbl\u00e9e.<\/p>\n<p>Je ide\u00e1lny na v\u00fdrobu\u00a0typick\u00fdch dezertov \u00e0 la Cr\u00e8me Br\u00fbl\u00e9e a jej vari\u00e1ci\u00ed, napr. so z\u00e1zvorom, kokosov\u00fdm mliekom at\u010f.<\/p>\n<p>Tepelne rozpustn\u00fd kr\u00e9mov\u00fd pr\u00e1\u0161ok pre kr\u00e9my s chu\u0165ou klasick\u00e9ho dezertn\u00e9ho cr\u00e9mu brulee.<\/p>\n<p><b>Balenie: 1kg<\/b><\/p>\n<p><b>(Obr\u00e1zok je ilustra\u010dn\u00fd &#8211; tip na serv\u00edrovanie)<\/b><\/p>\n","protected":false},"featured_media":13446,"comment_status":"closed","ping_status":"closed","template":"","meta":[],"product_brand":[],"product_cat":[239,224,44],"product_tag":[33],"class_list":{"0":"post-83","1":"product","2":"type-product","3":"status-publish","4":"has-post-thumbnail","6":"product_cat-239","7":"product_cat-frontpage","8":"product_cat-alaska-express","9":"product_tag-martin-braun-kg","10":"has-post-title","11":"has-post-date","12":"has-post-category","13":"has-post-tag","14":"has-post-comment","15":"has-post-author","16":"","18":"first","19":"instock","20":"taxable","21":"shipping-taxable","22":"purchasable","23":"product-type-simple"},"jetpack_sharing_enabled":true,"builder_content":"","_links":{"self":[{"href":"https:\/\/www.zeus-braun.sk\/index.php\/wp-json\/wp\/v2\/product\/83","targetHints":{"allow":["GET"]}}],"collection":[{"href":"https:\/\/www.zeus-braun.sk\/index.php\/wp-json\/wp\/v2\/product"}],"about":[{"href":"https:\/\/www.zeus-braun.sk\/index.php\/wp-json\/wp\/v2\/types\/product"}],"replies":[{"embeddable":true,"href":"https:\/\/www.zeus-braun.sk\/index.php\/wp-json\/wp\/v2\/comments?post=83"}],"wp:featuredmedia":[{"embeddable":true,"href":"https:\/\/www.zeus-braun.sk\/index.php\/wp-json\/wp\/v2\/media\/13446"}],"wp:attachment":[{"href":"https:\/\/www.zeus-braun.sk\/index.php\/wp-json\/wp\/v2\/media?parent=83"}],"wp:term":[{"taxonomy":"product_brand","embeddable":true,"href":"https:\/\/www.zeus-braun.sk\/index.php\/wp-json\/wp\/v2\/product_brand?post=83"},{"taxonomy":"product_cat","embeddable":true,"href":"https:\/\/www.zeus-braun.sk\/index.php\/wp-json\/wp\/v2\/product_cat?post=83"},{"taxonomy":"product_tag","embeddable":true,"href":"https:\/\/www.zeus-braun.sk\/index.php\/wp-json\/wp\/v2\/product_tag?post=83"}],"curies":[{"name":"wp","href":"https:\/\/api.w.org\/{rel}","templated":true}]}}