{"id":797,"date":"2020-10-21T11:31:44","date_gmt":"2020-10-21T09:31:44","guid":{"rendered":"https:\/\/www.zeus-braun.sk\/?post_type=product&#038;p=797"},"modified":"2026-04-24T14:09:21","modified_gmt":"2026-04-24T12:09:21","slug":"magneticka-forma-kvapka","status":"publish","type":"product","link":"https:\/\/www.zeus-braun.sk\/index.php\/produkt\/magneticka-forma-kvapka\/","title":{"rendered":"Magnetick\u00e1 forma slza"},"content":{"rendered":"<div class=\"pd-intro__description-container\">\n<div class=\"pd-intro__description\">\n<div class=\"product-field__container product-field-description__container\">\n<div class=\"product-field__value product-field-description__value\">\n<div class=\"pd-intro__description-container\">\n<div class=\"pd-intro__description\">\n<div class=\"product-field__container product-field-description__container\">\n<div class=\"product-field__value product-field-description__value\">\n<p>Vysokokvalitn\u00fd priemyseln\u00fd polykarbon\u00e1t, ve\u013emi odoln\u00fd proti n\u00e1razom, netrie\u0161ti sa a vydr\u017e\u00ed stovky pou\u017eit\u00ed. Najvhodnej\u0161\u00ed materi\u00e1l na formy pre pr\u00e1cu s \u010dokol\u00e1dou. Pri spr\u00e1vnej kry\u0161taliz\u00e1cii \u010dokol\u00e1dy sa \u0161krupinky kr\u00e1sne sam\u00e9 vyklopia.<\/p>\n<p>Magnetick\u00e1 forma Waterdrop 12gr\/ks<\/p>\n<p>Rozmery pralinky s\u00fa 37x25x16mm.<\/p>\n<\/div>\n<\/div>\n<\/div>\n<\/div>\n<div class=\"pd-intro__howtouse-container\">\n<div class=\"pd-intro__howtouse\"><\/div>\n<\/div>\n<div class=\"pd-intro__keyfeatures-block\"><\/div>\n<\/div>\n<\/div>\n<\/div>\n<\/div>\n<div class=\"pd-intro__keyfeatures-block\"><\/div>\n","protected":false},"excerpt":{"rendered":"<p>Magnetick\u00e1 forma na pralinky.<\/p>\n<p>Po\u010det ks na forme: 18ks<\/p>\n<p><strong>Balenie:\u00a0<\/strong>1 ks<\/p>\n","protected":false},"featured_media":11331,"comment_status":"open","ping_status":"closed","template":"","meta":[],"product_brand":[],"product_cat":[240,119,120,121],"product_tag":[57],"class_list":{"0":"post-797","1":"product","2":"type-product","3":"status-publish","4":"has-post-thumbnail","6":"product_cat-240","7":"product_cat-formy","8":"product_cat-magneticke-formy","9":"product_cat-na-pralinky","10":"product_tag-barry-callebaut","11":"has-post-title","12":"has-post-date","13":"has-post-category","14":"has-post-tag","15":"has-post-comment","16":"has-post-author","17":"","19":"first","20":"instock","21":"taxable","22":"shipping-taxable","23":"purchasable","24":"product-type-simple"},"jetpack_sharing_enabled":true,"builder_content":"","_links":{"self":[{"href":"https:\/\/www.zeus-braun.sk\/index.php\/wp-json\/wp\/v2\/product\/797","targetHints":{"allow":["GET"]}}],"collection":[{"href":"https:\/\/www.zeus-braun.sk\/index.php\/wp-json\/wp\/v2\/product"}],"about":[{"href":"https:\/\/www.zeus-braun.sk\/index.php\/wp-json\/wp\/v2\/types\/product"}],"replies":[{"embeddable":true,"href":"https:\/\/www.zeus-braun.sk\/index.php\/wp-json\/wp\/v2\/comments?post=797"}],"wp:featuredmedia":[{"embeddable":true,"href":"https:\/\/www.zeus-braun.sk\/index.php\/wp-json\/wp\/v2\/media\/11331"}],"wp:attachment":[{"href":"https:\/\/www.zeus-braun.sk\/index.php\/wp-json\/wp\/v2\/media?parent=797"}],"wp:term":[{"taxonomy":"product_brand","embeddable":true,"href":"https:\/\/www.zeus-braun.sk\/index.php\/wp-json\/wp\/v2\/product_brand?post=797"},{"taxonomy":"product_cat","embeddable":true,"href":"https:\/\/www.zeus-braun.sk\/index.php\/wp-json\/wp\/v2\/product_cat?post=797"},{"taxonomy":"product_tag","embeddable":true,"href":"https:\/\/www.zeus-braun.sk\/index.php\/wp-json\/wp\/v2\/product_tag?post=797"}],"curies":[{"name":"wp","href":"https:\/\/api.w.org\/{rel}","templated":true}]}}