{"id":785,"date":"2020-10-21T10:24:50","date_gmt":"2020-10-21T08:24:50","guid":{"rendered":"https:\/\/www.zeus-braun.sk\/?post_type=product&#038;p=785"},"modified":"2026-04-24T14:09:27","modified_gmt":"2026-04-24T12:09:27","slug":"tintoretto-mliecne-1kg","status":"publish","type":"product","link":"https:\/\/www.zeus-braun.sk\/index.php\/produkt\/tintoretto-mliecne-1kg\/","title":{"rendered":"Tintoreto mlie\u010dne neutral 1kg n\u00e1hradn\u00e9 balenie"},"content":{"rendered":"<p style=\"font-weight: 400\">Vhodn\u00fd na dochutenie pomocou orie\u0161kov\u00fdch p\u00e1st alebo in\u00fdch pr\u00edsad na tukovom\/olejovom z\u00e1klade.<\/p>\n<p style=\"font-weight: 400\">Pou\u017eitie:<\/p>\n<p style=\"font-weight: 400\">nahrejeme v mikrovlnke na pribli\u017ene 39-35C.<\/p>\n<p style=\"font-weight: 400\">Vmie\u0161ame pr\u00edsady a aplikujeme do praliniek alebo truffl\u00ed pri pribli\u017ene 25-30C.<\/p>\n<p style=\"font-weight: 400\">Upozornenie: nikdy nenahrievame nad vodn\u00fdm k\u00fape\u013eom. Hroz\u00ed zrazenie su\u0161en\u00e9ho mlieka.<\/p>\n<p><b><strong>Pripraven\u00e1 pre Va\u0161e pr\u00edchute a text\u00fary.<\/strong><\/b><\/p>\n<p style=\"font-weight: 400\">Tintoretto mlie\u010dne je pripraven\u00e1 \u010dokol\u00e1dov\u00e1 n\u00e1pl\u0148, ktor\u00e1 m\u00f4\u017ee by\u0165 upraven\u00e1 pod\u013ea konkr\u00e9tnej pr\u00edchute. M\u00e1 svetl\u00fa farbu mlie\u010dnej \u010dokol\u00e1dy a chu\u0165, ktor\u00e1 sa okam\u017eite rozp\u00fa\u0161\u0165a v \u00fastach, a zanech\u00e1va hladk\u00fd, smotanov\u00fd pocit v \u00fastach.<\/p>\n<p style=\"font-weight: 400\">Po zmie\u0161an\u00ed s text\u00farami, ako je napr. mlet\u00e1 k\u00e1va, k\u00fasky kakaov\u00fdch b\u00f4bov, Paille feuilletine, BRES alebo s lyofilizovan\u00fdm ovoc\u00edm sa n\u00e1pl\u0148 Tintoretto premen\u00ed vo vynikaj\u00faci pralinkov\u00fd stred, ktor\u00fd umoc\u0148uje chu\u0165ov\u00fd z\u00e1\u017eitok. Chrumkav\u00e9 text\u00fary zost\u00e1vaj\u00fa po zamie\u0161an\u00ed do Tintonetta \u010derstv\u00e9 a chrumkav\u00e9 v\u010faka jej jedine\u010dn\u00e9mu receptu a zlo\u017eeniu. \u010cokol\u00e1dy alebo \u010dokol\u00e1dov\u00e9 ty\u010dinky naplnen\u00e9 Tintorettom maj\u00fa dlh\u00fa dobu pou\u017eite\u013enosti.<\/p>\n<p style=\"font-weight: 400\">Tintoretto mlie\u010dne m\u00e1 polom\u00e4kk\u00fa text\u00faru, tak\u017ee m\u00f4\u017ee by\u0165 \u013eahko porciovan\u00e9 na mal\u00e9 k\u00fasky na nam\u00e1\u010danie alebo polievanie. Rozmie\u0161an\u00edm, zm\u00e4k\u010den\u00edm a prevzdu\u0161nen\u00edm v mix\u00e9ri vytvor\u00edte \u013eahk\u00fa n\u00e1pl\u0148, ktor\u00e1 m\u00f4\u017ee by\u0165 plnen\u00e1 do odliatych \u010dokol\u00e1dov\u00fdch \u0161krup\u00edn alebo \u010dokol\u00e1dov\u00fdch ty\u010diniek.<\/p>\n<p style=\"font-weight: 400\"><b><strong>Podmienky skladovania:\u00a0<\/strong><\/b>Nevystavujte priamemu slne\u010dn\u00e9mu \u017eiareniu, skladujte na suchom mieste bez v\u00f4n\u00ed a pachov, pri teplote 12 \u2013 20 \u00b0C a relat\u00edvnej vlhkosti do 70 %.<\/p>\n","protected":false},"excerpt":{"rendered":"<p>Ganache na b\u00e1ze mlie\u010dnej \u010dokol\u00e1dy.<\/p>\n<p style=\"font-weight: 400\"><b><strong>Balenie: 1 kg<\/strong><\/b><\/p>\n<p>Tovar je prebalen\u00fd v n\u00e1hradnom balen\u00ed, foto je len ilustra\u010dn\u00e9.<\/p>\n<p>Origin\u00e1l balenie je 5kg blok.<\/p>\n","protected":false},"featured_media":12882,"comment_status":"closed","ping_status":"closed","template":"","meta":[],"product_brand":[],"product_cat":[240,229,47],"product_tag":[57],"class_list":{"0":"post-785","1":"product","2":"type-product","3":"status-publish","4":"has-post-thumbnail","6":"product_cat-240","7":"product_cat-hotove-plnky","8":"product_cat-plnky-do-praliniek","9":"product_tag-barry-callebaut","10":"has-post-title","11":"has-post-date","12":"has-post-category","13":"has-post-tag","14":"has-post-comment","15":"has-post-author","16":"","18":"first","19":"instock","20":"taxable","21":"shipping-taxable","22":"purchasable","23":"product-type-simple"},"jetpack_sharing_enabled":true,"builder_content":"","_links":{"self":[{"href":"https:\/\/www.zeus-braun.sk\/index.php\/wp-json\/wp\/v2\/product\/785","targetHints":{"allow":["GET"]}}],"collection":[{"href":"https:\/\/www.zeus-braun.sk\/index.php\/wp-json\/wp\/v2\/product"}],"about":[{"href":"https:\/\/www.zeus-braun.sk\/index.php\/wp-json\/wp\/v2\/types\/product"}],"replies":[{"embeddable":true,"href":"https:\/\/www.zeus-braun.sk\/index.php\/wp-json\/wp\/v2\/comments?post=785"}],"wp:featuredmedia":[{"embeddable":true,"href":"https:\/\/www.zeus-braun.sk\/index.php\/wp-json\/wp\/v2\/media\/12882"}],"wp:attachment":[{"href":"https:\/\/www.zeus-braun.sk\/index.php\/wp-json\/wp\/v2\/media?parent=785"}],"wp:term":[{"taxonomy":"product_brand","embeddable":true,"href":"https:\/\/www.zeus-braun.sk\/index.php\/wp-json\/wp\/v2\/product_brand?post=785"},{"taxonomy":"product_cat","embeddable":true,"href":"https:\/\/www.zeus-braun.sk\/index.php\/wp-json\/wp\/v2\/product_cat?post=785"},{"taxonomy":"product_tag","embeddable":true,"href":"https:\/\/www.zeus-braun.sk\/index.php\/wp-json\/wp\/v2\/product_tag?post=785"}],"curies":[{"name":"wp","href":"https:\/\/api.w.org\/{rel}","templated":true}]}}