{"id":681,"date":"2020-10-15T14:43:32","date_gmt":"2020-10-15T12:43:32","guid":{"rendered":"https:\/\/www.zeus-braun.sk\/?post_type=product&#038;p=681"},"modified":"2026-04-24T14:06:31","modified_gmt":"2026-04-24T12:06:31","slug":"rhodoide-roll-5-cm","status":"publish","type":"product","link":"https:\/\/www.zeus-braun.sk\/index.php\/produkt\/rhodoide-roll-5-cm\/","title":{"rendered":"Rhodoide acet\u00e1tov\u00e1 f\u00f3lia \u0161\u00edrka 50mm-100m"},"content":{"rendered":"<p>Priesvitn\u00e1 acet\u00e1tov\u00e1 f\u00f3lia v rolke na dezerty a torty. Extra pevn\u00e1, vhodn\u00e1 aj do mrazni\u010dky.<\/p>\n<p>U\u013eah\u010dite si pr\u00e1cu s kr\u00e9mov\u00fdmi a mousse dezertami. Pred plnen\u00edm vlo\u017ete f\u00f3liu do r\u00e1fiku po jeho celom obvode, po zmrazen\u00ed sa dezert vyber\u00e1 z formy jednoduch\u0161ie, s \u010distej\u0161\u00edm a hlad\u0161\u00edm okrajom.<\/p>\n<p>F\u00f3lia je vhodn\u00e1 aj na pr\u00e1cu s \u010dokol\u00e1dou. Kry\u0161talizovan\u00fa \u010dokol\u00e1du rovnomerne rozotrite na f\u00f3liu, po p\u00e1r sekund\u00e1ch po nadobudnut\u00ed tv\u00e1rnej\u0161ej konzistencie m\u00f4\u017eete f\u00f3liu zakr\u00faca\u0165 do po\u017eadovan\u00fdch tvarov, pr\u00edpadne ju reza\u0165 na hotov\u00e9 dekor\u00e1cie. Pre iskrivej\u0161\u00ed fini\u0161, pou\u017eite niektor\u00fa z metalick\u00fdch farieb z na\u0161ej ponuky.<\/p>\n","protected":false},"excerpt":{"rendered":"<div class=\"col-sm-8\">\n<div class=\"tab-content\">\n<div id=\"tab-description\" class=\"tab-pane active\">\n<div class=\"col-sm-8\">\n<div class=\"tab-content\">\n<div id=\"tab-description\" class=\"tab-pane active\">\n<p>Priesvitn\u00e1 acet\u00e1tov\u00e1 f\u00f3lia v rolke na dezerty a torty.<br \/>\n\u0160\u00edrka: 5 cm<br \/>\nD\u013a\u017eka kot\u00fa\u010da: 100 metrov<\/p>\n<\/div>\n<\/div>\n<\/div>\n<\/div>\n<\/div>\n<\/div>\n","protected":false},"featured_media":11062,"comment_status":"closed","ping_status":"closed","template":"","meta":[],"product_brand":[],"product_cat":[240,82,108],"product_tag":[95],"class_list":{"0":"post-681","1":"product","2":"type-product","3":"status-publish","4":"has-post-thumbnail","6":"product_cat-240","7":"product_cat-pomocky","8":"product_cat-na-dezerty","9":"product_tag-ibc-belgium","10":"has-post-title","11":"has-post-date","12":"has-post-category","13":"has-post-tag","14":"has-post-comment","15":"has-post-author","16":"","18":"first","19":"instock","20":"taxable","21":"shipping-taxable","22":"purchasable","23":"product-type-simple"},"jetpack_sharing_enabled":true,"builder_content":"","_links":{"self":[{"href":"https:\/\/www.zeus-braun.sk\/index.php\/wp-json\/wp\/v2\/product\/681","targetHints":{"allow":["GET"]}}],"collection":[{"href":"https:\/\/www.zeus-braun.sk\/index.php\/wp-json\/wp\/v2\/product"}],"about":[{"href":"https:\/\/www.zeus-braun.sk\/index.php\/wp-json\/wp\/v2\/types\/product"}],"replies":[{"embeddable":true,"href":"https:\/\/www.zeus-braun.sk\/index.php\/wp-json\/wp\/v2\/comments?post=681"}],"wp:featuredmedia":[{"embeddable":true,"href":"https:\/\/www.zeus-braun.sk\/index.php\/wp-json\/wp\/v2\/media\/11062"}],"wp:attachment":[{"href":"https:\/\/www.zeus-braun.sk\/index.php\/wp-json\/wp\/v2\/media?parent=681"}],"wp:term":[{"taxonomy":"product_brand","embeddable":true,"href":"https:\/\/www.zeus-braun.sk\/index.php\/wp-json\/wp\/v2\/product_brand?post=681"},{"taxonomy":"product_cat","embeddable":true,"href":"https:\/\/www.zeus-braun.sk\/index.php\/wp-json\/wp\/v2\/product_cat?post=681"},{"taxonomy":"product_tag","embeddable":true,"href":"https:\/\/www.zeus-braun.sk\/index.php\/wp-json\/wp\/v2\/product_tag?post=681"}],"curies":[{"name":"wp","href":"https:\/\/api.w.org\/{rel}","templated":true}]}}