{"id":640,"date":"2020-10-15T14:43:30","date_gmt":"2020-10-15T12:43:30","guid":{"rendered":"https:\/\/www.zeus-braun.sk\/?post_type=product&#038;p=640"},"modified":"2026-04-24T14:08:09","modified_gmt":"2026-04-24T12:08:09","slug":"zlata-metalicka-farba-25g","status":"publish","type":"product","link":"https:\/\/www.zeus-braun.sk\/index.php\/produkt\/zlata-metalicka-farba-25g\/","title":{"rendered":"IBC zlat\u00e1 metalick\u00e1 farba na \u010dokol\u00e1du 25g"},"content":{"rendered":"<div>\n<div>\n<div>\n<div>\n<div>Farba zlat\u00e1\u00a0metalick\u00e1, vhodn\u00e1 na farbenie \u010dokol\u00e1dy, modelovac\u00edch marcip\u00e1nov a \u010fal\u0161\u00edch v\u00fdrobkov.<\/div>\n<div><\/div>\n<\/div>\n<\/div>\n<\/div>\n<\/div>\n<p>&nbsp;<\/p>\n<p><b><span style=\"font-family: Arial\">Odpor\u00fa\u010dan\u00e9 skladovacie podmienky<\/span><\/b><\/p>\n<p><span style=\"font-family: Arial\">Teplota: 12-20\u00b0C<\/span><\/p>\n<p><span style=\"font-family: Arial\">Relat\u00edvna vlhkos\u0165: &lt;70%<\/span><\/p>\n<p><span style=\"font-family: Arial\">V\u00fdrobky by mali by\u0165 chr\u00e1nen\u00e9 pred vzduchom a svetlom a skladovan\u00e9 na mieste bez z\u00e1pachu<\/span><\/p>\n","protected":false},"excerpt":{"rendered":"<p>Forma: pr\u00e1\u0161kov\u00e1<\/p>\n<p><b>Balenie: 25 g<\/b><\/p>\n","protected":false},"featured_media":13925,"comment_status":"closed","ping_status":"closed","template":"","meta":[],"product_brand":[],"product_cat":[240,98,99,167],"product_tag":[95],"class_list":{"0":"post-640","1":"product","2":"type-product","3":"status-publish","4":"has-post-thumbnail","6":"product_cat-240","7":"product_cat-farby","8":"product_cat-farby-na-cokoladu","9":"product_cat-metalicke","10":"product_tag-ibc-belgium","11":"has-post-title","12":"has-post-date","13":"has-post-category","14":"has-post-tag","15":"has-post-comment","16":"has-post-author","17":"","19":"first","20":"instock","21":"taxable","22":"shipping-taxable","23":"purchasable","24":"product-type-simple"},"jetpack_sharing_enabled":true,"builder_content":"","_links":{"self":[{"href":"https:\/\/www.zeus-braun.sk\/index.php\/wp-json\/wp\/v2\/product\/640","targetHints":{"allow":["GET"]}}],"collection":[{"href":"https:\/\/www.zeus-braun.sk\/index.php\/wp-json\/wp\/v2\/product"}],"about":[{"href":"https:\/\/www.zeus-braun.sk\/index.php\/wp-json\/wp\/v2\/types\/product"}],"replies":[{"embeddable":true,"href":"https:\/\/www.zeus-braun.sk\/index.php\/wp-json\/wp\/v2\/comments?post=640"}],"wp:featuredmedia":[{"embeddable":true,"href":"https:\/\/www.zeus-braun.sk\/index.php\/wp-json\/wp\/v2\/media\/13925"}],"wp:attachment":[{"href":"https:\/\/www.zeus-braun.sk\/index.php\/wp-json\/wp\/v2\/media?parent=640"}],"wp:term":[{"taxonomy":"product_brand","embeddable":true,"href":"https:\/\/www.zeus-braun.sk\/index.php\/wp-json\/wp\/v2\/product_brand?post=640"},{"taxonomy":"product_cat","embeddable":true,"href":"https:\/\/www.zeus-braun.sk\/index.php\/wp-json\/wp\/v2\/product_cat?post=640"},{"taxonomy":"product_tag","embeddable":true,"href":"https:\/\/www.zeus-braun.sk\/index.php\/wp-json\/wp\/v2\/product_tag?post=640"}],"curies":[{"name":"wp","href":"https:\/\/api.w.org\/{rel}","templated":true}]}}