{"id":639,"date":"2020-10-15T14:43:30","date_gmt":"2020-10-15T12:43:30","guid":{"rendered":"https:\/\/www.zeus-braun.sk\/?post_type=product&#038;p=639"},"modified":"2026-04-24T14:08:11","modified_gmt":"2026-04-24T12:08:11","slug":"metalicka-farba-scarlet-25g","status":"publish","type":"product","link":"https:\/\/www.zeus-braun.sk\/index.php\/produkt\/metalicka-farba-scarlet-25g\/","title":{"rendered":"IBC skarlet metalick\u00e1 farba na \u010dokol\u00e1du 25g"},"content":{"rendered":"<div>\n<div>\n<div>\n<div>\n<div>Farba Scarlet\u00a0metalick\u00e1, vhodn\u00e1 na farbenie \u010dokol\u00e1dy, modelovac\u00edch marcip\u00e1nov a \u010fal\u0161\u00edch v\u00fdrobkov.<\/div>\n<div><\/div>\n<\/div>\n<div><\/div>\n<\/div>\n<div><\/div>\n<\/div>\n<div><\/div>\n<\/div>\n<div><b><span style=\"font-family: Arial\">\u00a0<\/span><\/b><\/div>\n<div><\/div>\n<p>&nbsp;<\/p>\n<p><b><span style=\"font-family: Arial\">Odpor\u00fa\u010dan\u00e9 skladovacie podmienky<\/span><\/b><\/p>\n<p><span style=\"font-family: Arial\">Teplota: 12-20\u00b0C<\/span><\/p>\n<p><span style=\"font-family: Arial\">Relat\u00edvna vlhkos\u0165: &lt;70%<\/span><\/p>\n<p><span style=\"font-family: Arial\">V\u00fdrobky by mali by\u0165 chr\u00e1nen\u00e9 pred vzduchom a svetlom a skladovan\u00e9 na mieste bez z\u00e1pachu<\/span><\/p>\n","protected":false},"excerpt":{"rendered":"<p>Forma: pr\u00e1\u0161kov\u00e1<\/p>\n<p><b>Balenie: 25 g<\/b><\/p>\n","protected":false},"featured_media":12076,"comment_status":"closed","ping_status":"closed","template":"","meta":[],"product_brand":[],"product_cat":[240,126,98,99,167],"product_tag":[95],"class_list":{"0":"post-639","1":"product","2":"type-product","3":"status-publish","4":"has-post-thumbnail","6":"product_cat-240","7":"product_cat-valentin","8":"product_cat-farby","9":"product_cat-farby-na-cokoladu","10":"product_cat-metalicke","11":"product_tag-ibc-belgium","12":"has-post-title","13":"has-post-date","14":"has-post-category","15":"has-post-tag","16":"has-post-comment","17":"has-post-author","18":"","20":"first","21":"instock","22":"taxable","23":"shipping-taxable","24":"purchasable","25":"product-type-simple"},"jetpack_sharing_enabled":true,"builder_content":"","_links":{"self":[{"href":"https:\/\/www.zeus-braun.sk\/index.php\/wp-json\/wp\/v2\/product\/639","targetHints":{"allow":["GET"]}}],"collection":[{"href":"https:\/\/www.zeus-braun.sk\/index.php\/wp-json\/wp\/v2\/product"}],"about":[{"href":"https:\/\/www.zeus-braun.sk\/index.php\/wp-json\/wp\/v2\/types\/product"}],"replies":[{"embeddable":true,"href":"https:\/\/www.zeus-braun.sk\/index.php\/wp-json\/wp\/v2\/comments?post=639"}],"wp:featuredmedia":[{"embeddable":true,"href":"https:\/\/www.zeus-braun.sk\/index.php\/wp-json\/wp\/v2\/media\/12076"}],"wp:attachment":[{"href":"https:\/\/www.zeus-braun.sk\/index.php\/wp-json\/wp\/v2\/media?parent=639"}],"wp:term":[{"taxonomy":"product_brand","embeddable":true,"href":"https:\/\/www.zeus-braun.sk\/index.php\/wp-json\/wp\/v2\/product_brand?post=639"},{"taxonomy":"product_cat","embeddable":true,"href":"https:\/\/www.zeus-braun.sk\/index.php\/wp-json\/wp\/v2\/product_cat?post=639"},{"taxonomy":"product_tag","embeddable":true,"href":"https:\/\/www.zeus-braun.sk\/index.php\/wp-json\/wp\/v2\/product_tag?post=639"}],"curies":[{"name":"wp","href":"https:\/\/api.w.org\/{rel}","templated":true}]}}