{"id":613,"date":"2020-10-15T14:43:15","date_gmt":"2020-10-15T12:43:15","guid":{"rendered":"https:\/\/www.zeus-braun.sk\/?post_type=product&#038;p=613"},"modified":"2026-04-24T14:08:07","modified_gmt":"2026-04-24T12:08:07","slug":"zelena-farba-100g","status":"publish","type":"product","link":"https:\/\/www.zeus-braun.sk\/index.php\/produkt\/zelena-farba-100g\/","title":{"rendered":"Farba na \u010dokol\u00e1du pr\u00e1\u0161kov\u00e1 zelen\u00e1 100g"},"content":{"rendered":"<div>\n<div>\n<div>\n<div>Farba zelen\u00e1\u00a0z\u00e1kladn\u00e1, vhodn\u00e1 na farbenie \u010dokol\u00e1dy, kr\u00e9mov \/ktor\u00fdch z\u00e1klad tvor\u00ed kakaov\u00e9 maslo, maslo, margar\u00edn,&#8230;\/, modelovac\u00edch marcip\u00e1nov a \u010fal\u0161\u00edch v\u00fdrobkov.<\/div>\n<div><\/div>\n<\/div>\n<div><\/div>\n<\/div>\n<div><\/div>\n<\/div>\n<div><\/div>\n<p><b><span style=\"font-family: Arial\">Odpor\u00fa\u010dan\u00e9 skladovacie podmienky<\/span><\/b><\/p>\n<p><span style=\"font-family: Arial\">Teplota: 12-20\u00b0C<\/span><\/p>\n<p><span style=\"font-family: Arial\">Relat\u00edvna vlhkos\u0165: &lt;70%<\/span><\/p>\n<p><span style=\"font-family: Arial\">V\u00fdrobky by mali by\u0165 chr\u00e1nen\u00e9 pred vzduchom a svetlom a skladovan\u00e9 na mieste bez z\u00e1pachu<\/span><\/p>\n","protected":false},"excerpt":{"rendered":"<p>Forma: pr\u00e1\u0161kov\u00e1<\/p>\n<p><b>Balenie: 100 g<\/b><\/p>\n","protected":false},"featured_media":11401,"comment_status":"closed","ping_status":"closed","template":"","meta":[],"product_brand":[],"product_cat":[240,156,98,171],"product_tag":[95],"class_list":{"0":"post-613","1":"product","2":"type-product","3":"status-publish","4":"has-post-thumbnail","6":"product_cat-240","7":"product_cat-akcia_velka_noc","8":"product_cat-farby","9":"product_cat-praskove-farby-farby-na-cokoladu","10":"product_tag-ibc-belgium","11":"has-post-title","12":"has-post-date","13":"has-post-category","14":"has-post-tag","15":"has-post-comment","16":"has-post-author","17":"","19":"first","20":"instock","21":"taxable","22":"shipping-taxable","23":"purchasable","24":"product-type-simple"},"jetpack_sharing_enabled":true,"builder_content":"","_links":{"self":[{"href":"https:\/\/www.zeus-braun.sk\/index.php\/wp-json\/wp\/v2\/product\/613","targetHints":{"allow":["GET"]}}],"collection":[{"href":"https:\/\/www.zeus-braun.sk\/index.php\/wp-json\/wp\/v2\/product"}],"about":[{"href":"https:\/\/www.zeus-braun.sk\/index.php\/wp-json\/wp\/v2\/types\/product"}],"replies":[{"embeddable":true,"href":"https:\/\/www.zeus-braun.sk\/index.php\/wp-json\/wp\/v2\/comments?post=613"}],"wp:featuredmedia":[{"embeddable":true,"href":"https:\/\/www.zeus-braun.sk\/index.php\/wp-json\/wp\/v2\/media\/11401"}],"wp:attachment":[{"href":"https:\/\/www.zeus-braun.sk\/index.php\/wp-json\/wp\/v2\/media?parent=613"}],"wp:term":[{"taxonomy":"product_brand","embeddable":true,"href":"https:\/\/www.zeus-braun.sk\/index.php\/wp-json\/wp\/v2\/product_brand?post=613"},{"taxonomy":"product_cat","embeddable":true,"href":"https:\/\/www.zeus-braun.sk\/index.php\/wp-json\/wp\/v2\/product_cat?post=613"},{"taxonomy":"product_tag","embeddable":true,"href":"https:\/\/www.zeus-braun.sk\/index.php\/wp-json\/wp\/v2\/product_tag?post=613"}],"curies":[{"name":"wp","href":"https:\/\/api.w.org\/{rel}","templated":true}]}}