{"id":576,"date":"2022-03-15T19:38:03","date_gmt":"2022-03-15T18:38:03","guid":{"rendered":"https:\/\/www.zeus-braun.sk\/?post_type=product&#038;p=576"},"modified":"2025-08-13T11:04:18","modified_gmt":"2025-08-13T09:04:18","slug":"velke-kosicky-na-muffins","status":"publish","type":"product","link":"https:\/\/www.zeus-braun.sk\/index.php\/produkt\/velke-kosicky-na-muffins\/","title":{"rendered":"Ve\u013ek\u00e9 ko\u0161\u00ed\u010dky na muffins"},"content":{"rendered":"<p>\u0160\u00edrka: 50mm<\/p>\n<p>V\u00fd\u0161ka: 80mm<\/p>\n<p>Vhodn\u00fd na pe\u010denie. Termostabiln\u00fd papier.<\/p>\n","protected":false},"excerpt":{"rendered":"<p>Ko\u0161\u00ed\u010dek na muffiny.<\/p>\n<p><b>Balenie: 180ks \u00a0<\/b><\/p>\n<p>&nbsp;<\/p>\n","protected":false},"featured_media":621,"comment_status":"closed","ping_status":"closed","template":"","meta":[],"product_brand":[],"product_cat":[240,82,96],"product_tag":[],"class_list":{"0":"post-576","1":"product","2":"type-product","3":"status-publish","4":"has-post-thumbnail","6":"product_cat-240","7":"product_cat-pomocky","8":"product_cat-kosicky","9":"has-post-title","10":"has-post-date","11":"has-post-category","12":"has-post-tag","13":"has-post-comment","14":"has-post-author","15":"","17":"first","18":"outofstock","19":"taxable","20":"shipping-taxable","21":"purchasable","22":"product-type-simple"},"jetpack_sharing_enabled":true,"builder_content":"","_links":{"self":[{"href":"https:\/\/www.zeus-braun.sk\/index.php\/wp-json\/wp\/v2\/product\/576","targetHints":{"allow":["GET"]}}],"collection":[{"href":"https:\/\/www.zeus-braun.sk\/index.php\/wp-json\/wp\/v2\/product"}],"about":[{"href":"https:\/\/www.zeus-braun.sk\/index.php\/wp-json\/wp\/v2\/types\/product"}],"replies":[{"embeddable":true,"href":"https:\/\/www.zeus-braun.sk\/index.php\/wp-json\/wp\/v2\/comments?post=576"}],"wp:featuredmedia":[{"embeddable":true,"href":"https:\/\/www.zeus-braun.sk\/index.php\/wp-json\/wp\/v2\/media\/621"}],"wp:attachment":[{"href":"https:\/\/www.zeus-braun.sk\/index.php\/wp-json\/wp\/v2\/media?parent=576"}],"wp:term":[{"taxonomy":"product_brand","embeddable":true,"href":"https:\/\/www.zeus-braun.sk\/index.php\/wp-json\/wp\/v2\/product_brand?post=576"},{"taxonomy":"product_cat","embeddable":true,"href":"https:\/\/www.zeus-braun.sk\/index.php\/wp-json\/wp\/v2\/product_cat?post=576"},{"taxonomy":"product_tag","embeddable":true,"href":"https:\/\/www.zeus-braun.sk\/index.php\/wp-json\/wp\/v2\/product_tag?post=576"}],"curies":[{"name":"wp","href":"https:\/\/api.w.org\/{rel}","templated":true}]}}