{"id":574,"date":"2020-10-15T14:42:50","date_gmt":"2020-10-15T12:42:50","guid":{"rendered":"https:\/\/www.zeus-braun.sk\/?post_type=product&#038;p=574"},"modified":"2025-06-16T14:11:37","modified_gmt":"2025-06-16T12:11:37","slug":"mandlova-muka-lubeca-2","status":"publish","type":"product","link":"https:\/\/www.zeus-braun.sk\/index.php\/produkt\/mandlova-muka-lubeca-2\/","title":{"rendered":"Mand\u013eov\u00e1 m\u00faka jemn\u00e1 1kg n\u00e1hradn\u00e9 balenie"},"content":{"rendered":"<p>100% mand\u013eov\u00e1 m\u00faka z kalifornsk\u00fdch mandl\u00ed, bez pridania cukru. Ide\u00e1lna na v\u00fdrobu pe\u010diva a kol\u00e1\u010dov, makar\u00f3niek, bezlepkov\u00fdch korpusov a pusiniek.<\/p>\n<p>&nbsp;<\/p>\n<p><strong>Podmienky skladovania:<\/strong><\/p>\n<p>skladova\u0165 do max. 18 \u00b0 C v suchom, uzavretom priestore, v p\u00f4vodnom obale, chr\u00e1\u0148te pred mrazom a priamym slne\u010dn\u00fdm svetlom.<\/p>\n","protected":false},"excerpt":{"rendered":"<p>Ve\u013emi jemne mlet\u00e1 100% mand\u013eov\u00e1 m\u00faka,\u00a0bez lepku.<\/p>\n<p><b>Balenie: 1 kg<\/b><\/p>\n<p>&nbsp;<\/p>\n","protected":false},"featured_media":12913,"comment_status":"closed","ping_status":"closed","template":"","meta":[],"product_brand":[],"product_cat":[242,224,161,169,31],"product_tag":[32],"class_list":{"0":"post-574","1":"product","2":"type-product","3":"status-publish","4":"has-post-thumbnail","6":"product_cat-242","7":"product_cat-frontpage","8":"product_cat-promo","9":"product_cat-mandlova-muka","10":"product_cat-zmesi-na-pecenie","11":"product_tag-lubbeca","12":"has-post-title","13":"has-post-date","14":"has-post-category","15":"has-post-tag","16":"has-post-comment","17":"has-post-author","18":"","20":"first","21":"outofstock","22":"taxable","23":"shipping-taxable","24":"purchasable","25":"product-type-simple"},"jetpack_sharing_enabled":true,"builder_content":"","_links":{"self":[{"href":"https:\/\/www.zeus-braun.sk\/index.php\/wp-json\/wp\/v2\/product\/574","targetHints":{"allow":["GET"]}}],"collection":[{"href":"https:\/\/www.zeus-braun.sk\/index.php\/wp-json\/wp\/v2\/product"}],"about":[{"href":"https:\/\/www.zeus-braun.sk\/index.php\/wp-json\/wp\/v2\/types\/product"}],"replies":[{"embeddable":true,"href":"https:\/\/www.zeus-braun.sk\/index.php\/wp-json\/wp\/v2\/comments?post=574"}],"wp:featuredmedia":[{"embeddable":true,"href":"https:\/\/www.zeus-braun.sk\/index.php\/wp-json\/wp\/v2\/media\/12913"}],"wp:attachment":[{"href":"https:\/\/www.zeus-braun.sk\/index.php\/wp-json\/wp\/v2\/media?parent=574"}],"wp:term":[{"taxonomy":"product_brand","embeddable":true,"href":"https:\/\/www.zeus-braun.sk\/index.php\/wp-json\/wp\/v2\/product_brand?post=574"},{"taxonomy":"product_cat","embeddable":true,"href":"https:\/\/www.zeus-braun.sk\/index.php\/wp-json\/wp\/v2\/product_cat?post=574"},{"taxonomy":"product_tag","embeddable":true,"href":"https:\/\/www.zeus-braun.sk\/index.php\/wp-json\/wp\/v2\/product_tag?post=574"}],"curies":[{"name":"wp","href":"https:\/\/api.w.org\/{rel}","templated":true}]}}