{"id":572,"date":"2020-10-14T15:28:48","date_gmt":"2020-10-14T13:28:48","guid":{"rendered":"https:\/\/www.zeus-braun.sk\/?post_type=product&#038;p=572"},"modified":"2026-04-24T14:05:40","modified_gmt":"2026-04-24T12:05:40","slug":"zlato-platkove","status":"publish","type":"product","link":"https:\/\/www.zeus-braun.sk\/index.php\/produkt\/zlato-platkove\/","title":{"rendered":"Jedl\u00e9 Zlato pl\u00e1tkov\u00e9 23krt (25ks,8x8cm)"},"content":{"rendered":"<p>Pridajte zlat\u00fa iskru svojim sladk\u00fdm alebo slan\u00fdm v\u00fdtvorom. Ozdobte dezerty, torty, pe\u010divo, alebo pridajte \u0161tipku luxusu predjedl\u00e1m \u010di hlavn\u00e9mu chodu. Na ok\u00fazlenie sta\u010d\u00ed naozaj tro\u0161ka kreativity, a jedl\u00e9 zlato je skvel\u00fd pomocn\u00edk ako ho dosiahnu\u0165.<\/p>\n<p>Nie v\u0161etky typy pl\u00e1tkov\u00e9ho zlata dostupn\u00e9 na trhu s\u00fa vhodn\u00e9 aj na konzum\u00e1ciu, treba preto vybera\u0165 zodpovedne z overen\u00fdch zdrojov.<\/p>\n<p>Dekora\u010dn\u00e9 zlato v pl\u00e1tkoch na zdobenie luxusn\u00fdch dezertov a jed\u00e1l.<br \/>\nHr\u00fabka 0,3-0,5 mikr\u00f3nov &#8211; vhodn\u00e9 na konzum\u00e1ciu.<br \/>\nOrigin\u00e1l 23k zlato z Belgicka, z\u00e1ruka najvy\u0161\u0161ej kvality.<\/p>\n<p>&nbsp;<\/p>\n<div><\/div>\n","protected":false},"excerpt":{"rendered":"<div>\n<p>Dekora\u010dn\u00e9 zlato v pl\u00e1tkoch na zdobenie luxusn\u00fdch dezertov a jed\u00e1l.<br \/>\nOrigin\u00e1l 23k zlato z Belgicka, z\u00e1ruka najvy\u0161\u0161ej kvality.<\/p>\n<\/div>\n<div><b>Balenie: 25ks pl\u00e1tkov <\/b><\/div>\n<div><b>Velkos\u0165:\u00a0 8x8cm.<\/b><\/div>\n<div><strong>Hr\u00fabka: 0,3-0,5 mikr\u00f3nov<\/strong><\/div>\n","protected":false},"featured_media":10951,"comment_status":"closed","ping_status":"closed","template":"","meta":[],"product_brand":[],"product_cat":[240,233,55,160],"product_tag":[95],"class_list":{"0":"post-572","1":"product","2":"type-product","3":"status-publish","4":"has-post-thumbnail","6":"product_cat-240","7":"product_cat-zlato-a-striebro","8":"product_cat-posypy-a-dekoracie","9":"product_cat-kategorie","10":"product_tag-ibc-belgium","11":"has-post-title","12":"has-post-date","13":"has-post-category","14":"has-post-tag","15":"has-post-comment","16":"has-post-author","17":"","19":"first","20":"instock","21":"taxable","22":"shipping-taxable","23":"purchasable","24":"product-type-simple"},"jetpack_sharing_enabled":true,"builder_content":"","_links":{"self":[{"href":"https:\/\/www.zeus-braun.sk\/index.php\/wp-json\/wp\/v2\/product\/572","targetHints":{"allow":["GET"]}}],"collection":[{"href":"https:\/\/www.zeus-braun.sk\/index.php\/wp-json\/wp\/v2\/product"}],"about":[{"href":"https:\/\/www.zeus-braun.sk\/index.php\/wp-json\/wp\/v2\/types\/product"}],"replies":[{"embeddable":true,"href":"https:\/\/www.zeus-braun.sk\/index.php\/wp-json\/wp\/v2\/comments?post=572"}],"wp:featuredmedia":[{"embeddable":true,"href":"https:\/\/www.zeus-braun.sk\/index.php\/wp-json\/wp\/v2\/media\/10951"}],"wp:attachment":[{"href":"https:\/\/www.zeus-braun.sk\/index.php\/wp-json\/wp\/v2\/media?parent=572"}],"wp:term":[{"taxonomy":"product_brand","embeddable":true,"href":"https:\/\/www.zeus-braun.sk\/index.php\/wp-json\/wp\/v2\/product_brand?post=572"},{"taxonomy":"product_cat","embeddable":true,"href":"https:\/\/www.zeus-braun.sk\/index.php\/wp-json\/wp\/v2\/product_cat?post=572"},{"taxonomy":"product_tag","embeddable":true,"href":"https:\/\/www.zeus-braun.sk\/index.php\/wp-json\/wp\/v2\/product_tag?post=572"}],"curies":[{"name":"wp","href":"https:\/\/api.w.org\/{rel}","templated":true}]}}