{"id":564,"date":"2020-10-14T15:28:31","date_gmt":"2020-10-14T13:28:31","guid":{"rendered":"https:\/\/www.zeus-braun.sk\/?post_type=product&#038;p=564"},"modified":"2026-04-24T14:09:26","modified_gmt":"2026-04-24T12:09:26","slug":"mousse-callebaut-biela-cokolada","status":"publish","type":"product","link":"https:\/\/www.zeus-braun.sk\/index.php\/produkt\/mousse-callebaut-biela-cokolada\/","title":{"rendered":"Mousse &#8211; \u010dokol\u00e1dov\u00e1 pena biela 0,8kg"},"content":{"rendered":"<p style=\"font-weight: 400\">Bohat\u00e1 chu\u0165 bielej \u010dokol\u00e1dy, a hotov\u00e1 ne\u017e napo\u010d\u00edtate do troch!<\/p>\n<p style=\"font-weight: 400\">Dom\u00e1cej \u010dokol\u00e1dovej pene sa ni\u010d nevyrovn\u00e1. Ale s pr\u00e1\u0161kom White Chocolate Mousse Powder m\u00e1te ve\u013emi chutn\u00fa alternat\u00edvu na dosah ruky. Bezkonkuren\u010dn\u00e1 na trhu: t\u00e1to \u010dokol\u00e1dov\u00e1 pena sa takmer vyrovn\u00e1 tej dom\u00e1cej, ale u\u0161etr\u00ed v\u00e1m desa\u0165n\u00e1sobok \u010dasu. Tajomstvo jej intenz\u00edvnej a autentickej chuti pramen\u00ed vo ve\u013emi vysokom obsahu \u010dokol\u00e1dy &#8211; je toti\u017e vyroben\u00e1 z 58,5% bielej \u010dokol\u00e1dy Callebaut\u00ae.<\/p>\n<p style=\"font-weight: 400\">Jednoducho nasypete jedno balenie pr\u00e1\u0161ku do 1 litra studen\u00e9ho mlieka a \u0161\u013eah\u00e1te po dobu 5 min\u00fat na najvy\u0161\u0161ej r\u00fdchlosti. Po vy\u0161\u013eahan\u00ed m\u00e1 bohat\u00fa kr\u00e9mov\u00fa text\u00faru, ktor\u00e1 je dokonal\u00e1 na striekanie do poh\u00e1rov a tartalettiek alebo na vytv\u00e1ranie &#8222;knedli\u010diek&#8220; nahriatou ly\u017eicou na dezertn\u00fdch tanieroch.\u00a0 Na\u0161i \u0161\u00e9fkuch\u00e1ri odpor\u00fa\u010daj\u00fa nalievanie peny do skla pred ochladen\u00edm, tak sa zachov\u00e1 jej kr\u00e1sne nad\u00fdchan\u00e1 text\u00fara. Knedli\u010dky je vhodn\u00e9 vytv\u00e1ra\u0165 a\u017e po stuhnut\u00ed peny. Na pevnej\u0161iu \u0161trukt\u00faru nechajte stuhn\u00fa\u0165 6 hod\u00edn v chladni\u010dke.<\/p>\n<p style=\"font-weight: 400\">Jedno 800-gramov\u00e9 balenie posta\u010duje na pr\u00edpravu cca 36 porci\u00ed (po 50 gramoch) \u010dokol\u00e1dovej peny. Nemus\u00edte v\u0161ak cel\u00e9 balenie spotrebova\u0165 naraz, v\u017edy vy\u0161\u013eahajte s mliekom iba potrebn\u00e9 mno\u017estvo pr\u00e1\u0161ku, zvy\u0161ok dobre uzatvorte a skladujte na suchom mieste.<\/p>\n<p style=\"font-weight: 400\"><b><strong>Pr\u00edprava je r\u00fdchla a prebieha v troch krokoch:<\/strong><\/b><\/p>\n<ol>\n<li style=\"font-weight: 400\">Zmie\u0161ate zmes so studen\u00fdm mliekom<\/li>\n<li style=\"font-weight: 400\">Intenz\u00edvne \u0161\u013eah\u00e1te 5 min\u00fat<\/li>\n<li style=\"font-weight: 400\">Nech\u00e1te 2 &#8211; 6 hod\u00edn vychladi\u0165 a m\u00e1te hotovo<\/li>\n<\/ol>\n<p style=\"font-weight: 400\"><b><strong>Podmienky skladovania:<\/strong><\/b>\u00a0Nevystavujte priamemu slne\u010dn\u00e9mu \u017eiareniu, skladujte na suchom mieste bez v\u00f4n\u00ed a pachov, pri teplote 12 \u2013 20 \u00b0C a relat\u00edvnej vlhkosti do 70 %.<\/p>\n","protected":false},"excerpt":{"rendered":"<p>Biely \u010dokol\u00e1dov\u00fd\u00a0 mousse, 58,5% obsah \u010dokol\u00e1dy.<\/p>\n<p><b>Balenie 0,8kg<\/b><\/p>\n","protected":false},"featured_media":12841,"comment_status":"closed","ping_status":"closed","template":"","meta":[],"product_brand":[],"product_cat":[240,34,43,53],"product_tag":[57],"class_list":{"0":"post-564","1":"product","2":"type-product","3":"status-publish","4":"has-post-thumbnail","6":"product_cat-240","7":"product_cat-akcie","8":"product_cat-kremy-a-plnky","9":"product_cat-mousse","10":"product_tag-barry-callebaut","11":"has-post-title","12":"has-post-date","13":"has-post-category","14":"has-post-tag","15":"has-post-comment","16":"has-post-author","17":"","19":"first","20":"instock","21":"taxable","22":"shipping-taxable","23":"purchasable","24":"product-type-simple"},"jetpack_sharing_enabled":true,"builder_content":"","_links":{"self":[{"href":"https:\/\/www.zeus-braun.sk\/index.php\/wp-json\/wp\/v2\/product\/564","targetHints":{"allow":["GET"]}}],"collection":[{"href":"https:\/\/www.zeus-braun.sk\/index.php\/wp-json\/wp\/v2\/product"}],"about":[{"href":"https:\/\/www.zeus-braun.sk\/index.php\/wp-json\/wp\/v2\/types\/product"}],"replies":[{"embeddable":true,"href":"https:\/\/www.zeus-braun.sk\/index.php\/wp-json\/wp\/v2\/comments?post=564"}],"wp:featuredmedia":[{"embeddable":true,"href":"https:\/\/www.zeus-braun.sk\/index.php\/wp-json\/wp\/v2\/media\/12841"}],"wp:attachment":[{"href":"https:\/\/www.zeus-braun.sk\/index.php\/wp-json\/wp\/v2\/media?parent=564"}],"wp:term":[{"taxonomy":"product_brand","embeddable":true,"href":"https:\/\/www.zeus-braun.sk\/index.php\/wp-json\/wp\/v2\/product_brand?post=564"},{"taxonomy":"product_cat","embeddable":true,"href":"https:\/\/www.zeus-braun.sk\/index.php\/wp-json\/wp\/v2\/product_cat?post=564"},{"taxonomy":"product_tag","embeddable":true,"href":"https:\/\/www.zeus-braun.sk\/index.php\/wp-json\/wp\/v2\/product_tag?post=564"}],"curies":[{"name":"wp","href":"https:\/\/api.w.org\/{rel}","templated":true}]}}