{"id":556,"date":"2020-10-14T15:28:30","date_gmt":"2020-10-14T13:28:30","guid":{"rendered":"https:\/\/www.zeus-braun.sk\/?post_type=product&#038;p=556"},"modified":"2026-04-24T14:06:26","modified_gmt":"2026-04-24T12:06:26","slug":"biela-w2nv-blok-5kg","status":"publish","type":"product","link":"https:\/\/www.zeus-braun.sk\/index.php\/produkt\/biela-w2nv-blok-5kg\/","title":{"rendered":"Biela blok 5 kg"},"content":{"rendered":"<div>\n<div>\n<div>Prav\u00e1 belgick\u00e1 biela \u010dokol\u00e1da Callebaut s ide\u00e1lnou viskozitou pre pou\u017eitie do zmrzl\u00edn. \u010cokol\u00e1da je vo forme bloku &#8211; tie\u017e vhodn\u00e1 na tvorenie hobl\u00edn \u010di in\u00fdch ozd\u00f4b.<\/div>\n<\/div>\n<\/div>\n<div><\/div>\n<div>\n<div>\n<div>Zv\u00fd\u0161en\u00fd obsah kakaov\u00e9ho masla zabezpe\u010duje dokonal\u00fa tekutos\u0165 bez pridania \u010fal\u0161\u00edch tukov.<\/div>\n<\/div>\n<\/div>\n<div><\/div>\n<div>\n<div><b>Odpor\u00fa\u010dan\u00e9 skladovacie podmienky<\/b><\/div>\n<div>Teplota: 12-20\u00b0C<\/div>\n<div>Relat\u00edvna vlhkos\u0165: &lt;70%<\/div>\n<div>V\u00fdrobky by mali by\u0165 chr\u00e1nen\u00e9 pred vzduchom a svetlom a skladovan\u00e9 na mieste bez z\u00e1pachu<\/div>\n<\/div>\n","protected":false},"excerpt":{"rendered":"<div>\n<div>\u010cokol\u00e1da ur\u010den\u00e1 preva\u017ene na v\u00fdrobu ru\u010dne roben\u00fdch hobl\u00edn.<\/div>\n<\/div>\n<div>\n<div><b>\u00a0<\/b><\/div>\n<div><b>Balenie: 1 x 5 kg \u010dokol\u00e1dov\u00fd blok\u00a0<\/b><\/div>\n<div><\/div>\n<div>(BOX:5x5kg)<\/div>\n<\/div>\n","protected":false},"featured_media":12510,"comment_status":"closed","ping_status":"closed","template":"","meta":[],"product_brand":[],"product_cat":[240,59,64],"product_tag":[57],"class_list":{"0":"post-556","1":"product","2":"type-product","3":"status-publish","4":"has-post-thumbnail","6":"product_cat-240","7":"product_cat-cokolada-callebaut","8":"product_cat-10kg-balenie","9":"product_tag-barry-callebaut","10":"has-post-title","11":"has-post-date","12":"has-post-category","13":"has-post-tag","14":"has-post-comment","15":"has-post-author","16":"","18":"first","19":"instock","20":"taxable","21":"shipping-taxable","22":"purchasable","23":"product-type-simple"},"jetpack_sharing_enabled":true,"builder_content":"","_links":{"self":[{"href":"https:\/\/www.zeus-braun.sk\/index.php\/wp-json\/wp\/v2\/product\/556","targetHints":{"allow":["GET"]}}],"collection":[{"href":"https:\/\/www.zeus-braun.sk\/index.php\/wp-json\/wp\/v2\/product"}],"about":[{"href":"https:\/\/www.zeus-braun.sk\/index.php\/wp-json\/wp\/v2\/types\/product"}],"replies":[{"embeddable":true,"href":"https:\/\/www.zeus-braun.sk\/index.php\/wp-json\/wp\/v2\/comments?post=556"}],"wp:featuredmedia":[{"embeddable":true,"href":"https:\/\/www.zeus-braun.sk\/index.php\/wp-json\/wp\/v2\/media\/12510"}],"wp:attachment":[{"href":"https:\/\/www.zeus-braun.sk\/index.php\/wp-json\/wp\/v2\/media?parent=556"}],"wp:term":[{"taxonomy":"product_brand","embeddable":true,"href":"https:\/\/www.zeus-braun.sk\/index.php\/wp-json\/wp\/v2\/product_brand?post=556"},{"taxonomy":"product_cat","embeddable":true,"href":"https:\/\/www.zeus-braun.sk\/index.php\/wp-json\/wp\/v2\/product_cat?post=556"},{"taxonomy":"product_tag","embeddable":true,"href":"https:\/\/www.zeus-braun.sk\/index.php\/wp-json\/wp\/v2\/product_tag?post=556"}],"curies":[{"name":"wp","href":"https:\/\/api.w.org\/{rel}","templated":true}]}}