{"id":553,"date":"2020-10-14T15:28:29","date_gmt":"2020-10-14T13:28:29","guid":{"rendered":"https:\/\/www.zeus-braun.sk\/?post_type=product&#038;p=553"},"modified":"2026-04-30T14:03:36","modified_gmt":"2026-04-30T12:03:36","slug":"ice-mliecna-5kg","status":"publish","type":"product","link":"https:\/\/www.zeus-braun.sk\/index.php\/produkt\/ice-mliecna-5kg\/","title":{"rendered":"Mlie\u010dna ICE blok 5kg"},"content":{"rendered":"<div>Prav\u00e1 belgick\u00e1 \u010dokol\u00e1da Callebaut s vyv\u00e1\u017eenou mlie\u010dnou chu\u0165ou kakaa, s ide\u00e1lnou viskozitou pre pou\u017eitie do zmrzl\u00edn.<\/div>\n<div><\/div>\n<div>Zv\u00fd\u0161en\u00fd obsah kakaov\u00e9ho masla zabezpe\u010duje dokonal\u00fa tekutos\u0165 bez pridania \u010fal\u0161\u00edch tukov.<\/div>\n<div><\/div>\n<div>\n<div><b>Odpor\u00fa\u010dan\u00e9 skladovacie podmienky<\/b><\/div>\n<div>Teplota: 12-20\u00b0C<\/div>\n<div>Relat\u00edvna vlhkos\u0165: &lt;70%<\/div>\n<div>V\u00fdrobky by mali by\u0165 chr\u00e1nen\u00e9 pred vzduchom a svetlom a skladovan\u00e9 na mieste bez z\u00e1pachu<\/div>\n<\/div>\n","protected":false},"excerpt":{"rendered":"<div>\u010cokol\u00e1da ur\u010den\u00e1 preva\u017ene na v\u00fdrobu ru\u010dne roben\u00fdch hobl\u00edn.<\/div>\n<div><\/div>\n<div>\n<div><b>Balenie: 1 x 5 kg \u010dokol\u00e1dov\u00fd blok (obr\u00e1zok je ilustra\u010dn\u00fd)<\/b><\/div>\n<\/div>\n<div><\/div>\n<div>(BOX:5x5kg)<\/div>\n","protected":false},"featured_media":14437,"comment_status":"closed","ping_status":"closed","template":"","meta":[],"product_brand":[],"product_cat":[240,59,64],"product_tag":[57],"class_list":{"0":"post-553","1":"product","2":"type-product","3":"status-publish","4":"has-post-thumbnail","6":"product_cat-240","7":"product_cat-cokolada-callebaut","8":"product_cat-10kg-balenie","9":"product_tag-barry-callebaut","10":"has-post-title","11":"has-post-date","12":"has-post-category","13":"has-post-tag","14":"has-post-comment","15":"has-post-author","16":"","18":"first","19":"outofstock","20":"taxable","21":"shipping-taxable","22":"purchasable","23":"product-type-simple"},"jetpack_sharing_enabled":true,"builder_content":"","_links":{"self":[{"href":"https:\/\/www.zeus-braun.sk\/index.php\/wp-json\/wp\/v2\/product\/553","targetHints":{"allow":["GET"]}}],"collection":[{"href":"https:\/\/www.zeus-braun.sk\/index.php\/wp-json\/wp\/v2\/product"}],"about":[{"href":"https:\/\/www.zeus-braun.sk\/index.php\/wp-json\/wp\/v2\/types\/product"}],"replies":[{"embeddable":true,"href":"https:\/\/www.zeus-braun.sk\/index.php\/wp-json\/wp\/v2\/comments?post=553"}],"wp:featuredmedia":[{"embeddable":true,"href":"https:\/\/www.zeus-braun.sk\/index.php\/wp-json\/wp\/v2\/media\/14437"}],"wp:attachment":[{"href":"https:\/\/www.zeus-braun.sk\/index.php\/wp-json\/wp\/v2\/media?parent=553"}],"wp:term":[{"taxonomy":"product_brand","embeddable":true,"href":"https:\/\/www.zeus-braun.sk\/index.php\/wp-json\/wp\/v2\/product_brand?post=553"},{"taxonomy":"product_cat","embeddable":true,"href":"https:\/\/www.zeus-braun.sk\/index.php\/wp-json\/wp\/v2\/product_cat?post=553"},{"taxonomy":"product_tag","embeddable":true,"href":"https:\/\/www.zeus-braun.sk\/index.php\/wp-json\/wp\/v2\/product_tag?post=553"}],"curies":[{"name":"wp","href":"https:\/\/api.w.org\/{rel}","templated":true}]}}