{"id":516,"date":"2020-10-14T15:28:28","date_gmt":"2020-10-14T13:28:28","guid":{"rendered":"https:\/\/www.zeus-braun.sk\/?post_type=product&#038;p=516"},"modified":"2026-04-24T14:08:05","modified_gmt":"2026-04-24T12:08:05","slug":"folia-na-truffle-fialova-s-bodkami","status":"publish","type":"product","link":"https:\/\/www.zeus-braun.sk\/index.php\/produkt\/folia-na-truffle-fialova-s-bodkami\/","title":{"rendered":"APT alu papier\/ trufla  8&#215;8 cm strieborn\u00fd\/purple bodky 500ks"},"content":{"rendered":"<p><span style=\"font-family: Arial\">Hlin\u00edkov\u00e1 f\u00f3lia je vhodn\u00e1 na priamy kontakt s potravinami, ale strana s potla\u010dou nie.<\/span><\/p>\n<p><span style=\"font-family: Arial\">Hlin\u00edkov\u00e1 f\u00f3lia je recyklovate\u013en\u00e1.<br \/>\n<\/span><\/p>\n","protected":false},"excerpt":{"rendered":"<p>Hlin\u00edkov\u00e1 f\u00f3lia dekorovan\u00e1 na balenie truffl\u00ed<\/p>\n<p>Rozmer: 80x80mm<\/p>\n<p>Balenie: 500ks<\/p>\n<p>&nbsp;<\/p>\n","protected":false},"featured_media":12671,"comment_status":"closed","ping_status":"closed","template":"","meta":[],"product_brand":[],"product_cat":[240,78,82,108],"product_tag":[],"class_list":{"0":"post-516","1":"product","2":"type-product","3":"status-publish","4":"has-post-thumbnail","6":"product_cat-240","7":"product_cat-vianoce","8":"product_cat-pomocky","9":"product_cat-na-dezerty","10":"has-post-title","11":"has-post-date","12":"has-post-category","13":"has-post-tag","14":"has-post-comment","15":"has-post-author","16":"","18":"first","19":"instock","20":"taxable","21":"shipping-taxable","22":"purchasable","23":"product-type-simple"},"jetpack_sharing_enabled":true,"builder_content":"","_links":{"self":[{"href":"https:\/\/www.zeus-braun.sk\/index.php\/wp-json\/wp\/v2\/product\/516","targetHints":{"allow":["GET"]}}],"collection":[{"href":"https:\/\/www.zeus-braun.sk\/index.php\/wp-json\/wp\/v2\/product"}],"about":[{"href":"https:\/\/www.zeus-braun.sk\/index.php\/wp-json\/wp\/v2\/types\/product"}],"replies":[{"embeddable":true,"href":"https:\/\/www.zeus-braun.sk\/index.php\/wp-json\/wp\/v2\/comments?post=516"}],"wp:featuredmedia":[{"embeddable":true,"href":"https:\/\/www.zeus-braun.sk\/index.php\/wp-json\/wp\/v2\/media\/12671"}],"wp:attachment":[{"href":"https:\/\/www.zeus-braun.sk\/index.php\/wp-json\/wp\/v2\/media?parent=516"}],"wp:term":[{"taxonomy":"product_brand","embeddable":true,"href":"https:\/\/www.zeus-braun.sk\/index.php\/wp-json\/wp\/v2\/product_brand?post=516"},{"taxonomy":"product_cat","embeddable":true,"href":"https:\/\/www.zeus-braun.sk\/index.php\/wp-json\/wp\/v2\/product_cat?post=516"},{"taxonomy":"product_tag","embeddable":true,"href":"https:\/\/www.zeus-braun.sk\/index.php\/wp-json\/wp\/v2\/product_tag?post=516"}],"curies":[{"name":"wp","href":"https:\/\/api.w.org\/{rel}","templated":true}]}}