{"id":511,"date":"2020-10-14T15:28:27","date_gmt":"2020-10-14T13:28:27","guid":{"rendered":"https:\/\/www.zeus-braun.sk\/?post_type=product&#038;p=511"},"modified":"2026-04-24T14:05:21","modified_gmt":"2026-04-24T12:05:21","slug":"kakao-100","status":"publish","type":"product","link":"https:\/\/www.zeus-braun.sk\/index.php\/produkt\/kakao-100\/","title":{"rendered":"Kakao Plein Arome 1kg"},"content":{"rendered":"<p style=\"font-weight: 400\">Obsah tuku 22 &#8211; 24 %<\/p>\n<p style=\"font-weight: 400\">Vynikaj\u00faci z\u00e1klad pre dochucovanie a farbenie.<\/p>\n<p style=\"font-weight: 400\">Kakaov\u00fd pr\u00e1\u0161ok Callebaut\u00ae je 100% \u010dist\u00e9 kakao lisovan\u00e9 z rovnakej masy, ak\u00fa pou\u017e\u00edvame na v\u00fdrobu na\u0161ej Finest Belgian Chocolate. M\u00e1 tepl\u00fa \u010derveno-hned\u00fa farbu a ve\u013emi pr\u00edjemn\u00fa a stabiln\u00fa \u010dokol\u00e1dov\u00fa pr\u00edchu\u0165, ktor\u00e1 poch\u00e1dza najm\u00e4 zo zmesi z\u00e1padoafrick\u00fdch b\u00f4bov, ktor\u00e9 tvoria jeho z\u00e1klad. Je okorenen\u00fd dochucovac\u00edmi b\u00f4by z in\u00fdch africk\u00fdch oblast\u00ed, Latinskej Ameriky a \u00c1zie.<\/p>\n<p style=\"font-weight: 400\">Tento kakaov\u00fd pr\u00e1\u0161ok m\u00e1 ve\u013emi jemn\u00fa \u0161trukt\u00faru a \u013eahko sa mie\u0161a do ciest a tekut\u00edn, \u010do je v\u00fdborn\u00e9 pre dochucovanie a farbenie va\u0161ich pe\u010d\u00edv, korpusov, su\u0161ienok, zmrzl\u00edn, dezertov, n\u00e1pojov a mnoh\u00fdch \u010fal\u0161\u00edch pochut\u00edn.<\/p>\n<p style=\"font-weight: 400\"><b><strong>Podmienky skladovania:<\/strong><\/b>\u00a0Nevystavujte priamemu slne\u010dn\u00e9mu \u017eiareniu, skladujte na suchom mieste bez v\u00f4n\u00ed a pachov, pri teplote 12 \u2013 20 \u00b0C a relat\u00edvnej vlhkosti do 70 %.<\/p>\n","protected":false},"excerpt":{"rendered":"<p>Belgick\u00e9 100% kakao odtu\u010dnen\u00e9. Obsah tuku 22 &#8211; 24 %<\/p>\n<p><b>Balenie: 1kg<br \/>\n<\/b><\/p>\n","protected":false},"featured_media":12763,"comment_status":"closed","ping_status":"closed","template":"","meta":[],"product_brand":[],"product_cat":[239,34,90,93],"product_tag":[57],"class_list":{"0":"post-511","1":"product","2":"type-product","3":"status-publish","4":"has-post-thumbnail","6":"product_cat-239","7":"product_cat-akcie","8":"product_cat-kakao-a-kakaove-maslo","9":"product_cat-kakao","10":"product_tag-barry-callebaut","11":"has-post-title","12":"has-post-date","13":"has-post-category","14":"has-post-tag","15":"has-post-comment","16":"has-post-author","17":"","19":"first","20":"instock","21":"taxable","22":"shipping-taxable","23":"purchasable","24":"product-type-simple"},"jetpack_sharing_enabled":true,"builder_content":"","_links":{"self":[{"href":"https:\/\/www.zeus-braun.sk\/index.php\/wp-json\/wp\/v2\/product\/511","targetHints":{"allow":["GET"]}}],"collection":[{"href":"https:\/\/www.zeus-braun.sk\/index.php\/wp-json\/wp\/v2\/product"}],"about":[{"href":"https:\/\/www.zeus-braun.sk\/index.php\/wp-json\/wp\/v2\/types\/product"}],"replies":[{"embeddable":true,"href":"https:\/\/www.zeus-braun.sk\/index.php\/wp-json\/wp\/v2\/comments?post=511"}],"wp:featuredmedia":[{"embeddable":true,"href":"https:\/\/www.zeus-braun.sk\/index.php\/wp-json\/wp\/v2\/media\/12763"}],"wp:attachment":[{"href":"https:\/\/www.zeus-braun.sk\/index.php\/wp-json\/wp\/v2\/media?parent=511"}],"wp:term":[{"taxonomy":"product_brand","embeddable":true,"href":"https:\/\/www.zeus-braun.sk\/index.php\/wp-json\/wp\/v2\/product_brand?post=511"},{"taxonomy":"product_cat","embeddable":true,"href":"https:\/\/www.zeus-braun.sk\/index.php\/wp-json\/wp\/v2\/product_cat?post=511"},{"taxonomy":"product_tag","embeddable":true,"href":"https:\/\/www.zeus-braun.sk\/index.php\/wp-json\/wp\/v2\/product_tag?post=511"}],"curies":[{"name":"wp","href":"https:\/\/api.w.org\/{rel}","templated":true}]}}