{"id":509,"date":"2020-10-14T15:28:27","date_gmt":"2020-10-14T13:28:27","guid":{"rendered":"https:\/\/www.zeus-braun.sk\/?post_type=product&#038;p=509"},"modified":"2026-02-24T08:18:35","modified_gmt":"2026-02-24T07:18:35","slug":"kakao-intense-deep-black-100-van-houten","status":"publish","type":"product","link":"https:\/\/www.zeus-braun.sk\/index.php\/produkt\/kakao-intense-deep-black-100-van-houten\/","title":{"rendered":"Barry &#8211; Kakao Powder Noir Intense 1kg"},"content":{"rendered":"<p style=\"font-weight: 400\">Kakao odtu\u010dnen\u00e9 s n\u00e1dhernou tmavou a\u017e \u010diernou farbou.<\/p>\n<p style=\"font-weight: 400\">Obsah tuku 10 &#8211; 12 %<\/p>\n<p style=\"font-weight: 400\">Vhodne na pe\u010denie a do zmrzliny.<\/p>\n<p style=\"font-weight: 400\"><b><strong>Podmienky skladovania:<\/strong><\/b>\u00a0Nevystavujte priamemu slne\u010dn\u00e9mu \u017eiareniu, skladujte na suchom mieste bez v\u00f4n\u00ed a pachov, pri teplote 12 \u2013 20 \u00b0C a relat\u00edvnej vlhkosti do 70 %.<\/p>\n","protected":false},"excerpt":{"rendered":"<p>Kakao odtu\u010dnen\u00e9 s n\u00e1dhernou tmavou a\u017e \u010diernou farbou. Obsah tuku 10 &#8211; 12 %<\/p>\n<p><b>Balenie: 1 kg<\/b><\/p>\n","protected":false},"featured_media":12669,"comment_status":"closed","ping_status":"closed","template":"","meta":[],"product_brand":[],"product_cat":[239,90,93],"product_tag":[128],"class_list":{"0":"post-509","1":"product","2":"type-product","3":"status-publish","4":"has-post-thumbnail","6":"product_cat-239","7":"product_cat-kakao-a-kakaove-maslo","8":"product_cat-kakao","9":"product_tag-cacao-barry","10":"has-post-title","11":"has-post-date","12":"has-post-category","13":"has-post-tag","14":"has-post-comment","15":"has-post-author","16":"","18":"first","19":"outofstock","20":"taxable","21":"shipping-taxable","22":"purchasable","23":"product-type-simple"},"jetpack_sharing_enabled":true,"builder_content":"","_links":{"self":[{"href":"https:\/\/www.zeus-braun.sk\/index.php\/wp-json\/wp\/v2\/product\/509","targetHints":{"allow":["GET"]}}],"collection":[{"href":"https:\/\/www.zeus-braun.sk\/index.php\/wp-json\/wp\/v2\/product"}],"about":[{"href":"https:\/\/www.zeus-braun.sk\/index.php\/wp-json\/wp\/v2\/types\/product"}],"replies":[{"embeddable":true,"href":"https:\/\/www.zeus-braun.sk\/index.php\/wp-json\/wp\/v2\/comments?post=509"}],"wp:featuredmedia":[{"embeddable":true,"href":"https:\/\/www.zeus-braun.sk\/index.php\/wp-json\/wp\/v2\/media\/12669"}],"wp:attachment":[{"href":"https:\/\/www.zeus-braun.sk\/index.php\/wp-json\/wp\/v2\/media?parent=509"}],"wp:term":[{"taxonomy":"product_brand","embeddable":true,"href":"https:\/\/www.zeus-braun.sk\/index.php\/wp-json\/wp\/v2\/product_brand?post=509"},{"taxonomy":"product_cat","embeddable":true,"href":"https:\/\/www.zeus-braun.sk\/index.php\/wp-json\/wp\/v2\/product_cat?post=509"},{"taxonomy":"product_tag","embeddable":true,"href":"https:\/\/www.zeus-braun.sk\/index.php\/wp-json\/wp\/v2\/product_tag?post=509"}],"curies":[{"name":"wp","href":"https:\/\/api.w.org\/{rel}","templated":true}]}}