{"id":470,"date":"2020-10-14T15:28:12","date_gmt":"2020-10-14T13:28:12","guid":{"rendered":"https:\/\/www.zeus-braun.sk\/?post_type=product&#038;p=470"},"modified":"2026-04-30T14:06:14","modified_gmt":"2026-04-30T12:06:14","slug":"mycryo","status":"publish","type":"product","link":"https:\/\/www.zeus-braun.sk\/index.php\/produkt\/mycryo\/","title":{"rendered":"Mycryo 600g"},"content":{"rendered":"<p>Revolu\u010dn\u00e1 met\u00f3da s\u00fa\u010dasn\u00fdch svetov\u00fdch trendov pr\u00edpravy m\u00e4sa a zeleniny dostupn\u00e1 u\u017e aj pre V\u00e1s. U\u017e \u017eiadne straty v\u00e1hy pri pe\u010den\u00ed a grilovan\u00ed. Jednoduch\u00e1 pr\u00edprava: M\u00e4so obal\u00edte v kakaovom masle, pr\u00edpadne dochutenom o koreniny a grilujete, pe\u010diete,.. Nikdy predt\u00fdm ste nemali m\u00e4so tak\u00e9 \u0161\u0165avnat\u00e9. Mycryo je vhodn\u00e9 aj na grilovanie pe\u010dienok, zeleniny, \u0161ampi\u0148\u00f3nov a morsk\u00fdch potvoriek. M\u00f4\u017eete ho pou\u017ei\u0165 na panvicu, gril i uhlie.<\/p>\n<p style=\"font-weight: 400\">Mycryo \u2122 je 100% pr\u00edrodn\u00e1 zlo\u017eka: \u010dist\u00e9 kakaov\u00e9 maslo vo forme pr\u00e1\u0161ku. Predstavuje skuto\u010dn\u00fa revol\u00faciu v temperovan\u00ed. Pridan\u00edm len 2% Mycryo \u2122 do rozpustenej \u010dokol\u00e1dy vznikn\u00fa potrebn\u00e9 stabiln\u00e9 kry\u0161t\u00e1liky pre pohodln\u00e9 vytvorenie dokonalej vopred skry\u0161talizovanej \u010dokol\u00e1dy. Navy\u0161e pridan\u00edm kakaov\u00e9ho masla d\u00e1te svojej \u010dokol\u00e1de v\u00e4\u010d\u0161\u00ed lesk a tvrd\u0161\u00ed lom.<\/p>\n<p style=\"font-weight: 400\">Mycryo \u2122 je tie\u017e pozoruhodn\u00fd rastlinn\u00fd tuk pre sma\u017eenie a grilovanie. Odol\u00e1va teplot\u00e1m vypr\u00e1\u017eanie lep\u0161ie, ne\u017e maslo \u010di oleje, a nepripa\u013euje sa. Navy\u0161e vyvol\u00e1va prirodzen\u00fa pr\u00edchu\u0165 aj t\u00fdch najlahodnej\u0161\u00edm zlo\u017ek\u00e1m, ako s\u00fa napr. mu\u0161le alebo husacia pe\u010de\u0148. Jednoducho oba\u013ete zeleninu, m\u00e4so, ryby \u010di hydinu v Mycryo \u2122 a fritujte alebo grilujte ich v hor\u00facej panvici \u010di na hor\u00facom grile. Mycyro\u00ae m\u00f4\u017eete dokonca mie\u0161a\u0165 s bylinkami alebo koren\u00edm.<\/p>\n<p style=\"font-weight: 400\"><b><strong>Podmienky skladovania:\u00a0<\/strong><\/b>Nevystavujte priamemu slne\u010dn\u00e9mu \u017eiareniu, skladujte na suchom mieste bez v\u00f4n\u00ed a pachov, pri teplote 12 \u2013 20 \u00b0C a relat\u00edvnej vlhkosti do 70 %<\/p>\n","protected":false},"excerpt":{"rendered":"<p style=\"font-weight: 400\">Mycryo je dehydrovan\u00e9 kakaov\u00e9 maslo, 100% pr\u00edrodn\u00fd produkt bez cholesterolu.<\/p>\n<p style=\"font-weight: 400\">100% \u010dist\u00e9 kakaov\u00e9 maslo vo forme ve\u013emi jemn\u00e9ho pr\u00e1\u0161ku.<\/p>\n<p style=\"font-weight: 400\"><b><strong>Balenie: 0,55kg<\/strong><\/b><\/p>\n","protected":false},"featured_media":12895,"comment_status":"closed","ping_status":"closed","template":"","meta":[],"product_brand":[],"product_cat":[231,161,90,177],"product_tag":[57],"class_list":{"0":"post-470","1":"product","2":"type-product","3":"status-publish","4":"has-post-thumbnail","6":"product_cat-kakaove-maslo","7":"product_cat-promo","8":"product_cat-kakao-a-kakaove-maslo","9":"product_cat-pre-kucharov","10":"product_tag-barry-callebaut","11":"has-post-title","12":"has-post-date","13":"has-post-category","14":"has-post-tag","15":"has-post-comment","16":"has-post-author","17":"","19":"first","20":"instock","21":"sale","22":"taxable","23":"shipping-taxable","24":"purchasable","25":"product-type-simple"},"jetpack_sharing_enabled":true,"builder_content":"","_links":{"self":[{"href":"https:\/\/www.zeus-braun.sk\/index.php\/wp-json\/wp\/v2\/product\/470","targetHints":{"allow":["GET"]}}],"collection":[{"href":"https:\/\/www.zeus-braun.sk\/index.php\/wp-json\/wp\/v2\/product"}],"about":[{"href":"https:\/\/www.zeus-braun.sk\/index.php\/wp-json\/wp\/v2\/types\/product"}],"replies":[{"embeddable":true,"href":"https:\/\/www.zeus-braun.sk\/index.php\/wp-json\/wp\/v2\/comments?post=470"}],"wp:featuredmedia":[{"embeddable":true,"href":"https:\/\/www.zeus-braun.sk\/index.php\/wp-json\/wp\/v2\/media\/12895"}],"wp:attachment":[{"href":"https:\/\/www.zeus-braun.sk\/index.php\/wp-json\/wp\/v2\/media?parent=470"}],"wp:term":[{"taxonomy":"product_brand","embeddable":true,"href":"https:\/\/www.zeus-braun.sk\/index.php\/wp-json\/wp\/v2\/product_brand?post=470"},{"taxonomy":"product_cat","embeddable":true,"href":"https:\/\/www.zeus-braun.sk\/index.php\/wp-json\/wp\/v2\/product_cat?post=470"},{"taxonomy":"product_tag","embeddable":true,"href":"https:\/\/www.zeus-braun.sk\/index.php\/wp-json\/wp\/v2\/product_tag?post=470"}],"curies":[{"name":"wp","href":"https:\/\/api.w.org\/{rel}","templated":true}]}}