{"id":469,"date":"2020-10-14T15:28:11","date_gmt":"2020-10-14T13:28:11","guid":{"rendered":"https:\/\/www.zeus-braun.sk\/?post_type=product&#038;p=469"},"modified":"2026-04-24T14:09:39","modified_gmt":"2026-04-24T12:09:39","slug":"kakaove-maslo-3kg","status":"publish","type":"product","link":"https:\/\/www.zeus-braun.sk\/index.php\/produkt\/kakaove-maslo-3kg\/","title":{"rendered":"Kakaove maslo drops 3kg"},"content":{"rendered":"<div class=\"col-sm-8\">\n<div class=\"tab-content\">\n<div id=\"tab-description\" class=\"tab-pane active\">\n<p style=\"font-weight: 400\">K\u013e\u00fa\u010dov\u00e1 zlo\u017eka pre ka\u017ed\u00e9ho kreat\u00edvneho \u0161\u00e9fkuch\u00e1ra vytv\u00e1raj\u00faceho \u010dokol\u00e1dov\u00e9 v\u00fdrobky. Jednoduch\u00e9 pou\u017eitie v\u010faka kvap\u00f4\u010dkovej forme ktor\u00e1 u\u013eah\u010duje rozt\u00e1panie.<\/p>\n<p style=\"font-weight: 400\">Kakaov\u00e9 maslo Callebaut\u00ae je lisovan\u00e9 z prvotriedneho v\u00fdmeru cel\u00fdch pra\u017een\u00fdch kakaov\u00fdch b\u00f4bov. Je 100% \u010dist\u00e1 a m\u00e1 neutr\u00e1lnu chu\u0165 a farbu. Ide o vynikaj\u00faci z\u00e1klad pre mie\u0161anie v farbiacich zlo\u017ek\u00e1ch rozpustn\u00fdch v tuku pre pou\u017eitie so striekacou pi\u0161to\u013eou.<\/p>\n<p style=\"font-weight: 400\">Kakaov\u00e9 maslo v\u00e1m tie\u017e umo\u017e\u0148uje upravi\u0165 tekutos\u0165 va\u0161ej \u010dokol\u00e1dy: pridajte od 1 do 8% kakaov\u00e9ho masla do celkov\u00e9ho objemu va\u0161ej \u010dokol\u00e1dy a vytvor\u00edte tak o trochu tekutej\u0161iu \u010dokol\u00e1du, ktor\u00e1 je ide\u00e1lna pre tenk\u00e9 a\u017e ve\u013emi tenk\u00e9 tvarov\u00e9 lisovanie a polievanie. \u010ealej zlep\u0161uje lesk a lom va\u0161ej \u010dokol\u00e1dy pri pou\u017eit\u00ed v tvarovo lisovan\u00fdch a polievan\u00fdch cukrovink\u00e1ch.<\/p>\n<p style=\"font-weight: 400\"><b><strong>Podmienky skladovania:\u00a0<\/strong><\/b>Nevystavujte priamemu slne\u010dn\u00e9mu \u017eiareniu, skladujte na suchom mieste bez v\u00f4n\u00ed a pachov, pri teplote 12 \u2013 20 \u00b0C a relat\u00edvnej vlhkosti do 70 %.<\/p>\n<\/div>\n<\/div>\n<\/div>\n","protected":false},"excerpt":{"rendered":"<p>Jemn\u00e9 kakaov\u00e9 maslo, vhodn\u00e9 na pr\u00edpravu m\u00fa\u010dnikov, kr\u00e9mov, ciest a \u010fal\u0161\u00edch v\u00fdrobkov. Deodorovan\u00e9 (iba s ve\u013emi jemnou kakaovou v\u00f4\u0148ou)<\/p>\n<p><b>Balenie: 3 kg\u00a0<\/b><\/p>\n","protected":false},"featured_media":12606,"comment_status":"closed","ping_status":"closed","template":"","meta":[],"product_brand":[],"product_cat":[231,90],"product_tag":[57],"class_list":{"0":"post-469","1":"product","2":"type-product","3":"status-publish","4":"has-post-thumbnail","6":"product_cat-kakaove-maslo","7":"product_cat-kakao-a-kakaove-maslo","8":"product_tag-barry-callebaut","9":"has-post-title","10":"has-post-date","11":"has-post-category","12":"has-post-tag","13":"has-post-comment","14":"has-post-author","15":"","17":"first","18":"instock","19":"taxable","20":"shipping-taxable","21":"purchasable","22":"product-type-simple"},"jetpack_sharing_enabled":true,"builder_content":"","_links":{"self":[{"href":"https:\/\/www.zeus-braun.sk\/index.php\/wp-json\/wp\/v2\/product\/469","targetHints":{"allow":["GET"]}}],"collection":[{"href":"https:\/\/www.zeus-braun.sk\/index.php\/wp-json\/wp\/v2\/product"}],"about":[{"href":"https:\/\/www.zeus-braun.sk\/index.php\/wp-json\/wp\/v2\/types\/product"}],"replies":[{"embeddable":true,"href":"https:\/\/www.zeus-braun.sk\/index.php\/wp-json\/wp\/v2\/comments?post=469"}],"wp:featuredmedia":[{"embeddable":true,"href":"https:\/\/www.zeus-braun.sk\/index.php\/wp-json\/wp\/v2\/media\/12606"}],"wp:attachment":[{"href":"https:\/\/www.zeus-braun.sk\/index.php\/wp-json\/wp\/v2\/media?parent=469"}],"wp:term":[{"taxonomy":"product_brand","embeddable":true,"href":"https:\/\/www.zeus-braun.sk\/index.php\/wp-json\/wp\/v2\/product_brand?post=469"},{"taxonomy":"product_cat","embeddable":true,"href":"https:\/\/www.zeus-braun.sk\/index.php\/wp-json\/wp\/v2\/product_cat?post=469"},{"taxonomy":"product_tag","embeddable":true,"href":"https:\/\/www.zeus-braun.sk\/index.php\/wp-json\/wp\/v2\/product_tag?post=469"}],"curies":[{"name":"wp","href":"https:\/\/api.w.org\/{rel}","templated":true}]}}