{"id":465,"date":"2020-10-14T15:28:11","date_gmt":"2020-10-14T13:28:11","guid":{"rendered":"https:\/\/www.zeus-braun.sk\/?post_type=product&#038;p=465"},"modified":"2026-04-30T14:02:28","modified_gmt":"2026-04-30T12:02:28","slug":"isomalt-perly","status":"publish","type":"product","link":"https:\/\/www.zeus-braun.sk\/index.php\/produkt\/isomalt-perly\/","title":{"rendered":"Perly Isomalt 1kg"},"content":{"rendered":"<div class=\"col-sm-8\">\n<div class=\"tab-content\">\n<div id=\"tab-description\" class=\"tab-pane active\">\n<p><strong>Pracovn\u00fd postup:<\/strong><\/p>\n<p>1. Potrebn\u00e9 mno\u017estvo per\u00e1l rozpust\u00edme na panvici. Neprid\u00e1vame vodu, gluk\u00f3zu ani kyselinu v\u00ednnu.<\/p>\n<p>2. Po\u010dk\u00e1me, k\u00fdm nezmizn\u00fa v\u0161etky vzduchov\u00e9 bublinky.<\/p>\n<p>3. Vylejeme na modelovaciu podlo\u017eku \/napr.mramor, silpat,..\/ a m\u00f4\u017eeme modelova\u0165.<\/p>\n<p>D\u00f4le\u017eit\u00e9: Raz \u00faplne rozpusten\u00e9 perly u\u017e nikdy neskry\u0161talizuj\u00fa, av\u0161ak m\u00f4\u017eu by\u0165 viackr\u00e1t zohrievan\u00e9. Ale pozor! \u010c\u00edm dlh\u0161ie alebo \u010dastej\u0161ie hmotu zohrievame, t\u00fdm krehkej\u0161\u00ed potom vyroben\u00fd v\u00fdrobok bude.<\/p>\n<p>Ak sa hmota rozpust\u00ed pri viac ako 50\u00b0C, bude sa v\u00fdrobok ve\u013emi \u013eahko rozlamova\u0165. Z toho d\u00f4vodu je pri op\u00e4tovnom rozpusten\u00ed vhodn\u00e9 prida\u0165 do hmoty nieko\u013eko kvapiek vody, aby sa doplnila straten\u00e1 vlhkos\u0165.<\/p>\n<p>&nbsp;<\/p>\n<p><b>Odpor\u00fa\u010dan\u00e9 skladovacie podmienky<\/b><\/p>\n<p>Teplota: 12-20\u00b0C<\/p>\n<p>Relat\u00edvna vlhkos\u0165: &lt;70%<\/p>\n<p>V\u00fdrobky by mali by\u0165 chr\u00e1nen\u00e9 pred vzduchom a svetlom a skladovan\u00e9 na mieste bez z\u00e1pachu<\/p>\n<p>&nbsp;<\/p>\n<\/div>\n<\/div>\n<\/div>\n","protected":false},"excerpt":{"rendered":"<p>somalt \/premenen\u00e1 a skry\u0161talizovan\u00e1 sachar\u00f3za\/ je ide\u00e1lnou hotovou surovinou pre modelovanie karamelov\u00fdch ozd\u00f4b. Pou\u017eitie je ve\u013emi jednoduch\u00e9 a preto je medzi cukr\u00e1rmi ob\u013e\u00faben\u00e9.<\/p>\n<p><b>Balenie: 1kg<\/b><\/p>\n","protected":false},"featured_media":12649,"comment_status":"closed","ping_status":"closed","template":"","meta":[],"product_brand":[],"product_cat":[239,224,105,177],"product_tag":[],"class_list":{"0":"post-465","1":"product","2":"type-product","3":"status-publish","4":"has-post-thumbnail","6":"product_cat-239","7":"product_cat-frontpage","8":"product_cat-cukry-a-sladidla","9":"product_cat-pre-kucharov","10":"has-post-title","11":"has-post-date","12":"has-post-category","13":"has-post-tag","14":"has-post-comment","15":"has-post-author","16":"","18":"first","19":"instock","20":"taxable","21":"shipping-taxable","22":"purchasable","23":"product-type-simple"},"jetpack_sharing_enabled":true,"builder_content":"","_links":{"self":[{"href":"https:\/\/www.zeus-braun.sk\/index.php\/wp-json\/wp\/v2\/product\/465","targetHints":{"allow":["GET"]}}],"collection":[{"href":"https:\/\/www.zeus-braun.sk\/index.php\/wp-json\/wp\/v2\/product"}],"about":[{"href":"https:\/\/www.zeus-braun.sk\/index.php\/wp-json\/wp\/v2\/types\/product"}],"replies":[{"embeddable":true,"href":"https:\/\/www.zeus-braun.sk\/index.php\/wp-json\/wp\/v2\/comments?post=465"}],"wp:featuredmedia":[{"embeddable":true,"href":"https:\/\/www.zeus-braun.sk\/index.php\/wp-json\/wp\/v2\/media\/12649"}],"wp:attachment":[{"href":"https:\/\/www.zeus-braun.sk\/index.php\/wp-json\/wp\/v2\/media?parent=465"}],"wp:term":[{"taxonomy":"product_brand","embeddable":true,"href":"https:\/\/www.zeus-braun.sk\/index.php\/wp-json\/wp\/v2\/product_brand?post=465"},{"taxonomy":"product_cat","embeddable":true,"href":"https:\/\/www.zeus-braun.sk\/index.php\/wp-json\/wp\/v2\/product_cat?post=465"},{"taxonomy":"product_tag","embeddable":true,"href":"https:\/\/www.zeus-braun.sk\/index.php\/wp-json\/wp\/v2\/product_tag?post=465"}],"curies":[{"name":"wp","href":"https:\/\/api.w.org\/{rel}","templated":true}]}}