{"id":453,"date":"2020-10-14T15:27:53","date_gmt":"2020-10-14T13:27:53","guid":{"rendered":"https:\/\/www.zeus-braun.sk\/?post_type=product&#038;p=453"},"modified":"2026-04-24T14:06:39","modified_gmt":"2026-04-24T12:06:39","slug":"zahnuty-paletkovy-nozik-de-buyer-rozotieratko","status":"publish","type":"product","link":"https:\/\/www.zeus-braun.sk\/index.php\/produkt\/zahnuty-paletkovy-nozik-de-buyer-rozotieratko\/","title":{"rendered":"Paletkov\u00fd no\u017e\u00edk De Buyer mal\u00fd so zv\u00fd\u0161enou r\u00fa\u010dkou 12cm"},"content":{"rendered":"<div class=\"col-sm-8\">\n<div class=\"tab-content\">\n<div id=\"tab-description\" class=\"tab-pane active\">\n<p><span style=\"font-family: Arial, Helvetica, sans-serif\">\u0160ikm\u00fd tvar rukov\u00e4te tohto rozotieratka u\u013eah\u010duje rozlo\u017eenie cesta a jeho vyrovnanie.<\/span><\/p>\n<p><span style=\"font-family: Arial, Helvetica, sans-serif\">Robustn\u00e1 a odoln\u00e1 \u010depe\u013e vyroben\u00e1 z vysoko kvalitnej kalenej nehrdzavej\u00facej ocele X20 Cr13.<\/span><\/p>\n<p><span style=\"font-family: Arial, Helvetica, sans-serif\">Le\u0161ten\u00fd povrch: u\u013eah\u010duje rozotieranie a zabra\u0148uje kor\u00f3zii.<\/span><\/p>\n<p><span style=\"font-family: Arial, Helvetica, sans-serif\">Flexibiln\u00e1 \u010depe\u013e pre presn\u00fa pr\u00e1cu<\/span><\/p>\n<p><span style=\"font-family: Arial, Helvetica, sans-serif\">Ergonomick\u00e1 rukov\u00e4\u0165 z polyamidu vystu\u017een\u00e9ho sklenen\u00fdmi vl\u00e1knami s proti\u0161mykovou text\u00farou z uhl\u00edkov\u00fdch vl\u00e1kien.<\/span><\/p>\n<p><span style=\"font-family: Arial, Helvetica, sans-serif\">Dobr\u00e9 uchopenie so \u0161trbinou pre palec aby sa neposunul smerom k \u010depeli.<\/span><\/p>\n<p><span style=\"font-family: Arial, Helvetica, sans-serif\">Vhodn\u00e9 do um\u00fdva\u010dky riadu.<\/span><\/p>\n<div><\/div>\n<\/div>\n<\/div>\n<\/div>\n","protected":false},"excerpt":{"rendered":"<p><span style=\"font-family: Arial, Helvetica, sans-serif\">Mal\u00fd paletkov\u00fd no\u017e\u00edk, d\u013a\u017eka \u010depele je 12 cm.<\/span><\/p>\n<p><strong>Balenie: 1 ks<\/strong><\/p>\n","protected":false},"featured_media":11385,"comment_status":"closed","ping_status":"closed","template":"","meta":[],"product_brand":[],"product_cat":[240,236,82,170],"product_tag":[85],"class_list":{"0":"post-453","1":"product","2":"type-product","3":"status-publish","4":"has-post-thumbnail","6":"product_cat-240","7":"product_cat-pomocky-na-cokoladu","8":"product_cat-pomocky","9":"product_cat-kreativne_pomocky","10":"product_tag-de-buyer","11":"has-post-title","12":"has-post-date","13":"has-post-category","14":"has-post-tag","15":"has-post-comment","16":"has-post-author","17":"","19":"first","20":"outofstock","21":"taxable","22":"shipping-taxable","23":"purchasable","24":"product-type-simple"},"jetpack_sharing_enabled":true,"builder_content":"","_links":{"self":[{"href":"https:\/\/www.zeus-braun.sk\/index.php\/wp-json\/wp\/v2\/product\/453","targetHints":{"allow":["GET"]}}],"collection":[{"href":"https:\/\/www.zeus-braun.sk\/index.php\/wp-json\/wp\/v2\/product"}],"about":[{"href":"https:\/\/www.zeus-braun.sk\/index.php\/wp-json\/wp\/v2\/types\/product"}],"replies":[{"embeddable":true,"href":"https:\/\/www.zeus-braun.sk\/index.php\/wp-json\/wp\/v2\/comments?post=453"}],"wp:featuredmedia":[{"embeddable":true,"href":"https:\/\/www.zeus-braun.sk\/index.php\/wp-json\/wp\/v2\/media\/11385"}],"wp:attachment":[{"href":"https:\/\/www.zeus-braun.sk\/index.php\/wp-json\/wp\/v2\/media?parent=453"}],"wp:term":[{"taxonomy":"product_brand","embeddable":true,"href":"https:\/\/www.zeus-braun.sk\/index.php\/wp-json\/wp\/v2\/product_brand?post=453"},{"taxonomy":"product_cat","embeddable":true,"href":"https:\/\/www.zeus-braun.sk\/index.php\/wp-json\/wp\/v2\/product_cat?post=453"},{"taxonomy":"product_tag","embeddable":true,"href":"https:\/\/www.zeus-braun.sk\/index.php\/wp-json\/wp\/v2\/product_tag?post=453"}],"curies":[{"name":"wp","href":"https:\/\/api.w.org\/{rel}","templated":true}]}}