{"id":452,"date":"2020-10-14T15:27:53","date_gmt":"2020-10-14T13:27:53","guid":{"rendered":"https:\/\/www.zeus-braun.sk\/?post_type=product&#038;p=452"},"modified":"2026-04-24T14:07:35","modified_gmt":"2026-04-24T12:07:35","slug":"rovny-paletkovy-nozik-de-buyer-rozotieratko","status":"publish","type":"product","link":"https:\/\/www.zeus-braun.sk\/index.php\/produkt\/rovny-paletkovy-nozik-de-buyer-rozotieratko\/","title":{"rendered":"Paletkov\u00fd no\u017e\u00edk De Buyer 15cm rovn\u00fd"},"content":{"rendered":"<div class=\"col-sm-8\">\n<div class=\"tab-content\">\n<div id=\"tab-description\" class=\"tab-pane active\">\n<p>T\u00e1to ploch\u00e1 \u0161pacht\u013ea m\u00e1 zaoblen\u00fd koniec a je ide\u00e1lna na rozmet\u00e1vanie, vyhladzovanie a manipul\u00e1ciu s pe\u010divom.<\/p>\n<p><span style=\"font-family: Arial, Helvetica, sans-serif\">Robustn\u00e1 a odoln\u00e1 \u010depe\u013e vyroben\u00e1 z vysoko kvalitnej kalenej nehrdzavej\u00facej ocele X20 Cr13.<\/span><\/p>\n<p><span style=\"font-family: Arial, Helvetica, sans-serif\">Le\u0161ten\u00fd povrch: u\u013eah\u010duje rozotieranie a zabra\u0148uje kor\u00f3zii.<\/span><\/p>\n<p><span style=\"font-family: Arial, Helvetica, sans-serif\">Flexibiln\u00e1 \u010depe\u013e pre presn\u00fa pr\u00e1cu<\/span><\/p>\n<p><span style=\"font-family: Arial, Helvetica, sans-serif\">Ergonomick\u00e1 rukov\u00e4\u0165 z polyamidu vystu\u017een\u00e9ho sklenen\u00fdmi vl\u00e1knami s proti\u0161mykovou text\u00farou z uhl\u00edkov\u00fdch vl\u00e1kien.<\/span><\/p>\n<p><span style=\"font-family: Arial, Helvetica, sans-serif\">Dobr\u00e9 uchopenie so \u0161trbinou pre palec aby sa neposunul smerom k \u010depeli.<\/span><\/p>\n<p><span style=\"font-family: Arial, Helvetica, sans-serif\">Vhodn\u00e9 do um\u00fdva\u010dky riadu.<\/span><\/p>\n<div><\/div>\n<\/div>\n<\/div>\n<\/div>\n","protected":false},"excerpt":{"rendered":"<p><span style=\"font-family: Arial, Helvetica, sans-serif\">Paletkov\u00fd no\u017e\u00edk, d\u013a\u017eka \u010depele je 15 cm.<\/span><\/p>\n<p><strong>Balenie: 1ks<\/strong><\/p>\n","protected":false},"featured_media":11596,"comment_status":"closed","ping_status":"closed","template":"","meta":[],"product_brand":[],"product_cat":[240,236,82,170],"product_tag":[85],"class_list":{"0":"post-452","1":"product","2":"type-product","3":"status-publish","4":"has-post-thumbnail","6":"product_cat-240","7":"product_cat-pomocky-na-cokoladu","8":"product_cat-pomocky","9":"product_cat-kreativne_pomocky","10":"product_tag-de-buyer","11":"has-post-title","12":"has-post-date","13":"has-post-category","14":"has-post-tag","15":"has-post-comment","16":"has-post-author","17":"","19":"first","20":"instock","21":"taxable","22":"shipping-taxable","23":"purchasable","24":"product-type-simple"},"jetpack_sharing_enabled":true,"builder_content":"","_links":{"self":[{"href":"https:\/\/www.zeus-braun.sk\/index.php\/wp-json\/wp\/v2\/product\/452","targetHints":{"allow":["GET"]}}],"collection":[{"href":"https:\/\/www.zeus-braun.sk\/index.php\/wp-json\/wp\/v2\/product"}],"about":[{"href":"https:\/\/www.zeus-braun.sk\/index.php\/wp-json\/wp\/v2\/types\/product"}],"replies":[{"embeddable":true,"href":"https:\/\/www.zeus-braun.sk\/index.php\/wp-json\/wp\/v2\/comments?post=452"}],"wp:featuredmedia":[{"embeddable":true,"href":"https:\/\/www.zeus-braun.sk\/index.php\/wp-json\/wp\/v2\/media\/11596"}],"wp:attachment":[{"href":"https:\/\/www.zeus-braun.sk\/index.php\/wp-json\/wp\/v2\/media?parent=452"}],"wp:term":[{"taxonomy":"product_brand","embeddable":true,"href":"https:\/\/www.zeus-braun.sk\/index.php\/wp-json\/wp\/v2\/product_brand?post=452"},{"taxonomy":"product_cat","embeddable":true,"href":"https:\/\/www.zeus-braun.sk\/index.php\/wp-json\/wp\/v2\/product_cat?post=452"},{"taxonomy":"product_tag","embeddable":true,"href":"https:\/\/www.zeus-braun.sk\/index.php\/wp-json\/wp\/v2\/product_tag?post=452"}],"curies":[{"name":"wp","href":"https:\/\/api.w.org\/{rel}","templated":true}]}}