{"id":449,"date":"2020-10-14T15:27:53","date_gmt":"2020-10-14T13:27:53","guid":{"rendered":"https:\/\/www.zeus-braun.sk\/?post_type=product&#038;p=449"},"modified":"2026-04-24T14:08:47","modified_gmt":"2026-04-24T12:08:47","slug":"spicka-d-kvetina-bx0016","status":"publish","type":"product","link":"https:\/\/www.zeus-braun.sk\/index.php\/produkt\/spicka-d-kvetina-bx0016\/","title":{"rendered":"\u0160pi\u010dka kvetina BX0016 \/ 2120.01"},"content":{"rendered":"<div class=\"col-sm-8\">\n<div class=\"tab-content\">\n<div id=\"tab-description\" class=\"tab-pane active\">\n<p>D\u00fdzy z nehrdzavej\u00facej ocele, bez \u0161vov a s rovnou hranou.<br \/>\nIde\u00e1lne na zdobenie entremetov.<\/p>\n<p>Siln\u00fd a odoln\u00fd: s\u00fa ide\u00e1lne na \u0165a\u017ek\u00e9 pou\u017eitie.<\/p>\n<p>Nedeformovate\u013en\u00e9 a robustn\u00e9, vydr\u017eia vysok\u00e9 teploty.<\/p>\n<p>Presn\u00e1 a elegantn\u00e1 povrchov\u00e1 \u00faprava pre \u013eah\u0161iu pr\u00e1cu a kvalitnej\u0161\u00ed v\u00fdsledok.<\/p>\n<p>Prisp\u00f4sobuj\u00fa sa v\u0161etk\u00fdm typom vreciek na pe\u010divo.<br \/>\nStarostlivos\u0165: um\u00fdvate\u013en\u00e9 v um\u00fdva\u010dke riadu.<\/p>\n<\/div>\n<\/div>\n<\/div>\n<div class=\"col-sm-4\">\n<div class=\"btn-group\"><\/div>\n<\/div>\n","protected":false},"excerpt":{"rendered":"<p>Pevn\u00e1 nerezov\u00e1 \u0161pi\u010dka zna\u010dky de Buyer na plnenie a zdobenie dezetov a t\u00f4rt.<\/p>\n<p>Rozmer:\u00a0 premer 2,67 cm, dl\u017eka 3,85\u00a0 cm<\/p>\n<p><strong>Mno\u017estvo: 1ks<\/strong><\/p>\n","protected":false},"featured_media":11470,"comment_status":"closed","ping_status":"closed","template":"","meta":[],"product_brand":[],"product_cat":[240,224,82,83],"product_tag":[86],"class_list":{"0":"post-449","1":"product","2":"type-product","3":"status-publish","4":"has-post-thumbnail","6":"product_cat-240","7":"product_cat-frontpage","8":"product_cat-pomocky","9":"product_cat-vrecka-a-spicky","10":"product_tag-martellato","11":"has-post-title","12":"has-post-date","13":"has-post-category","14":"has-post-tag","15":"has-post-comment","16":"has-post-author","17":"","19":"first","20":"instock","21":"taxable","22":"shipping-taxable","23":"purchasable","24":"product-type-simple"},"jetpack_sharing_enabled":true,"builder_content":"","_links":{"self":[{"href":"https:\/\/www.zeus-braun.sk\/index.php\/wp-json\/wp\/v2\/product\/449","targetHints":{"allow":["GET"]}}],"collection":[{"href":"https:\/\/www.zeus-braun.sk\/index.php\/wp-json\/wp\/v2\/product"}],"about":[{"href":"https:\/\/www.zeus-braun.sk\/index.php\/wp-json\/wp\/v2\/types\/product"}],"replies":[{"embeddable":true,"href":"https:\/\/www.zeus-braun.sk\/index.php\/wp-json\/wp\/v2\/comments?post=449"}],"wp:featuredmedia":[{"embeddable":true,"href":"https:\/\/www.zeus-braun.sk\/index.php\/wp-json\/wp\/v2\/media\/11470"}],"wp:attachment":[{"href":"https:\/\/www.zeus-braun.sk\/index.php\/wp-json\/wp\/v2\/media?parent=449"}],"wp:term":[{"taxonomy":"product_brand","embeddable":true,"href":"https:\/\/www.zeus-braun.sk\/index.php\/wp-json\/wp\/v2\/product_brand?post=449"},{"taxonomy":"product_cat","embeddable":true,"href":"https:\/\/www.zeus-braun.sk\/index.php\/wp-json\/wp\/v2\/product_cat?post=449"},{"taxonomy":"product_tag","embeddable":true,"href":"https:\/\/www.zeus-braun.sk\/index.php\/wp-json\/wp\/v2\/product_tag?post=449"}],"curies":[{"name":"wp","href":"https:\/\/api.w.org\/{rel}","templated":true}]}}