{"id":448,"date":"2020-10-14T15:27:53","date_gmt":"2020-10-14T13:27:53","guid":{"rendered":"https:\/\/www.zeus-braun.sk\/?post_type=product&#038;p=448"},"modified":"2025-01-16T09:44:26","modified_gmt":"2025-01-16T08:44:26","slug":"spicka-splostena-zubkata-16x2-mm","status":"publish","type":"product","link":"https:\/\/www.zeus-braun.sk\/index.php\/produkt\/spicka-splostena-zubkata-16x2-mm\/","title":{"rendered":"\u0160pi\u010dka splo\u0161ten\u00e1 z\u00fabkat\u00e1 16x2mm BD300"},"content":{"rendered":"<p><span style=\"text-decoration: line-through\"><br \/>\n<\/span>Nerezov\u00e1 hviezdicov\u00e1 \u0161pi\u010dka s 8 zubami v z\u00e1vislosti od modelu, bez \u0161vov.<br \/>\nV\u010faka svojej plochej a vr\u00fabkovanej strane je ide\u00e1lna na zdobenie viano\u010dn\u00fdch gu\u013eat\u00edn &#8230;<\/p>\n<p>Je\u00a0odoln\u00fd a\u00a0 vhodn\u00fd na intenz\u00edvne pou\u017eitie.<br \/>\nNedeformovate\u013en\u00fd a robustn\u00fd, odoln\u00fd vo\u010di vysok\u00fdm teplot\u00e1m.<\/p>\n<p>Rovnak\u00e9 zuby: rovnak\u00e1 ve\u013ekos\u0165, rovnak\u00fd tvar a rovnomern\u00fd priestor medzi zubami pre konzistentn\u00e9 a kvalitn\u00e9 v\u00fdsledky.<br \/>\nP\u00e1sov\u00e1 d\u00fdza zais\u0165uje vynikaj\u00face vizu\u00e1lne v\u00fdsledky a jemn\u00fa prec\u00edznos\u0165 v\u010faka ve\u013emi elegantn\u00e9mu povrchu.<br \/>\nPermanentn\u00e9 zna\u010denie pre \u013eahk\u00fa identifik\u00e1ciu ve\u013ekosti d\u00fdzy.<br \/>\nHod\u00ed sa do v\u0161etk\u00fdch druhov vreciek na pe\u010divo.<br \/>\nStarostlivos\u0165: um\u00fdvate\u013en\u00e9 v um\u00fdva\u010dke riadu.<\/p>\n","protected":false},"excerpt":{"rendered":"<p>Pevn\u00e1 antikorov\u00e1 \u0161pi\u010dka zna\u010dky de Buyer na plnenie a zdobenie dezetov a t\u00f4rt.<\/p>\n<p><strong>Mno\u017estvo: 1ks<\/strong><\/p>\n<p><b><\/b><i><\/i><u><\/u>Rozmer:\u00a016&#215;2 mm<\/p>\n","protected":false},"featured_media":476,"comment_status":"closed","ping_status":"closed","template":"","meta":[],"product_brand":[],"product_cat":[240,82,83],"product_tag":[86],"class_list":{"0":"post-448","1":"product","2":"type-product","3":"status-publish","4":"has-post-thumbnail","6":"product_cat-240","7":"product_cat-pomocky","8":"product_cat-vrecka-a-spicky","9":"product_tag-martellato","10":"has-post-title","11":"has-post-date","12":"has-post-category","13":"has-post-tag","14":"has-post-comment","15":"has-post-author","16":"","18":"first","19":"instock","20":"taxable","21":"shipping-taxable","22":"purchasable","23":"product-type-simple"},"jetpack_sharing_enabled":true,"builder_content":"","_links":{"self":[{"href":"https:\/\/www.zeus-braun.sk\/index.php\/wp-json\/wp\/v2\/product\/448","targetHints":{"allow":["GET"]}}],"collection":[{"href":"https:\/\/www.zeus-braun.sk\/index.php\/wp-json\/wp\/v2\/product"}],"about":[{"href":"https:\/\/www.zeus-braun.sk\/index.php\/wp-json\/wp\/v2\/types\/product"}],"replies":[{"embeddable":true,"href":"https:\/\/www.zeus-braun.sk\/index.php\/wp-json\/wp\/v2\/comments?post=448"}],"wp:featuredmedia":[{"embeddable":true,"href":"https:\/\/www.zeus-braun.sk\/index.php\/wp-json\/wp\/v2\/media\/476"}],"wp:attachment":[{"href":"https:\/\/www.zeus-braun.sk\/index.php\/wp-json\/wp\/v2\/media?parent=448"}],"wp:term":[{"taxonomy":"product_brand","embeddable":true,"href":"https:\/\/www.zeus-braun.sk\/index.php\/wp-json\/wp\/v2\/product_brand?post=448"},{"taxonomy":"product_cat","embeddable":true,"href":"https:\/\/www.zeus-braun.sk\/index.php\/wp-json\/wp\/v2\/product_cat?post=448"},{"taxonomy":"product_tag","embeddable":true,"href":"https:\/\/www.zeus-braun.sk\/index.php\/wp-json\/wp\/v2\/product_tag?post=448"}],"curies":[{"name":"wp","href":"https:\/\/api.w.org\/{rel}","templated":true}]}}