{"id":44,"date":"2020-10-14T15:26:29","date_gmt":"2020-10-14T13:26:29","guid":{"rendered":"https:\/\/www.zeus-braun.sk\/?post_type=product&#038;p=44"},"modified":"2026-04-24T14:04:35","modified_gmt":"2026-04-24T12:04:35","slug":"ae-cokolada","status":"publish","type":"product","link":"https:\/\/www.zeus-braun.sk\/index.php\/produkt\/ae-cokolada\/","title":{"rendered":"\u010cokol\u00e1da &#8211; smotanov\u00fd kr\u00e9m 1kg"},"content":{"rendered":"<p>Pr\u00e1\u0161kov\u00e1 zmes ur\u010den\u00e1 na v\u00fdrobu \u013eahk\u00fdch \u0161\u013eaha\u010dkov\u00fdch kr\u00e9mov. Je vyroben\u00e1 na b\u00e1ze pr\u00edrodn\u00fdch ar\u00f3m s kakaom.<\/p>\n<p style=\"font-weight: 400\">Z\u00e1kladn\u00fd recept:\u00a0\u00a0 \u00a0 \u00a0 \u00a0 \u00a0 \u00a0 \u00a0 200 g\u00a0\u00a0\u00a0\u00a0\u00a0Alaska-express<\/p>\n<p style=\"font-weight: 400\">\u00a0 \u00a0 \u00a0 \u00a0 \u00a0 \u00a0 \u00a0 \u00a0 \u00a0 \u00a0 \u00a0 \u00a0 \u00a0 \u00a0 \u00a0 \u00a0 \u00a0 \u00a0 \u00a0 \u00a0 \u00a0 250 g\u00a0\u00a0\u00a0\u00a0\u00a0voda<\/p>\n<p style=\"font-weight: 400\">\u00a0 \u00a0 \u00a0 \u00a0 \u00a0 \u00a0 \u00a0 \u00a0 \u00a0 \u00a0 \u00a0 \u00a0 \u00a0 \u00a0 \u00a0 \u00a0 \u00a0 \u00a0 \u00a0 \u00a0 \u00a0 1000 g vy\u0161\u013eahanej \u0161\u013eaha\u010dky<\/p>\n<p style=\"font-weight: 400\">\u00a0Alasku express zmie\u0161a\u0165 s\u00a0vodou, potom opatrne vmie\u0161a\u0165 \u0161\u013eaha\u010dku.<\/p>\n<p style=\"font-weight: 400\"><b><strong>Podmienky skladovania:<\/strong><\/b><\/p>\n<p style=\"font-weight: 400\">skladova\u0165 do max. 20 \u00b0 C v suchom, uzavretom priestore, v p\u00f4vodnom obale, chr\u00e1\u0148te pred mrazom a priamym slne\u010dn\u00fdm svetlom.<\/p>\n","protected":false},"excerpt":{"rendered":"<p>Pr\u00e1\u0161kov\u00e1 zmes ur\u010den\u00e1 na v\u00fdrobu \u013eahk\u00fdch \u0161\u013eaha\u010dkov\u00fdch kr\u00e9mov. Je vyroben\u00e1 na b\u00e1ze pr\u00edrodn\u00fdch ar\u00f3m s kakaom.<\/p>\n<div>Kr\u00e9m je \u013eahk\u00fd, lahodn\u00fd, pevn\u00fd v reze, vhodn\u00fd aj na zmrazenie.\u00a0Je ide\u00e1lny na v\u00fdrobu t\u00f4rt, z\u00e1kuskov a minidezertov.<\/div>\n<div><\/div>\n<div><b>Balenie 1kg <\/b><\/div>\n<div><b>(Obr\u00e1zok je ilustra\u010dn\u00fd &#8211; tip na serv\u00edrovanie)<\/b><\/div>\n","protected":false},"featured_media":13455,"comment_status":"closed","ping_status":"closed","template":"","meta":[],"product_brand":[],"product_cat":[240,44],"product_tag":[33],"class_list":{"0":"post-44","1":"product","2":"type-product","3":"status-publish","4":"has-post-thumbnail","6":"product_cat-240","7":"product_cat-alaska-express","8":"product_tag-martin-braun-kg","9":"has-post-title","10":"has-post-date","11":"has-post-category","12":"has-post-tag","13":"has-post-comment","14":"has-post-author","15":"","17":"first","18":"instock","19":"taxable","20":"shipping-taxable","21":"purchasable","22":"product-type-simple"},"jetpack_sharing_enabled":true,"builder_content":"","_links":{"self":[{"href":"https:\/\/www.zeus-braun.sk\/index.php\/wp-json\/wp\/v2\/product\/44","targetHints":{"allow":["GET"]}}],"collection":[{"href":"https:\/\/www.zeus-braun.sk\/index.php\/wp-json\/wp\/v2\/product"}],"about":[{"href":"https:\/\/www.zeus-braun.sk\/index.php\/wp-json\/wp\/v2\/types\/product"}],"replies":[{"embeddable":true,"href":"https:\/\/www.zeus-braun.sk\/index.php\/wp-json\/wp\/v2\/comments?post=44"}],"wp:featuredmedia":[{"embeddable":true,"href":"https:\/\/www.zeus-braun.sk\/index.php\/wp-json\/wp\/v2\/media\/13455"}],"wp:attachment":[{"href":"https:\/\/www.zeus-braun.sk\/index.php\/wp-json\/wp\/v2\/media?parent=44"}],"wp:term":[{"taxonomy":"product_brand","embeddable":true,"href":"https:\/\/www.zeus-braun.sk\/index.php\/wp-json\/wp\/v2\/product_brand?post=44"},{"taxonomy":"product_cat","embeddable":true,"href":"https:\/\/www.zeus-braun.sk\/index.php\/wp-json\/wp\/v2\/product_cat?post=44"},{"taxonomy":"product_tag","embeddable":true,"href":"https:\/\/www.zeus-braun.sk\/index.php\/wp-json\/wp\/v2\/product_tag?post=44"}],"curies":[{"name":"wp","href":"https:\/\/api.w.org\/{rel}","templated":true}]}}