{"id":414,"date":"2020-10-14T15:27:52","date_gmt":"2020-10-14T13:27:52","guid":{"rendered":"https:\/\/www.zeus-braun.sk\/?post_type=product&#038;p=414"},"modified":"2026-04-24T14:08:02","modified_gmt":"2026-04-24T12:08:02","slug":"forma-na-dezerty","status":"publish","type":"product","link":"https:\/\/www.zeus-braun.sk\/index.php\/produkt\/forma-na-dezerty\/","title":{"rendered":"Eclair r\u00e1m"},"content":{"rendered":"<p>Vyroben\u00e9 vo Franc\u00fazsku.<\/p>\n<p>Vytvoren\u00fd v spolupr\u00e1ci s Mathieu Blandinom, majstrom sveta v cukr\u00e1rstve v roku 2013, je individu\u00e1lny prste\u0148 z nehrdzavej\u00facej ocele perfektn\u00fd na v\u00fdrobu kol\u00e1\u010dov, ktor\u00e9 sa \u013eahko konzumuj\u00fa.<\/p>\n<p>Profesion\u00e1lna kvalita: vonkaj\u0161ie zv\u00e1ranie odoln\u00e9 teplotn\u00fdm \u0161okom.<\/p>\n<p>Hladk\u00fd vn\u00fatorn\u00fd povrch pre bezchybn\u00e9 z\u00e1kusky.<\/p>\n<p>Vhodn\u00e9 do mrazni\u010dky, mrazni\u010dky, chladni\u010dky, vysokoteplotn\u00e9ho chladi\u010da aj pe\u010diacej r\u00fary.<\/p>\n<p>Nepou\u017e\u00edvajte s tekut\u00fdmi pr\u00edpravkami.<\/p>\n<p>Starostlivos\u0165: um\u00fdvate\u013en\u00e9 v um\u00fdva\u010dke riadu.<\/p>\n<div><\/div>\n","protected":false},"excerpt":{"rendered":"<p>Rozmer:\u00a0 14.5 x 3.5 cm<\/p>\n<p><b>Balenie: 1 ks<\/b><\/p>\n","protected":false},"featured_media":12056,"comment_status":"closed","ping_status":"closed","template":"","meta":[],"product_brand":[],"product_cat":[240,222,236,34,82,170],"product_tag":[85],"class_list":{"0":"post-414","1":"product","2":"type-product","3":"status-publish","4":"has-post-thumbnail","6":"product_cat-240","7":"product_cat-ine","8":"product_cat-pomocky-na-cokoladu","9":"product_cat-akcie","10":"product_cat-pomocky","11":"product_cat-kreativne_pomocky","12":"product_tag-de-buyer","13":"has-post-title","14":"has-post-date","15":"has-post-category","16":"has-post-tag","17":"has-post-comment","18":"has-post-author","19":"","21":"first","22":"instock","23":"sale","24":"taxable","25":"shipping-taxable","26":"purchasable","27":"product-type-simple"},"jetpack_sharing_enabled":true,"builder_content":"","_links":{"self":[{"href":"https:\/\/www.zeus-braun.sk\/index.php\/wp-json\/wp\/v2\/product\/414","targetHints":{"allow":["GET"]}}],"collection":[{"href":"https:\/\/www.zeus-braun.sk\/index.php\/wp-json\/wp\/v2\/product"}],"about":[{"href":"https:\/\/www.zeus-braun.sk\/index.php\/wp-json\/wp\/v2\/types\/product"}],"replies":[{"embeddable":true,"href":"https:\/\/www.zeus-braun.sk\/index.php\/wp-json\/wp\/v2\/comments?post=414"}],"wp:featuredmedia":[{"embeddable":true,"href":"https:\/\/www.zeus-braun.sk\/index.php\/wp-json\/wp\/v2\/media\/12056"}],"wp:attachment":[{"href":"https:\/\/www.zeus-braun.sk\/index.php\/wp-json\/wp\/v2\/media?parent=414"}],"wp:term":[{"taxonomy":"product_brand","embeddable":true,"href":"https:\/\/www.zeus-braun.sk\/index.php\/wp-json\/wp\/v2\/product_brand?post=414"},{"taxonomy":"product_cat","embeddable":true,"href":"https:\/\/www.zeus-braun.sk\/index.php\/wp-json\/wp\/v2\/product_cat?post=414"},{"taxonomy":"product_tag","embeddable":true,"href":"https:\/\/www.zeus-braun.sk\/index.php\/wp-json\/wp\/v2\/product_tag?post=414"}],"curies":[{"name":"wp","href":"https:\/\/api.w.org\/{rel}","templated":true}]}}