{"id":412,"date":"2020-10-14T15:27:52","date_gmt":"2020-10-14T13:27:52","guid":{"rendered":"https:\/\/www.zeus-braun.sk\/?post_type=product&#038;p=412"},"modified":"2026-04-24T14:05:14","modified_gmt":"2026-04-24T12:05:14","slug":"cukrarske-vrecka","status":"publish","type":"product","link":"https:\/\/www.zeus-braun.sk\/index.php\/produkt\/cukrarske-vrecka\/","title":{"rendered":"Cukr\u00e1rske vreck\u00e1 50ks"},"content":{"rendered":"<p>Ve\u013emi pevn\u00e9 cukr\u00e1rske vrecka z kvalitn\u00e9ho PVC.<\/p>\n<p>Mo\u017en\u00e9 vyu\u017e\u00edva\u0165 aj jednor\u00e1zovo aj opakovane.<\/p>\n<p>Vhodn\u00e9 na kr\u00e9my aj \u010dokol\u00e1du.<\/p>\n","protected":false},"excerpt":{"rendered":"<p>Cukr\u00e1rske vreck\u00e1, PVC 100 mikronov\u00e9 60cm.<\/p>\n<p><b>Balenie: 50 ks<\/b><\/p>\n","protected":false},"featured_media":10949,"comment_status":"closed","ping_status":"closed","template":"","meta":[],"product_brand":[],"product_cat":[240,82,83,177],"product_tag":[33],"class_list":{"0":"post-412","1":"product","2":"type-product","3":"status-publish","4":"has-post-thumbnail","6":"product_cat-240","7":"product_cat-pomocky","8":"product_cat-vrecka-a-spicky","9":"product_cat-pre-kucharov","10":"product_tag-martin-braun-kg","11":"has-post-title","12":"has-post-date","13":"has-post-category","14":"has-post-tag","15":"has-post-comment","16":"has-post-author","17":"","19":"first","20":"instock","21":"taxable","22":"shipping-taxable","23":"purchasable","24":"product-type-simple"},"jetpack_sharing_enabled":true,"builder_content":"","_links":{"self":[{"href":"https:\/\/www.zeus-braun.sk\/index.php\/wp-json\/wp\/v2\/product\/412","targetHints":{"allow":["GET"]}}],"collection":[{"href":"https:\/\/www.zeus-braun.sk\/index.php\/wp-json\/wp\/v2\/product"}],"about":[{"href":"https:\/\/www.zeus-braun.sk\/index.php\/wp-json\/wp\/v2\/types\/product"}],"replies":[{"embeddable":true,"href":"https:\/\/www.zeus-braun.sk\/index.php\/wp-json\/wp\/v2\/comments?post=412"}],"wp:featuredmedia":[{"embeddable":true,"href":"https:\/\/www.zeus-braun.sk\/index.php\/wp-json\/wp\/v2\/media\/10949"}],"wp:attachment":[{"href":"https:\/\/www.zeus-braun.sk\/index.php\/wp-json\/wp\/v2\/media?parent=412"}],"wp:term":[{"taxonomy":"product_brand","embeddable":true,"href":"https:\/\/www.zeus-braun.sk\/index.php\/wp-json\/wp\/v2\/product_brand?post=412"},{"taxonomy":"product_cat","embeddable":true,"href":"https:\/\/www.zeus-braun.sk\/index.php\/wp-json\/wp\/v2\/product_cat?post=412"},{"taxonomy":"product_tag","embeddable":true,"href":"https:\/\/www.zeus-braun.sk\/index.php\/wp-json\/wp\/v2\/product_tag?post=412"}],"curies":[{"name":"wp","href":"https:\/\/api.w.org\/{rel}","templated":true}]}}