{"id":407,"date":"2020-10-14T15:27:37","date_gmt":"2020-10-14T13:27:37","guid":{"rendered":"https:\/\/www.zeus-braun.sk\/?post_type=product&#038;p=407"},"modified":"2026-04-29T12:49:08","modified_gmt":"2026-04-29T10:49:08","slug":"tartalettes-eclairs-11cm-220ks","status":"publish","type":"product","link":"https:\/\/www.zeus-braun.sk\/index.php\/produkt\/tartalettes-eclairs-11cm-220ks\/","title":{"rendered":"Tartletes Eclairs 11cm 220ks"},"content":{"rendered":"<p>Nad\u00fdchan\u00e9 dut\u00e9 pe\u010divo zo smotanov\u00e9ho odpa\u013eovan\u00e9ho cesta s maslom. Eclairs s\u00fa ve\u013emi elegantn\u00fd dezert a m\u00f4\u017eu by\u0165 plnen\u00e9 \u0161\u013eaha\u010dkou alebo r\u00f4znymi smotanov\u00fdmi alebo pudingov\u00fdmi kr\u00e9mami ide\u00e1lne tenkou cukr\u00e1rskou \u0161pi\u010dkou zo spodnej strany, tie\u017e sa daj\u00fa zo strany nareza\u0165 a strieka\u0165 kr\u00e9m zdobenou rezanou \u0161pi\u010dkou. Je mo\u017en\u00e9 ich nam\u00e1\u010da\u0165, \u010di polieva\u0165 a ozdobi\u0165 pod\u013ea vlastnej predstavy.<\/p>\n<p><b>Podmienky skladovania<\/b>: Skladujte na chladom a suchom mieste. Nevystavujte priamemu slne\u010dn\u00e9mu \u017eiareniu, skladujte na suchom mieste bez v\u00f4n\u00ed a pachov, pri teplote 12 \u2013 20 \u00b0C a relat\u00edvnej vlhkosti do 60 %.<\/p>\n","protected":false},"excerpt":{"rendered":"<p>Nad\u00fdchan\u00e9 dut\u00e9 pe\u010divo zo smotanov\u00e9ho odpa\u013eovan\u00e9ho cesta s maslom.<\/p>\n<p><span style=\"font-family: Arial\">Ve\u013ekos\u0165: 11 cm<\/span><\/p>\n<p><span style=\"font-family: Arial\"><b>Balenie: 220 ks<\/b><\/span><\/p>\n","protected":false},"featured_media":10927,"comment_status":"closed","ping_status":"closed","template":"","meta":[],"product_brand":[],"product_cat":[239,35,36,37],"product_tag":[38],"class_list":{"0":"post-407","1":"product","2":"type-product","3":"status-publish","4":"has-post-thumbnail","6":"product_cat-239","7":"product_cat-silvester","8":"product_cat-tartalettes","9":"product_cat-sladke","10":"product_tag-hug-ag","11":"has-post-title","12":"has-post-date","13":"has-post-category","14":"has-post-tag","15":"has-post-comment","16":"has-post-author","17":"","19":"first","20":"instock","21":"taxable","22":"shipping-taxable","23":"purchasable","24":"product-type-simple"},"jetpack_sharing_enabled":true,"builder_content":"","_links":{"self":[{"href":"https:\/\/www.zeus-braun.sk\/index.php\/wp-json\/wp\/v2\/product\/407","targetHints":{"allow":["GET"]}}],"collection":[{"href":"https:\/\/www.zeus-braun.sk\/index.php\/wp-json\/wp\/v2\/product"}],"about":[{"href":"https:\/\/www.zeus-braun.sk\/index.php\/wp-json\/wp\/v2\/types\/product"}],"replies":[{"embeddable":true,"href":"https:\/\/www.zeus-braun.sk\/index.php\/wp-json\/wp\/v2\/comments?post=407"}],"wp:featuredmedia":[{"embeddable":true,"href":"https:\/\/www.zeus-braun.sk\/index.php\/wp-json\/wp\/v2\/media\/10927"}],"wp:attachment":[{"href":"https:\/\/www.zeus-braun.sk\/index.php\/wp-json\/wp\/v2\/media?parent=407"}],"wp:term":[{"taxonomy":"product_brand","embeddable":true,"href":"https:\/\/www.zeus-braun.sk\/index.php\/wp-json\/wp\/v2\/product_brand?post=407"},{"taxonomy":"product_cat","embeddable":true,"href":"https:\/\/www.zeus-braun.sk\/index.php\/wp-json\/wp\/v2\/product_cat?post=407"},{"taxonomy":"product_tag","embeddable":true,"href":"https:\/\/www.zeus-braun.sk\/index.php\/wp-json\/wp\/v2\/product_tag?post=407"}],"curies":[{"name":"wp","href":"https:\/\/api.w.org\/{rel}","templated":true}]}}