{"id":406,"date":"2020-10-14T15:27:37","date_gmt":"2020-10-14T13:27:37","guid":{"rendered":"https:\/\/www.zeus-braun.sk\/?post_type=product&#038;p=406"},"modified":"2026-04-24T14:04:55","modified_gmt":"2026-04-24T12:04:55","slug":"mriezka","status":"publish","type":"product","link":"https:\/\/www.zeus-braun.sk\/index.php\/produkt\/mriezka\/","title":{"rendered":"Dekor\u00e1cia Mrie\u017eka"},"content":{"rendered":"<p>Mrie\u017eky na \u010dokol\u00e1dov\u00e9 miniat\u00farne torty z tmavej \u010dokol\u00e1dy maj\u00fa pevn\u00fa mrie\u017ekov\u00fa \u0161trukt\u00faru, ktor\u00e1 va\u0161im v\u00fdtvorom dod\u00e1 nov\u00fd rozmer. T\u00e1to mrie\u017eka sa d\u00e1 pou\u017ei\u0165 na su\u0161ienky, pe\u010divo alebo dokonca zmrzliny.<\/p>\n<p>Priemer: 5 cm<\/p>\n<p><b>Podmienky skladovania:<\/b><\/p>\n<p>skladova\u0165 do max. 20 \u00b0 C v suchom, uzavretom priestore, v p\u00f4vodnom obale, chr\u00e1\u0148te pred mrazom a priamym slne\u010dn\u00fdm svetlom.<\/p>\n<!--themify_builder_content-->\n<div id=\"themify_builder_content-406\" data-postid=\"406\" class=\"themify_builder_content themify_builder_content-406 themify_builder tf_clear\">\n    <\/div>\n<!--\/themify_builder_content-->\n","protected":false},"excerpt":{"rendered":"<p>\u010cokol\u00e1dov\u00e1 ozdoba vyroben\u00e1 z jemnej \u010dokol\u00e1dy.<\/p>\n<p><b><span style=\"font-family: Arial\">Balenie: 195 ks\u00a0<\/span><\/b><\/p>\n<p>&nbsp;<\/p>\n","protected":false},"featured_media":11201,"comment_status":"closed","ping_status":"closed","template":"","meta":[],"product_brand":[],"product_cat":[240,55,160],"product_tag":[134],"class_list":{"0":"post-406","1":"product","2":"type-product","3":"status-publish","4":"has-post-thumbnail","6":"product_cat-240","7":"product_cat-posypy-a-dekoracie","8":"product_cat-kategorie","9":"product_tag-mona-lisa","10":"has-post-title","11":"has-post-date","12":"has-post-category","13":"has-post-tag","14":"has-post-comment","15":"has-post-author","16":"","18":"first","19":"instock","20":"taxable","21":"shipping-taxable","22":"purchasable","23":"product-type-simple"},"jetpack_sharing_enabled":true,"builder_content":"","_links":{"self":[{"href":"https:\/\/www.zeus-braun.sk\/index.php\/wp-json\/wp\/v2\/product\/406","targetHints":{"allow":["GET"]}}],"collection":[{"href":"https:\/\/www.zeus-braun.sk\/index.php\/wp-json\/wp\/v2\/product"}],"about":[{"href":"https:\/\/www.zeus-braun.sk\/index.php\/wp-json\/wp\/v2\/types\/product"}],"replies":[{"embeddable":true,"href":"https:\/\/www.zeus-braun.sk\/index.php\/wp-json\/wp\/v2\/comments?post=406"}],"wp:featuredmedia":[{"embeddable":true,"href":"https:\/\/www.zeus-braun.sk\/index.php\/wp-json\/wp\/v2\/media\/11201"}],"wp:attachment":[{"href":"https:\/\/www.zeus-braun.sk\/index.php\/wp-json\/wp\/v2\/media?parent=406"}],"wp:term":[{"taxonomy":"product_brand","embeddable":true,"href":"https:\/\/www.zeus-braun.sk\/index.php\/wp-json\/wp\/v2\/product_brand?post=406"},{"taxonomy":"product_cat","embeddable":true,"href":"https:\/\/www.zeus-braun.sk\/index.php\/wp-json\/wp\/v2\/product_cat?post=406"},{"taxonomy":"product_tag","embeddable":true,"href":"https:\/\/www.zeus-braun.sk\/index.php\/wp-json\/wp\/v2\/product_tag?post=406"}],"curies":[{"name":"wp","href":"https:\/\/api.w.org\/{rel}","templated":true}]}}