{"id":405,"date":"2020-10-14T15:27:37","date_gmt":"2020-10-14T13:27:37","guid":{"rendered":"https:\/\/www.zeus-braun.sk\/?post_type=product&#038;p=405"},"modified":"2026-04-30T14:02:36","modified_gmt":"2026-04-30T12:02:36","slug":"jura-trojuholnik","status":"publish","type":"product","link":"https:\/\/www.zeus-braun.sk\/index.php\/produkt\/jura-trojuholnik\/","title":{"rendered":"Dekor\u00e1cia Jura trojuholn\u00edk"},"content":{"rendered":"<p>Ultratenk\u00fd mramorov\u00fd \u0161picat\u00fd Jura v tvare trojuholn\u00edku, ktor\u00fd dod\u00e1va va\u0161im v\u00fdtvorom \u0161t\u00fdl a charakter. Rozbite svoje ozdoby Jura tak, ako chcete, a umiestnite ich na svoje cukrovinky, pe\u010divo, zmrzlinov\u00e9 v\u00fdrobky a dezerty, aby ste im dodali n\u00e1dych elegancie.<\/p>\n<p>Rozmer: 5,5 x 4,5 cm<\/p>\n<p><b>Podmienky skladovania:<\/b><\/p>\n<p>skladova\u0165 do max. 20 \u00b0 C v suchom, uzavretom priestore, v p\u00f4vodnom obale, chr\u00e1\u0148te pred mrazom a priamym slne\u010dn\u00fdm svetlom.<\/p>\n","protected":false},"excerpt":{"rendered":"<p>\u010cokol\u00e1dov\u00e1 ozdoba vyroben\u00e1 z jemnej \u010dokol\u00e1dy.<\/p>\n<p><b><span style=\"font-family: Arial\">Balenie: 490 ks\u00a0<\/span><\/b><\/p>\n<p>&nbsp;<\/p>\n","protected":false},"featured_media":11199,"comment_status":"closed","ping_status":"closed","template":"","meta":[],"product_brand":[],"product_cat":[240,55,160],"product_tag":[134],"class_list":{"0":"post-405","1":"product","2":"type-product","3":"status-publish","4":"has-post-thumbnail","6":"product_cat-240","7":"product_cat-posypy-a-dekoracie","8":"product_cat-kategorie","9":"product_tag-mona-lisa","10":"has-post-title","11":"has-post-date","12":"has-post-category","13":"has-post-tag","14":"has-post-comment","15":"has-post-author","16":"","18":"first","19":"instock","20":"taxable","21":"shipping-taxable","22":"purchasable","23":"product-type-simple"},"jetpack_sharing_enabled":true,"builder_content":"","_links":{"self":[{"href":"https:\/\/www.zeus-braun.sk\/index.php\/wp-json\/wp\/v2\/product\/405","targetHints":{"allow":["GET"]}}],"collection":[{"href":"https:\/\/www.zeus-braun.sk\/index.php\/wp-json\/wp\/v2\/product"}],"about":[{"href":"https:\/\/www.zeus-braun.sk\/index.php\/wp-json\/wp\/v2\/types\/product"}],"replies":[{"embeddable":true,"href":"https:\/\/www.zeus-braun.sk\/index.php\/wp-json\/wp\/v2\/comments?post=405"}],"wp:featuredmedia":[{"embeddable":true,"href":"https:\/\/www.zeus-braun.sk\/index.php\/wp-json\/wp\/v2\/media\/11199"}],"wp:attachment":[{"href":"https:\/\/www.zeus-braun.sk\/index.php\/wp-json\/wp\/v2\/media?parent=405"}],"wp:term":[{"taxonomy":"product_brand","embeddable":true,"href":"https:\/\/www.zeus-braun.sk\/index.php\/wp-json\/wp\/v2\/product_brand?post=405"},{"taxonomy":"product_cat","embeddable":true,"href":"https:\/\/www.zeus-braun.sk\/index.php\/wp-json\/wp\/v2\/product_cat?post=405"},{"taxonomy":"product_tag","embeddable":true,"href":"https:\/\/www.zeus-braun.sk\/index.php\/wp-json\/wp\/v2\/product_tag?post=405"}],"curies":[{"name":"wp","href":"https:\/\/api.w.org\/{rel}","templated":true}]}}