{"id":386,"date":"2020-10-14T15:27:36","date_gmt":"2020-10-14T13:27:36","guid":{"rendered":"https:\/\/www.zeus-braun.sk\/?post_type=product&#038;p=386"},"modified":"2026-04-24T14:10:01","modified_gmt":"2026-04-24T12:10:01","slug":"ncd-horka-tmava-orieskova-plnka","status":"publish","type":"product","link":"https:\/\/www.zeus-braun.sk\/index.php\/produkt\/ncd-horka-tmava-orieskova-plnka\/","title":{"rendered":"Nug\u00e1t tmav\u00fd 5kg"},"content":{"rendered":"<div class=\"col-sm-8\">\n<div class=\"tab-content\">\n<div id=\"tab-description\" class=\"tab-pane active\">\n<p><span style=\"color: #666666\">Zmes 47,5% \u010dokol\u00e1dy a 42,5% pasty z lieskov\u00fdch orie\u0161kov.<\/span><\/p>\n<p><span style=\"color: #666666\">NCD je hladk\u00e1 a smotanov\u00e1 zmes tmavej \u010dokol\u00e1dy Callebaut\u00ae a \u010distej pasty z lieskov\u00fdch orie\u0161kov. Obsahuje viac pasty z lieskov\u00fdch orie\u0161kov, ne\u017e gianduja (GIA), pri\u010dom m\u00e1 m\u00e4k\u0161iu text\u00faru. Master concher z Barry Callebaut, kr\u00e9m namie\u0161al, kon\u010doval a temperoval a vytvoril tak pr\u00edjemn\u00fa vyv\u00e1\u017een\u00fa chu\u0165 a hladk\u00fa, homog\u00e9nnu text\u00faru pre v\u00fdborn\u00fd pocit v \u00fastach.<\/span><\/p>\n<p><span style=\"color: #666666\">NCD sa dod\u00e1va v polo-tuh\u00fdch, m\u00e4kk\u00fdch blokoch a mo\u017eno ho \u013eahko kr\u00e1ja\u0165 na cukr\u00e1rske poch\u00fa\u0165ky alebo polieva\u0165 \u010dokol\u00e1dou.<\/span><\/p>\n<p><span style=\"color: #666666\">Po \u013eahkom zm\u00e4knut\u00ed alebo zamie\u0161an\u00ed m\u00f4\u017ee by\u0165 plnen\u00fd do tvarovan\u00fdch praliniek, \u0161krup\u00edn alebo \u010dokol\u00e1dov\u00fdch ty\u010diniek a tabuliek. Po roztaven\u00ed sa st\u00e1va lahodn\u00fdm z\u00e1kladom pre dochucovanie zmrzliny a n\u00e1pl\u0148ou cukrov\u00edn, ako s\u00fa napr. peny, bavorskej kol\u00e1\u010diky a cr\u00e9meux.\u00a0<\/span><\/p>\n<p>&nbsp;<\/p>\n<div><b>Odpor\u00fa\u010dan\u00e9 skladovacie podmienky<\/b><\/div>\n<div>Teplota: 12-20\u00b0C<\/div>\n<div>Relat\u00edvna vlhkos\u0165: &lt;70%<\/div>\n<div>V\u00fdrobky by mali by\u0165 chr\u00e1nen\u00e9 pred vzduchom a svetlom a skladovan\u00e9 na mieste bez z\u00e1pachu<\/div>\n<\/div>\n<\/div>\n<\/div>\n","protected":false},"excerpt":{"rendered":"<p>Orie\u0161kov\u00fd nug\u00e1t s horkou \u010dokol\u00e1dou &#8211; orie\u0161kov\u00e1 plnka. Obsahuje 42,5% lieskov\u00fdch orechov.<\/p>\n<p><b>Balenie: 5 kg<\/b><\/p>\n<p>&nbsp;<\/p>\n","protected":false},"featured_media":12880,"comment_status":"closed","ping_status":"closed","template":"","meta":[],"product_brand":[],"product_cat":[240,229,80,54,47],"product_tag":[57],"class_list":{"0":"post-386","1":"product","2":"type-product","3":"status-publish","4":"has-post-thumbnail","6":"product_cat-240","7":"product_cat-hotove-plnky","8":"product_cat-nugat","9":"product_cat-orieskove-pasty","10":"product_cat-plnky-do-praliniek","11":"product_tag-barry-callebaut","12":"has-post-title","13":"has-post-date","14":"has-post-category","15":"has-post-tag","16":"has-post-comment","17":"has-post-author","18":"","20":"first","21":"instock","22":"taxable","23":"shipping-taxable","24":"purchasable","25":"product-type-simple"},"jetpack_sharing_enabled":true,"builder_content":"","_links":{"self":[{"href":"https:\/\/www.zeus-braun.sk\/index.php\/wp-json\/wp\/v2\/product\/386","targetHints":{"allow":["GET"]}}],"collection":[{"href":"https:\/\/www.zeus-braun.sk\/index.php\/wp-json\/wp\/v2\/product"}],"about":[{"href":"https:\/\/www.zeus-braun.sk\/index.php\/wp-json\/wp\/v2\/types\/product"}],"replies":[{"embeddable":true,"href":"https:\/\/www.zeus-braun.sk\/index.php\/wp-json\/wp\/v2\/comments?post=386"}],"wp:featuredmedia":[{"embeddable":true,"href":"https:\/\/www.zeus-braun.sk\/index.php\/wp-json\/wp\/v2\/media\/12880"}],"wp:attachment":[{"href":"https:\/\/www.zeus-braun.sk\/index.php\/wp-json\/wp\/v2\/media?parent=386"}],"wp:term":[{"taxonomy":"product_brand","embeddable":true,"href":"https:\/\/www.zeus-braun.sk\/index.php\/wp-json\/wp\/v2\/product_brand?post=386"},{"taxonomy":"product_cat","embeddable":true,"href":"https:\/\/www.zeus-braun.sk\/index.php\/wp-json\/wp\/v2\/product_cat?post=386"},{"taxonomy":"product_tag","embeddable":true,"href":"https:\/\/www.zeus-braun.sk\/index.php\/wp-json\/wp\/v2\/product_tag?post=386"}],"curies":[{"name":"wp","href":"https:\/\/api.w.org\/{rel}","templated":true}]}}