{"id":384,"date":"2020-10-14T15:27:35","date_gmt":"2020-10-14T13:27:35","guid":{"rendered":"https:\/\/www.zeus-braun.sk\/?post_type=product&#038;p=384"},"modified":"2026-04-24T14:05:16","modified_gmt":"2026-04-24T12:05:16","slug":"gia-mliecna-orieskova-plnka","status":"publish","type":"product","link":"https:\/\/www.zeus-braun.sk\/index.php\/produkt\/gia-mliecna-orieskova-plnka\/","title":{"rendered":"GIA mlie\u010dna orie\u0161kov\u00e1 plnka 5kg"},"content":{"rendered":"<div class=\"col-sm-8\">\n<div class=\"tab-content\">\n<div id=\"tab-description\" class=\"tab-pane active\">\n<p>Gianduja Pale je hladk\u00e1 a smotanov\u00e1 zmes mlie\u010dnej \u010dokol\u00e1dy Callebaut\u00ae a \u010distej pasty zo stredne pra\u017een\u00fdch lieskov\u00fdch orie\u0161kov. N\u00e1\u0161 Master concher, kr\u00e9m namie\u0161al, kon\u010doval a temperoval a vytvoril tak pr\u00edjemn\u00fa vyv\u00e1\u017een\u00fa chu\u0165 a hladk\u00fa, kr\u00e9mov\u00fa a homog\u00e9nnu text\u00faru pre v\u00fdborn\u00fd pocit v \u00fastach.<\/p>\n<p>Gianduja Pale sa dod\u00e1va ako polo-pevn\u00fd kr\u00e9m, ktor\u00fd mo\u017eno \u013eahko vykrajova\u0165 do cukrovinkov\u00fdch poch\u00fa\u0165ok alebo polieva\u0165 \u010dokol\u00e1dou.<\/p>\n<p>Po zm\u00e4knut\u00ed m\u00f4\u017ee by\u0165\u00a0 plnen\u00e1 do tvarovan\u00fdch praliniek, \u0161krup\u00edn alebo \u010dokol\u00e1dov\u00fdch ty\u010diniek a tabuliek. Po roztaven\u00ed sa st\u00e1va dokonal\u00fdm z\u00e1kladom pre dochucovanie zmrzliny a n\u00e1pl\u0148ou cukrovinky, ako s\u00fa napr. peny, bavorskej kol\u00e1\u010diky a cr\u00e9meux.<\/p>\n<div><b>Odpor\u00fa\u010dan\u00e9 skladovacie podmienky<\/b><\/div>\n<div>Teplota: 12-20\u00b0C<\/div>\n<div>Relat\u00edvna vlhkos\u0165: &lt;70%<\/div>\n<div>V\u00fdrobky by mali by\u0165 chr\u00e1nen\u00e9 pred vzduchom a svetlom a skladovan\u00e9 na mieste bez z\u00e1pachu<\/div>\n<\/div>\n<\/div>\n<\/div>\n<!--themify_builder_content-->\n<div id=\"themify_builder_content-384\" data-postid=\"384\" class=\"themify_builder_content themify_builder_content-384 themify_builder tf_clear\">\n    <\/div>\n<!--\/themify_builder_content-->\n","protected":false},"excerpt":{"rendered":"<p>Zmes 75% mlie\u010dnej \u010dokol\u00e1dy a 25% lieskov\u00fdch orie\u0161kov.<\/p>\n<p><b>Balenie: 5 kg<\/b><\/p>\n<p>&nbsp;<\/p>\n","protected":false},"featured_media":12887,"comment_status":"closed","ping_status":"closed","template":"","meta":[],"product_brand":[],"product_cat":[240,229,47],"product_tag":[57],"class_list":{"0":"post-384","1":"product","2":"type-product","3":"status-publish","4":"has-post-thumbnail","6":"product_cat-240","7":"product_cat-hotove-plnky","8":"product_cat-plnky-do-praliniek","9":"product_tag-barry-callebaut","10":"has-post-title","11":"has-post-date","12":"has-post-category","13":"has-post-tag","14":"has-post-comment","15":"has-post-author","16":"","18":"first","19":"instock","20":"taxable","21":"shipping-taxable","22":"purchasable","23":"product-type-simple"},"jetpack_sharing_enabled":true,"builder_content":"","_links":{"self":[{"href":"https:\/\/www.zeus-braun.sk\/index.php\/wp-json\/wp\/v2\/product\/384","targetHints":{"allow":["GET"]}}],"collection":[{"href":"https:\/\/www.zeus-braun.sk\/index.php\/wp-json\/wp\/v2\/product"}],"about":[{"href":"https:\/\/www.zeus-braun.sk\/index.php\/wp-json\/wp\/v2\/types\/product"}],"replies":[{"embeddable":true,"href":"https:\/\/www.zeus-braun.sk\/index.php\/wp-json\/wp\/v2\/comments?post=384"}],"wp:featuredmedia":[{"embeddable":true,"href":"https:\/\/www.zeus-braun.sk\/index.php\/wp-json\/wp\/v2\/media\/12887"}],"wp:attachment":[{"href":"https:\/\/www.zeus-braun.sk\/index.php\/wp-json\/wp\/v2\/media?parent=384"}],"wp:term":[{"taxonomy":"product_brand","embeddable":true,"href":"https:\/\/www.zeus-braun.sk\/index.php\/wp-json\/wp\/v2\/product_brand?post=384"},{"taxonomy":"product_cat","embeddable":true,"href":"https:\/\/www.zeus-braun.sk\/index.php\/wp-json\/wp\/v2\/product_cat?post=384"},{"taxonomy":"product_tag","embeddable":true,"href":"https:\/\/www.zeus-braun.sk\/index.php\/wp-json\/wp\/v2\/product_tag?post=384"}],"curies":[{"name":"wp","href":"https:\/\/api.w.org\/{rel}","templated":true}]}}