{"id":383,"date":"2020-10-14T15:27:35","date_gmt":"2020-10-14T13:27:35","guid":{"rendered":"https:\/\/www.zeus-braun.sk\/?post_type=product&#038;p=383"},"modified":"2026-04-24T14:09:53","modified_gmt":"2026-04-24T12:09:53","slug":"plnka-karamelova","status":"publish","type":"product","link":"https:\/\/www.zeus-braun.sk\/index.php\/produkt\/plnka-karamelova\/","title":{"rendered":"Plnka Karamelov\u00e1 5kg"},"content":{"rendered":"<div class=\"col-sm-8\">\n<div class=\"tab-content\">\n<div id=\"tab-description\" class=\"tab-pane active\">\n<p style=\"font-weight: 400\">M\u00e1 v\u00fdrazn\u00fa, hlbok\u00fa karamelov\u00fa chu\u0165 a zlatohned\u00fa farbu charakteristick\u00fa pre doma vyroben\u00fd karamel. A najlep\u0161ie zo v\u0161etk\u00e9ho: je pripraven\u00fd a ihne\u010f po ruke!<\/p>\n<p style=\"font-weight: 400\">Na\u0161i kuch\u00e1ri vyvinuli karamelov\u00fd recept tak\u00fdm sp\u00f4sobom, aby bol v\u00fdrobok \u013eahko pou\u017eite\u013en\u00fd. Mo\u017eno ho pou\u017ei\u0165 od n\u00e1plne do praliniek a\u017e po topping na tort\u00e1ch. Karamel sa ne\u0165ah\u00e1, preto je ide\u00e1lny pre zdobenie mal\u00fdch sladkost\u00ed, ako s\u00fa pralinky alebo ty\u010dinky. Jeho konzistencia je dostato\u010dne kompaktn\u00e1, aby ho bolo mo\u017en\u00e9 pou\u017ei\u0165 ako topping na torty, pe\u010divo a dezerty. Tie\u017e je ide\u00e1lny ako doplnok kr\u00e9mov. Okrem toho m\u00f4\u017eete n\u00e1\u0161 karamel \u013eahko prisp\u00f4sobi\u0165 va\u0161im vlastn\u00fdm potreb\u00e1m: m\u00f4\u017eete ho zmie\u0161a\u0165 s morskou so\u013eou alebo s \u010dokol\u00e1dou, aby ste vytvorili \u010dokol\u00e1dov\u00e9 fond\u00e1ny.<\/p>\n<p><span style=\"font-family: Arial\"><b>Podmienky skladovania:<\/b><\/span><\/p>\n<p><span style=\"font-family: Arial\">skladova\u0165 do max. 20 \u00b0 C v suchom, uzavretom priestore, v p\u00f4vodnom obale, chr\u00e1\u0148te pred mrazom a priamym slne\u010dn\u00fdm svetlom.<\/span><\/p>\n<\/div>\n<\/div>\n<\/div>\n","protected":false},"excerpt":{"rendered":"<p>M\u00f4\u017eete sa spo\u013eahn\u00fa\u0165 na prav\u00fd karamel s v\u00fdbornou chu\u0165ou pripraven\u00fd z najlep\u0161\u00edch ingredienci\u00ed, bez umel\u00fdch pr\u00edchut\u00ed a farb\u00edv.<\/p>\n<p><b>Balenie: 5 kg<\/b><\/p>\n<p>&nbsp;<\/p>\n","protected":false},"featured_media":12879,"comment_status":"closed","ping_status":"closed","template":"","meta":[],"product_brand":[],"product_cat":[240,229,49,47],"product_tag":[57],"class_list":{"0":"post-383","1":"product","2":"type-product","3":"status-publish","4":"has-post-thumbnail","6":"product_cat-240","7":"product_cat-hotove-plnky","8":"product_cat-hotove-kremy","9":"product_cat-plnky-do-praliniek","10":"product_tag-barry-callebaut","11":"has-post-title","12":"has-post-date","13":"has-post-category","14":"has-post-tag","15":"has-post-comment","16":"has-post-author","17":"","19":"first","20":"instock","21":"taxable","22":"shipping-taxable","23":"purchasable","24":"product-type-simple"},"jetpack_sharing_enabled":true,"builder_content":"","_links":{"self":[{"href":"https:\/\/www.zeus-braun.sk\/index.php\/wp-json\/wp\/v2\/product\/383","targetHints":{"allow":["GET"]}}],"collection":[{"href":"https:\/\/www.zeus-braun.sk\/index.php\/wp-json\/wp\/v2\/product"}],"about":[{"href":"https:\/\/www.zeus-braun.sk\/index.php\/wp-json\/wp\/v2\/types\/product"}],"replies":[{"embeddable":true,"href":"https:\/\/www.zeus-braun.sk\/index.php\/wp-json\/wp\/v2\/comments?post=383"}],"wp:featuredmedia":[{"embeddable":true,"href":"https:\/\/www.zeus-braun.sk\/index.php\/wp-json\/wp\/v2\/media\/12879"}],"wp:attachment":[{"href":"https:\/\/www.zeus-braun.sk\/index.php\/wp-json\/wp\/v2\/media?parent=383"}],"wp:term":[{"taxonomy":"product_brand","embeddable":true,"href":"https:\/\/www.zeus-braun.sk\/index.php\/wp-json\/wp\/v2\/product_brand?post=383"},{"taxonomy":"product_cat","embeddable":true,"href":"https:\/\/www.zeus-braun.sk\/index.php\/wp-json\/wp\/v2\/product_cat?post=383"},{"taxonomy":"product_tag","embeddable":true,"href":"https:\/\/www.zeus-braun.sk\/index.php\/wp-json\/wp\/v2\/product_tag?post=383"}],"curies":[{"name":"wp","href":"https:\/\/api.w.org\/{rel}","templated":true}]}}