{"id":379,"date":"2020-10-14T15:27:35","date_gmt":"2020-10-14T13:27:35","guid":{"rendered":"https:\/\/www.zeus-braun.sk\/?post_type=product&#038;p=379"},"modified":"2026-04-24T14:08:31","modified_gmt":"2026-04-24T12:08:31","slug":"claro-marhulove-zlte","status":"publish","type":"product","link":"https:\/\/www.zeus-braun.sk\/index.php\/produkt\/claro-marhulove-zlte\/","title":{"rendered":"Claro marhula 1kg"},"content":{"rendered":"<div class=\"col-sm-8\">\n<div class=\"tab-content\">\n<div id=\"tab-description\" class=\"tab-pane active\">\n<p><span style=\"color: #666666;font-family: Arial\"><b>Z\u00e1kladn\u00fd recept:\u00a0<\/b><\/span><\/p>\n<p><span style=\"color: #666666;font-family: Arial\">\u00a0100 g Claro\u00a0<\/span><\/p>\n<p><span style=\"color: #666666;font-family: Arial\">\u00a050- 400 g cukru<\/span><\/p>\n<p><span style=\"color: #666666;font-family: Arial\">\u00a01000 g vody alebo ovocnej \u0161\u0165avy<\/span><\/p>\n<p><span style=\"font-family: Arial\">Vodu privies\u0165 do varu, vmie\u0161a\u0165 cukor a Claro. Po kr\u00e1tkom prejden\u00ed varom odstavi\u0165, prikry\u0165 pokrievkou a necha\u0165 schladi\u0165 na teplotu 30-40\u00b0C. Mo\u017en\u00e9 opakovane pou\u017e\u00edva\u0165.<\/span><\/p>\n<p>&nbsp;<\/p>\n<p><span style=\"font-family: Arial\"><b>Podmienky skladovania:<\/b><\/span><\/p>\n<p><span style=\"font-family: Arial\">skladova\u0165 do max. 20 \u00b0 C v suchom, uzavretom priestore, v p\u00f4vodnom obale, chr\u00e1\u0148te pred mrazom a priamym slne\u010dn\u00fdm svetlom.<\/span><\/p>\n<\/div>\n<\/div>\n<\/div>\n","protected":false},"excerpt":{"rendered":"<p>Rastlinn\u00e1 dextr\u00f3za.<\/p>\n<p>\u017delat\u00edna rastlinn\u00e9ho p\u00f4vodu.<\/p>\n<p><b>Balenie: 1kg<\/b><\/p>\n<p>&nbsp;<\/p>\n","protected":false},"featured_media":10942,"comment_status":"closed","ping_status":"closed","template":"","meta":[],"product_brand":[],"product_cat":[239,224,49,79],"product_tag":[33],"class_list":{"0":"post-379","1":"product","2":"type-product","3":"status-publish","4":"has-post-thumbnail","6":"product_cat-239","7":"product_cat-frontpage","8":"product_cat-hotove-kremy","9":"product_cat-zelatina","10":"product_tag-martin-braun-kg","11":"has-post-title","12":"has-post-date","13":"has-post-category","14":"has-post-tag","15":"has-post-comment","16":"has-post-author","17":"","19":"first","20":"instock","21":"taxable","22":"shipping-taxable","23":"purchasable","24":"product-type-simple"},"jetpack_sharing_enabled":true,"builder_content":"","_links":{"self":[{"href":"https:\/\/www.zeus-braun.sk\/index.php\/wp-json\/wp\/v2\/product\/379","targetHints":{"allow":["GET"]}}],"collection":[{"href":"https:\/\/www.zeus-braun.sk\/index.php\/wp-json\/wp\/v2\/product"}],"about":[{"href":"https:\/\/www.zeus-braun.sk\/index.php\/wp-json\/wp\/v2\/types\/product"}],"replies":[{"embeddable":true,"href":"https:\/\/www.zeus-braun.sk\/index.php\/wp-json\/wp\/v2\/comments?post=379"}],"wp:featuredmedia":[{"embeddable":true,"href":"https:\/\/www.zeus-braun.sk\/index.php\/wp-json\/wp\/v2\/media\/10942"}],"wp:attachment":[{"href":"https:\/\/www.zeus-braun.sk\/index.php\/wp-json\/wp\/v2\/media?parent=379"}],"wp:term":[{"taxonomy":"product_brand","embeddable":true,"href":"https:\/\/www.zeus-braun.sk\/index.php\/wp-json\/wp\/v2\/product_brand?post=379"},{"taxonomy":"product_cat","embeddable":true,"href":"https:\/\/www.zeus-braun.sk\/index.php\/wp-json\/wp\/v2\/product_cat?post=379"},{"taxonomy":"product_tag","embeddable":true,"href":"https:\/\/www.zeus-braun.sk\/index.php\/wp-json\/wp\/v2\/product_tag?post=379"}],"curies":[{"name":"wp","href":"https:\/\/api.w.org\/{rel}","templated":true}]}}