{"id":375,"date":"2020-10-14T15:27:34","date_gmt":"2020-10-14T13:27:34","guid":{"rendered":"https:\/\/www.zeus-braun.sk\/?post_type=product&#038;p=375"},"modified":"2026-04-24T14:09:13","modified_gmt":"2026-04-24T12:09:13","slug":"crispearls-slany-karamel","status":"publish","type":"product","link":"https:\/\/www.zeus-braun.sk\/index.php\/produkt\/crispearls-slany-karamel\/","title":{"rendered":"Crispearls GOLD slan\u00fd karamel 0,8kg"},"content":{"rendered":"<div>\n<div>Chrumkav\u00e9 gu\u013eky Crispearls\u2122 s\u00fa mal\u00e9 leskl\u00e9 perli\u010dky v slanom karamele s chrumkav\u00fdm cere\u00e1lnym jadrom. S chrumkav\u00fdmi gu\u013ekami Crispearls\u2122 budete ma\u0165 k dispoz\u00edcii kr\u00e1sne, chutn\u00e9 a chrumkav\u00e9 sp\u00f4soby zdobenia a dokon\u010dovania Va\u0161ich v\u00fdtvorov. S\u00fa ide\u00e1lne na zdobenie \u010dokol\u00e1dovej peny, kr\u00e9mov a \u010fal\u0161\u00edch m\u00e4kk\u00fdch dezertov, ktor\u00fdm prepo\u017ei\u010diavaj\u00fa chrumkav\u00fd charakter. Vhodn\u00e9 pou\u017eitie je aj do ra\u0148ajkov\u00fdch ka\u0161\u00ed \u010di jogurtov.<\/div>\n<\/div>\n<div><\/div>\n<p style=\"font-weight: 400\"><b>Podmienky skladovania:\u00a0<\/b>Nevystavujte priamemu slne\u010dn\u00e9mu \u017eiareniu, skladujte na suchom mieste bez v\u00f4n\u00ed a pachov, pri teplote 12 \u2013 20 \u00b0C a relat\u00edvnej vlhkosti do 70 %.<\/p>\n<!--themify_builder_content-->\n<div id=\"themify_builder_content-375\" data-postid=\"375\" class=\"themify_builder_content themify_builder_content-375 themify_builder tf_clear\">\n    <\/div>\n<!--\/themify_builder_content-->\n","protected":false},"excerpt":{"rendered":"<p>Cere\u00e1lne su\u0161ienky obalen\u00e9 v belgickej \u010dokol\u00e1de Callebaut.<\/p>\n<p>Ve\u013ekos\u0165 len 3mm.<\/p>\n<p><b>Balenie: 0.8kg<\/b><\/p>\n","protected":false},"featured_media":15267,"comment_status":"closed","ping_status":"closed","template":"","meta":[],"product_brand":[],"product_cat":[240,156,55,58],"product_tag":[57],"class_list":{"0":"post-375","1":"product","2":"type-product","3":"status-publish","4":"has-post-thumbnail","6":"product_cat-240","7":"product_cat-akcia_velka_noc","8":"product_cat-posypy-a-dekoracie","9":"product_cat-posypy","10":"product_tag-barry-callebaut","11":"has-post-title","12":"has-post-date","13":"has-post-category","14":"has-post-tag","15":"has-post-comment","16":"has-post-author","17":"","19":"first","20":"instock","21":"taxable","22":"shipping-taxable","23":"purchasable","24":"product-type-simple"},"jetpack_sharing_enabled":true,"builder_content":"","_links":{"self":[{"href":"https:\/\/www.zeus-braun.sk\/index.php\/wp-json\/wp\/v2\/product\/375","targetHints":{"allow":["GET"]}}],"collection":[{"href":"https:\/\/www.zeus-braun.sk\/index.php\/wp-json\/wp\/v2\/product"}],"about":[{"href":"https:\/\/www.zeus-braun.sk\/index.php\/wp-json\/wp\/v2\/types\/product"}],"replies":[{"embeddable":true,"href":"https:\/\/www.zeus-braun.sk\/index.php\/wp-json\/wp\/v2\/comments?post=375"}],"wp:featuredmedia":[{"embeddable":true,"href":"https:\/\/www.zeus-braun.sk\/index.php\/wp-json\/wp\/v2\/media\/15267"}],"wp:attachment":[{"href":"https:\/\/www.zeus-braun.sk\/index.php\/wp-json\/wp\/v2\/media?parent=375"}],"wp:term":[{"taxonomy":"product_brand","embeddable":true,"href":"https:\/\/www.zeus-braun.sk\/index.php\/wp-json\/wp\/v2\/product_brand?post=375"},{"taxonomy":"product_cat","embeddable":true,"href":"https:\/\/www.zeus-braun.sk\/index.php\/wp-json\/wp\/v2\/product_cat?post=375"},{"taxonomy":"product_tag","embeddable":true,"href":"https:\/\/www.zeus-braun.sk\/index.php\/wp-json\/wp\/v2\/product_tag?post=375"}],"curies":[{"name":"wp","href":"https:\/\/api.w.org\/{rel}","templated":true}]}}