{"id":374,"date":"2020-10-14T15:27:34","date_gmt":"2020-10-14T13:27:34","guid":{"rendered":"https:\/\/www.zeus-braun.sk\/?post_type=product&#038;p=374"},"modified":"2026-04-24T14:09:12","modified_gmt":"2026-04-24T12:09:12","slug":"crispearls-ruby","status":"publish","type":"product","link":"https:\/\/www.zeus-braun.sk\/index.php\/produkt\/crispearls-ruby\/","title":{"rendered":"Crispearls Ruby 0,8kg"},"content":{"rendered":"<div>Najovocn\u011bj\u0161ie \u010dokol\u00e1dov\u00e9 perli\u010dky.<\/div>\n<div>\n<div>Ruby Crispearls \u2122 kombinuj\u00fa Ruby \u010dokol\u00e1du s chrumkav\u00fdm cere\u00e1lnym stredom. Vynikaj\u00face s\u00fa na zdobenie a pridanie vzru\u0161uj\u00faceho kone\u010dn\u00e9ho, \u200b\u200bchrumkav\u00e9ho dotyku Va\u0161im dezertom. Vhodn\u00e9 pou\u017eitie je aj do ra\u0148ajkov\u00fdch ka\u0161\u00ed \u010di jogurtov.<\/div>\n<div>Jednoducho ich nasypte na torty, z\u00e1kusky alebo zmrzlinu a pridajte tak farebn\u00fd dotyk \u010dist\u00e9ho p\u00f4\u017eitku. Po zapracovan\u00ed do \u010dokol\u00e1dov\u00fdch pien, zmrzliny alebo kr\u00e9mov pridaj\u00fa chrumkav\u00fa \u010dokol\u00e1dovou text\u00faru.<\/div>\n<div><\/div>\n<\/div>\n<p style=\"font-weight: 400\"><b>Podmienky skladovania:\u00a0<\/b>Nevystavujte priamemu slne\u010dn\u00e9mu \u017eiareniu, skladujte na suchom mieste bez v\u00f4n\u00ed a pachov, pri teplote 12 \u2013 20 \u00b0C a relat\u00edvnej vlhkosti do 70 %.<\/p>\n","protected":false},"excerpt":{"rendered":"<p>Cere\u00e1lne su\u0161ienky obalen\u00e9 v belgickej RUBY \u010dokol\u00e1dy Callebaut.<\/p>\n<p>Ve\u013ekos\u0165 len 3mm.<\/p>\n<p><b>Balenie: 0.8kg<\/b><\/p>\n","protected":false},"featured_media":15268,"comment_status":"closed","ping_status":"closed","template":"","meta":[],"product_brand":[],"product_cat":[240,161,156,55,58],"product_tag":[57],"class_list":{"0":"post-374","1":"product","2":"type-product","3":"status-publish","4":"has-post-thumbnail","6":"product_cat-240","7":"product_cat-promo","8":"product_cat-akcia_velka_noc","9":"product_cat-posypy-a-dekoracie","10":"product_cat-posypy","11":"product_tag-barry-callebaut","12":"has-post-title","13":"has-post-date","14":"has-post-category","15":"has-post-tag","16":"has-post-comment","17":"has-post-author","18":"","20":"first","21":"instock","22":"taxable","23":"shipping-taxable","24":"purchasable","25":"product-type-simple"},"jetpack_sharing_enabled":true,"builder_content":"","_links":{"self":[{"href":"https:\/\/www.zeus-braun.sk\/index.php\/wp-json\/wp\/v2\/product\/374","targetHints":{"allow":["GET"]}}],"collection":[{"href":"https:\/\/www.zeus-braun.sk\/index.php\/wp-json\/wp\/v2\/product"}],"about":[{"href":"https:\/\/www.zeus-braun.sk\/index.php\/wp-json\/wp\/v2\/types\/product"}],"replies":[{"embeddable":true,"href":"https:\/\/www.zeus-braun.sk\/index.php\/wp-json\/wp\/v2\/comments?post=374"}],"wp:featuredmedia":[{"embeddable":true,"href":"https:\/\/www.zeus-braun.sk\/index.php\/wp-json\/wp\/v2\/media\/15268"}],"wp:attachment":[{"href":"https:\/\/www.zeus-braun.sk\/index.php\/wp-json\/wp\/v2\/media?parent=374"}],"wp:term":[{"taxonomy":"product_brand","embeddable":true,"href":"https:\/\/www.zeus-braun.sk\/index.php\/wp-json\/wp\/v2\/product_brand?post=374"},{"taxonomy":"product_cat","embeddable":true,"href":"https:\/\/www.zeus-braun.sk\/index.php\/wp-json\/wp\/v2\/product_cat?post=374"},{"taxonomy":"product_tag","embeddable":true,"href":"https:\/\/www.zeus-braun.sk\/index.php\/wp-json\/wp\/v2\/product_tag?post=374"}],"curies":[{"name":"wp","href":"https:\/\/api.w.org\/{rel}","templated":true}]}}