{"id":371,"date":"2020-10-14T15:27:33","date_gmt":"2020-10-14T13:27:33","guid":{"rendered":"https:\/\/www.zeus-braun.sk\/?post_type=product&#038;p=371"},"modified":"2026-04-24T14:09:10","modified_gmt":"2026-04-24T12:09:10","slug":"crispearls-biele","status":"publish","type":"product","link":"https:\/\/www.zeus-braun.sk\/index.php\/produkt\/crispearls-biele\/","title":{"rendered":"Crispearls biele 0,8kg"},"content":{"rendered":"<p style=\"font-weight: 400\">Crispearls \u2122 z bielej \u010dokol\u00e1dy zlu\u010duj\u00fa \u010dokol\u00e1du W2 Callebaut\u00ae s chrumkav\u00fdm cere\u00e1lnym stredom. S\u00fa vynikaj\u00face ako ozdoba alebo ako miniat\u00farna poch\u00fa\u0165ka ku k\u00e1ve alebo k \u010daju. \u010ealej s\u00fa perli\u010dky Crispearls \u2122 z bielej \u010dokol\u00e1dy vynikaj\u00face pri prid\u00e1van\u00ed vzru\u0161uj\u00faceho kone\u010dn\u00e9ho dojmu z va\u0161ich dezertov alebo sladkost\u00ed. Vhodn\u00e9 pou\u017eitie je aj do ra\u0148ajkov\u00fdch ka\u0161\u00ed \u010di jogurtov.<\/p>\n<p style=\"font-weight: 400\">Jednoducho ich posypte na torty, z\u00e1kusky alebo dezerty s glaz\u00farou a prid\u00e1te elegantn\u00fd dotyk \u010dist\u00e9ho p\u00f4\u017eitku. Po zapracovan\u00ed do \u010dokol\u00e1dov\u00fdch pien, zmrzliny alebo kr\u00e9mov prid\u00e1vaj\u00fa chrumkav\u00fa \u010dokol\u00e1dov\u00fa text\u00faru va\u0161im dezertom a zost\u00e1vaj\u00fa chrumkav\u00e9.<\/p>\n<p style=\"font-weight: 400\"><b>Podmienky skladovania:\u00a0<\/b>Nevystavujte priamemu slne\u010dn\u00e9mu \u017eiareniu, skladujte na suchom mieste bez v\u00f4n\u00ed a pachov, pri teplote 12 \u2013 20 \u00b0C a relat\u00edvnej vlhkosti do 70 %.<\/p>\n","protected":false},"excerpt":{"rendered":"<p>Cere\u00e1lne chrumky obalen\u00e9 v belgickej \u010dokol\u00e1de Callebaut.<\/p>\n<p>Ve\u013ekos\u0165 len 3mm.<\/p>\n<p><b>Balenie: 0.8kg<\/b><\/p>\n<p>&nbsp;<\/p>\n","protected":false},"featured_media":10965,"comment_status":"closed","ping_status":"closed","template":"","meta":[],"product_brand":[],"product_cat":[240,55,58],"product_tag":[57],"class_list":{"0":"post-371","1":"product","2":"type-product","3":"status-publish","4":"has-post-thumbnail","6":"product_cat-240","7":"product_cat-posypy-a-dekoracie","8":"product_cat-posypy","9":"product_tag-barry-callebaut","10":"has-post-title","11":"has-post-date","12":"has-post-category","13":"has-post-tag","14":"has-post-comment","15":"has-post-author","16":"","18":"first","19":"instock","20":"taxable","21":"shipping-taxable","22":"purchasable","23":"product-type-simple"},"jetpack_sharing_enabled":true,"builder_content":"","_links":{"self":[{"href":"https:\/\/www.zeus-braun.sk\/index.php\/wp-json\/wp\/v2\/product\/371","targetHints":{"allow":["GET"]}}],"collection":[{"href":"https:\/\/www.zeus-braun.sk\/index.php\/wp-json\/wp\/v2\/product"}],"about":[{"href":"https:\/\/www.zeus-braun.sk\/index.php\/wp-json\/wp\/v2\/types\/product"}],"replies":[{"embeddable":true,"href":"https:\/\/www.zeus-braun.sk\/index.php\/wp-json\/wp\/v2\/comments?post=371"}],"wp:featuredmedia":[{"embeddable":true,"href":"https:\/\/www.zeus-braun.sk\/index.php\/wp-json\/wp\/v2\/media\/10965"}],"wp:attachment":[{"href":"https:\/\/www.zeus-braun.sk\/index.php\/wp-json\/wp\/v2\/media?parent=371"}],"wp:term":[{"taxonomy":"product_brand","embeddable":true,"href":"https:\/\/www.zeus-braun.sk\/index.php\/wp-json\/wp\/v2\/product_brand?post=371"},{"taxonomy":"product_cat","embeddable":true,"href":"https:\/\/www.zeus-braun.sk\/index.php\/wp-json\/wp\/v2\/product_cat?post=371"},{"taxonomy":"product_tag","embeddable":true,"href":"https:\/\/www.zeus-braun.sk\/index.php\/wp-json\/wp\/v2\/product_tag?post=371"}],"curies":[{"name":"wp","href":"https:\/\/api.w.org\/{rel}","templated":true}]}}