{"id":368,"date":"2020-10-14T15:27:20","date_gmt":"2020-10-14T13:27:20","guid":{"rendered":"https:\/\/www.zeus-braun.sk\/?post_type=product&#038;p=368"},"modified":"2026-04-24T14:04:52","modified_gmt":"2026-04-24T12:04:52","slug":"trufle-biele-504-ks","status":"publish","type":"product","link":"https:\/\/www.zeus-braun.sk\/index.php\/produkt\/trufle-biele-504-ks\/","title":{"rendered":"Trufle biele 504ks"},"content":{"rendered":"<div><strong>Kr\u00e9mov\u00e9 mlie\u010dne \u0161krupiny z bielej \u010dokol\u00e1dy.<\/strong><br \/>\nTrufle biele vytv\u00e1raj\u00fa skvel\u00fa \u010dokol\u00e1dov\u00fa z\u00e1klad\u0148u pre vytvorenie luxusn\u00fdch dezertov.\u00a0\u0160krupiny &#8211; vyroben\u00e9 z kr\u00e9movej bielej \u010dokol\u00e1dy Callebaut\u00ae s v\u00fdraznou mlie\u010dnou chu\u0165ou &#8211; maj\u00fa kr\u00e1sny vzh\u013ead.\u00a0Maj\u00fa prisp\u00f4sobiv\u00fd otvor, tak\u017ee ich m\u00f4\u017eete \u013eahko naplni\u0165 tekutou n\u00e1pl\u0148ou, pralinkou alebo kr\u00e9movou n\u00e1pl\u0148ou.<br \/>\nPo ich naplnen\u00ed a stuhnut\u00ed plnky na\u0161i \u0161\u00e9fkuch\u00e1ri odpor\u00fa\u010daj\u00fa nam\u00e1\u010da\u0165 ich do temperovanej \u010dokol\u00e1dy a a\u017e potom ich ihne\u010f dokon\u010di\u0165 pod\u013ea chuti.<br \/>\nM\u00f4\u017eete ich obali\u0165 napr\u00edklad v \u010dokol\u00e1dov\u00fdch hoblin\u00e1ch, \u010dokol\u00e1dov\u00fdch kvetoch, crispearls \u2122, drven\u00fdch orie\u0161koch BRES &#8230; do \u010dohoko\u013evek pod\u013ea Va\u0161ej fant\u00e1zie.<\/div>\n<div><\/div>\n<div>\n<div><b>Podmienky skladovania<\/b><\/div>\n<div>Produkt skladujte v \u010distom a suchom prostred\u00ed (relat\u00edvna vlhkos\u0165 vzduchu max. 70%) a bez z\u00e1pachu.<\/div>\n<div>Skladovacia teplota: 12 &#8211; 20\u00b0C<\/div>\n<\/div>\n<!--themify_builder_content-->\n<div id=\"themify_builder_content-368\" data-postid=\"368\" class=\"themify_builder_content themify_builder_content-368 themify_builder tf_clear\">\n    <\/div>\n<!--\/themify_builder_content-->\n","protected":false},"excerpt":{"rendered":"<p>Trufle z\u00a0 bielej \u010dokol\u00e1dy.<\/p>\n<p><b><span style=\"font-family: Arial\">Balenie: 504 ks\u00a0<\/span><\/b><\/p>\n<p>&nbsp;<\/p>\n","protected":false},"featured_media":11046,"comment_status":"closed","ping_status":"closed","template":"","meta":[],"product_brand":[],"product_cat":[240,156,78,55,77,160],"product_tag":[134],"class_list":{"0":"post-368","1":"product","2":"type-product","3":"status-publish","4":"has-post-thumbnail","6":"product_cat-240","7":"product_cat-akcia_velka_noc","8":"product_cat-vianoce","9":"product_cat-posypy-a-dekoracie","10":"product_cat-cokoladove-kosicky-a-trufle","11":"product_cat-kategorie","12":"product_tag-mona-lisa","13":"has-post-title","14":"has-post-date","15":"has-post-category","16":"has-post-tag","17":"has-post-comment","18":"has-post-author","19":"","21":"first","22":"instock","23":"taxable","24":"shipping-taxable","25":"purchasable","26":"product-type-simple"},"jetpack_sharing_enabled":true,"builder_content":"","_links":{"self":[{"href":"https:\/\/www.zeus-braun.sk\/index.php\/wp-json\/wp\/v2\/product\/368","targetHints":{"allow":["GET"]}}],"collection":[{"href":"https:\/\/www.zeus-braun.sk\/index.php\/wp-json\/wp\/v2\/product"}],"about":[{"href":"https:\/\/www.zeus-braun.sk\/index.php\/wp-json\/wp\/v2\/types\/product"}],"replies":[{"embeddable":true,"href":"https:\/\/www.zeus-braun.sk\/index.php\/wp-json\/wp\/v2\/comments?post=368"}],"wp:featuredmedia":[{"embeddable":true,"href":"https:\/\/www.zeus-braun.sk\/index.php\/wp-json\/wp\/v2\/media\/11046"}],"wp:attachment":[{"href":"https:\/\/www.zeus-braun.sk\/index.php\/wp-json\/wp\/v2\/media?parent=368"}],"wp:term":[{"taxonomy":"product_brand","embeddable":true,"href":"https:\/\/www.zeus-braun.sk\/index.php\/wp-json\/wp\/v2\/product_brand?post=368"},{"taxonomy":"product_cat","embeddable":true,"href":"https:\/\/www.zeus-braun.sk\/index.php\/wp-json\/wp\/v2\/product_cat?post=368"},{"taxonomy":"product_tag","embeddable":true,"href":"https:\/\/www.zeus-braun.sk\/index.php\/wp-json\/wp\/v2\/product_tag?post=368"}],"curies":[{"name":"wp","href":"https:\/\/api.w.org\/{rel}","templated":true}]}}