{"id":354,"date":"2020-10-14T15:27:19","date_gmt":"2020-10-14T13:27:19","guid":{"rendered":"https:\/\/www.zeus-braun.sk\/?post_type=product&#038;p=354"},"modified":"2026-04-24T14:05:57","modified_gmt":"2026-04-24T12:05:57","slug":"snobinettes-kosicky-270-ks","status":"publish","type":"product","link":"https:\/\/www.zeus-braun.sk\/index.php\/produkt\/snobinettes-kosicky-270-ks\/","title":{"rendered":"Snobinettes 270ks"},"content":{"rendered":"<p>Poh\u00e1riky z tmavej \u010dokol\u00e1dy maj\u00fa ide\u00e1lnu ve\u013ekos\u0165 pre jednozlo\u017ekov\u00e9 dezerty. Napl\u0148te gan\u00e1\u017eou, kr\u00e9mom, penou alebo karamelom a posypte dekor\u00e1ciami, ovoc\u00edm, orechmi &#8230; mo\u017enosti s\u00fa nekone\u010dn\u00e9!<\/p>\n<div><\/div>\n<div>\n<div><b>Podmienky skladovania<\/b><\/div>\n<div>Produkt skladujte v \u010distom a suchom prostred\u00ed (relat\u00edvna vlhkos\u0165 vzduchu max. 70%) a bez z\u00e1pachu.<\/div>\n<div>Skladovacia teplota: 12 &#8211; 20\u00b0C<\/div>\n<\/div>\n","protected":false},"excerpt":{"rendered":"<p>\u010cokol\u00e1dov\u00e9 v\u00fdlisky, vhodn\u00e9 na plnenie sladk\u00fdmi aj slan\u00fdmi plnkami. Takmer ako ru\u010dne roben\u00e9!<\/p>\n<p>v\u00fd\u0161ka 26 mm<br \/>\n\u0161\u00edrka 23 mm<br \/>\nObjem 13 ml<\/p>\n<p><b><span style=\"font-family: Arial\">Balenie: 270 ks\u00a0<\/span><\/b><\/p>\n<p>&nbsp;<\/p>\n","protected":false},"featured_media":11636,"comment_status":"closed","ping_status":"closed","template":"","meta":[],"product_brand":[],"product_cat":[240,55,77],"product_tag":[134],"class_list":{"0":"post-354","1":"product","2":"type-product","3":"status-publish","4":"has-post-thumbnail","6":"product_cat-240","7":"product_cat-posypy-a-dekoracie","8":"product_cat-cokoladove-kosicky-a-trufle","9":"product_tag-mona-lisa","10":"has-post-title","11":"has-post-date","12":"has-post-category","13":"has-post-tag","14":"has-post-comment","15":"has-post-author","16":"","18":"first","19":"outofstock","20":"taxable","21":"shipping-taxable","22":"purchasable","23":"product-type-simple"},"jetpack_sharing_enabled":true,"builder_content":"","_links":{"self":[{"href":"https:\/\/www.zeus-braun.sk\/index.php\/wp-json\/wp\/v2\/product\/354","targetHints":{"allow":["GET"]}}],"collection":[{"href":"https:\/\/www.zeus-braun.sk\/index.php\/wp-json\/wp\/v2\/product"}],"about":[{"href":"https:\/\/www.zeus-braun.sk\/index.php\/wp-json\/wp\/v2\/types\/product"}],"replies":[{"embeddable":true,"href":"https:\/\/www.zeus-braun.sk\/index.php\/wp-json\/wp\/v2\/comments?post=354"}],"wp:featuredmedia":[{"embeddable":true,"href":"https:\/\/www.zeus-braun.sk\/index.php\/wp-json\/wp\/v2\/media\/11636"}],"wp:attachment":[{"href":"https:\/\/www.zeus-braun.sk\/index.php\/wp-json\/wp\/v2\/media?parent=354"}],"wp:term":[{"taxonomy":"product_brand","embeddable":true,"href":"https:\/\/www.zeus-braun.sk\/index.php\/wp-json\/wp\/v2\/product_brand?post=354"},{"taxonomy":"product_cat","embeddable":true,"href":"https:\/\/www.zeus-braun.sk\/index.php\/wp-json\/wp\/v2\/product_cat?post=354"},{"taxonomy":"product_tag","embeddable":true,"href":"https:\/\/www.zeus-braun.sk\/index.php\/wp-json\/wp\/v2\/product_tag?post=354"}],"curies":[{"name":"wp","href":"https:\/\/api.w.org\/{rel}","templated":true}]}}